{"id":32718,"date":"2016-06-29T10:36:14","date_gmt":"2016-06-29T08:36:14","guid":{"rendered":"https:\/\/europeanmannequins.com\/vare\/teenage-mannequin-emc-487-wg\/"},"modified":"2023-10-09T15:32:44","modified_gmt":"2023-10-09T13:32:44","slug":"teenage-mannequin-emc-487-wg","status":"publish","type":"product","link":"https:\/\/europeanmannequins.com\/en\/product\/teenage-mannequin-emc-487-wg\/","title":{"rendered":"PRODUKTET ER DESV\u00c6RRE UDG\u00c5ET"},"content":{"rendered":"<p>Teenage dreng i et flot skandinavisk design og i en rigtig god kvalitet.<\/p>\n<p>Mannequinen har vi liggende p\u00e5 lager, s\u00e5 bestil i dag og f\u00e5 den leveret indenfor f\u00e5 dage.<\/p>\n","protected":false},"excerpt":{"rendered":"<h4>Teenage mannequin<\/h4>\n<p>Stilistisk teenage mannequin i en flot hvid h\u00f8jglans farve. Mannequinen kan ogs\u00e5 f\u00e5s i mange andre farver. Vi kan tilbyde at omlakere mannequinen i mere end 700 forskellige farver og overflader.<\/p>\n<p>H\u00f8jde: 173 cm.<\/p>\n<p>Bryst: 83 cm.<\/p>\n<p>Talje: 69 cm.<\/p>\n<p>Hofte: 79 cm.<\/p>\n<p>Mannequinen leveres med en glas fodplade incl. spikes<\/p>\n","protected":false},"featured_media":31598,"comment_status":"closed","ping_status":"closed","template":"","meta":{"_acf_changed":false},"product_brand":[],"product_cat":[356,523,349,358,694],"product_tag":[],"class_list":{"0":"post-32718","1":"product","2":"type-product","3":"status-publish","4":"has-post-thumbnail","6":"product_cat-all-mannequins","7":"product_cat-boerne-mannequiner-en","8":"product_cat-male-mannequins","9":"product_cat-stylish","10":"product_cat-teenage-mannequiner-en","12":"first","13":"outofstock","14":"taxable","15":"shipping-taxable","16":"purchasable","17":"product-type-simple"},"acf":[],"yoast_head":"<!-- This site is optimized with the Yoast SEO plugin v27.3 - https:\/\/yoast.com\/product\/yoast-seo-wordpress\/ -->\n<title>Teenage mannequin - Udg\u00e5et, ikke p\u00e5 lager | European Mannequins<\/title>\n<meta name=\"description\" content=\"Teenage dreng i et flot skandinavisk design og i en rigtig god kvalitet. Denne mannequin er desv\u00e6rre ikke l\u00e6ngere p\u00e5 lager. Udg\u00e5et\" \/>\n<meta name=\"robots\" content=\"index, follow, max-snippet:-1, max-image-preview:large, max-video-preview:-1\" \/>\n<link rel=\"canonical\" href=\"https:\/\/europeanmannequins.com\/product\/teenage-mannequin-emc-487-wg\/\" \/>\n<meta property=\"og:locale\" content=\"en_US\" \/>\n<meta property=\"og:type\" content=\"article\" \/>\n<meta property=\"og:title\" content=\"Teenage mannequin - Udg\u00e5et, ikke p\u00e5 lager | European Mannequins\" \/>\n<meta property=\"og:description\" content=\"Teenage dreng i et flot skandinavisk design og i en rigtig god kvalitet. Denne mannequin er desv\u00e6rre ikke l\u00e6ngere p\u00e5 lager. Udg\u00e5et\" \/>\n<meta property=\"og:url\" content=\"https:\/\/europeanmannequins.com\/product\/teenage-mannequin-emc-487-wg\/\" \/>\n<meta property=\"og:site_name\" content=\"European Mannequins\" \/>\n<meta property=\"article:publisher\" content=\"https:\/\/www.facebook.com\/European-Mannequins-Shop-730455270312249\/?fref=ts\" \/>\n<meta property=\"article:modified_time\" content=\"2023-10-09T13:32:44+00:00\" \/>\n<meta property=\"og:image\" content=\"https:\/\/europeanmannequins.com\/wp-content\/uploads\/2023\/03\/teenage-mannequin.jpeg\" \/>\n\t<meta property=\"og:image:width\" content=\"552\" \/>\n\t<meta property=\"og:image:height\" content=\"1367\" \/>\n\t<meta property=\"og:image:type\" content=\"image\/jpeg\" \/>\n<meta name=\"twitter:card\" content=\"summary_large_image\" \/>\n<script type=\"application\/ld+json\" class=\"yoast-schema-graph\">{\"@context\":\"https:\\\/\\\/schema.org\",\"@graph\":[{\"@type\":\"WebPage\",\"@id\":\"https:\\\/\\\/europeanmannequins.com\\\/product\\\/teenage-mannequin-emc-487-wg\\\/\",\"url\":\"https:\\\/\\\/europeanmannequins.com\\\/product\\\/teenage-mannequin-emc-487-wg\\\/\",\"name\":\"Teenage mannequin - Udg\u00e5et, ikke p\u00e5 lager | European Mannequins\",\"isPartOf\":{\"@id\":\"https:\\\/\\\/europeanmannequins.com\\\/#website\"},\"primaryImageOfPage\":{\"@id\":\"https:\\\/\\\/europeanmannequins.com\\\/product\\\/teenage-mannequin-emc-487-wg\\\/#primaryimage\"},\"image\":{\"@id\":\"https:\\\/\\\/europeanmannequins.com\\\/product\\\/teenage-mannequin-emc-487-wg\\\/#primaryimage\"},\"thumbnailUrl\":\"https:\\\/\\\/europeanmannequins.com\\\/wp-content\\\/uploads\\\/2023\\\/03\\\/teenage-mannequin.jpeg\",\"datePublished\":\"2016-06-29T08:36:14+00:00\",\"dateModified\":\"2023-10-09T13:32:44+00:00\",\"description\":\"Teenage dreng i et flot skandinavisk design og i en rigtig god kvalitet. Denne mannequin er desv\u00e6rre ikke l\u00e6ngere p\u00e5 lager. Udg\u00e5et\",\"breadcrumb\":{\"@id\":\"https:\\\/\\\/europeanmannequins.com\\\/product\\\/teenage-mannequin-emc-487-wg\\\/#breadcrumb\"},\"inLanguage\":\"en-US\",\"potentialAction\":[{\"@type\":\"ReadAction\",\"target\":[\"https:\\\/\\\/europeanmannequins.com\\\/product\\\/teenage-mannequin-emc-487-wg\\\/\"]}]},{\"@type\":\"ImageObject\",\"inLanguage\":\"en-US\",\"@id\":\"https:\\\/\\\/europeanmannequins.com\\\/product\\\/teenage-mannequin-emc-487-wg\\\/#primaryimage\",\"url\":\"https:\\\/\\\/europeanmannequins.com\\\/wp-content\\\/uploads\\\/2023\\\/03\\\/teenage-mannequin.jpeg\",\"contentUrl\":\"https:\\\/\\\/europeanmannequins.com\\\/wp-content\\\/uploads\\\/2023\\\/03\\\/teenage-mannequin.jpeg\",\"width\":552,\"height\":1367},{\"@type\":\"BreadcrumbList\",\"@id\":\"https:\\\/\\\/europeanmannequins.com\\\/product\\\/teenage-mannequin-emc-487-wg\\\/#breadcrumb\",\"itemListElement\":[{\"@type\":\"ListItem\",\"position\":1,\"name\":\"Hjem\",\"item\":\"https:\\\/\\\/europeanmannequins.com\\\/en\\\/\"},{\"@type\":\"ListItem\",\"position\":2,\"name\":\"Butik\",\"item\":\"https:\\\/\\\/europeanmannequins.com\\\/butik\\\/\"},{\"@type\":\"ListItem\",\"position\":3,\"name\":\"PRODUKTET ER DESV\u00c6RRE UDG\u00c5ET\"}]},{\"@type\":\"WebSite\",\"@id\":\"https:\\\/\\\/europeanmannequins.com\\\/#website\",\"url\":\"https:\\\/\\\/europeanmannequins.com\\\/\",\"name\":\"European Mannequins\",\"description\":\"\",\"publisher\":{\"@id\":\"https:\\\/\\\/europeanmannequins.com\\\/#organization\"},\"potentialAction\":[{\"@type\":\"SearchAction\",\"target\":{\"@type\":\"EntryPoint\",\"urlTemplate\":\"https:\\\/\\\/europeanmannequins.com\\\/?s={search_term_string}\"},\"query-input\":{\"@type\":\"PropertyValueSpecification\",\"valueRequired\":true,\"valueName\":\"search_term_string\"}}],\"inLanguage\":\"en-US\"},{\"@type\":\"Organization\",\"@id\":\"https:\\\/\\\/europeanmannequins.com\\\/#organization\",\"name\":\"European Mannequins\",\"url\":\"https:\\\/\\\/europeanmannequins.com\\\/\",\"logo\":{\"@type\":\"ImageObject\",\"inLanguage\":\"en-US\",\"@id\":\"https:\\\/\\\/europeanmannequins.com\\\/#\\\/schema\\\/logo\\\/image\\\/\",\"url\":\"https:\\\/\\\/europeanmannequins.com\\\/wp-content\\\/uploads\\\/2016\\\/01\\\/uropeanmannequins_logo.png\",\"contentUrl\":\"https:\\\/\\\/europeanmannequins.com\\\/wp-content\\\/uploads\\\/2016\\\/01\\\/uropeanmannequins_logo.png\",\"width\":290,\"height\":103,\"caption\":\"European Mannequins\"},\"image\":{\"@id\":\"https:\\\/\\\/europeanmannequins.com\\\/#\\\/schema\\\/logo\\\/image\\\/\"},\"sameAs\":[\"https:\\\/\\\/www.facebook.com\\\/European-Mannequins-Shop-730455270312249\\\/?fref=ts\"]}]}<\/script>\n<!-- \/ Yoast SEO plugin. -->","yoast_head_json":{"title":"Teenage mannequin - Udg\u00e5et, ikke p\u00e5 lager | European Mannequins","description":"Teenage dreng i et flot skandinavisk design og i en rigtig god kvalitet. Denne mannequin er desv\u00e6rre ikke l\u00e6ngere p\u00e5 lager. Udg\u00e5et","robots":{"index":"index","follow":"follow","max-snippet":"max-snippet:-1","max-image-preview":"max-image-preview:large","max-video-preview":"max-video-preview:-1"},"canonical":"https:\/\/europeanmannequins.com\/product\/teenage-mannequin-emc-487-wg\/","og_locale":"en_US","og_type":"article","og_title":"Teenage mannequin - Udg\u00e5et, ikke p\u00e5 lager | European Mannequins","og_description":"Teenage dreng i et flot skandinavisk design og i en rigtig god kvalitet. Denne mannequin er desv\u00e6rre ikke l\u00e6ngere p\u00e5 lager. Udg\u00e5et","og_url":"https:\/\/europeanmannequins.com\/product\/teenage-mannequin-emc-487-wg\/","og_site_name":"European Mannequins","article_publisher":"https:\/\/www.facebook.com\/European-Mannequins-Shop-730455270312249\/?fref=ts","article_modified_time":"2023-10-09T13:32:44+00:00","og_image":[{"width":552,"height":1367,"url":"https:\/\/europeanmannequins.com\/wp-content\/uploads\/2023\/03\/teenage-mannequin.jpeg","type":"image\/jpeg"}],"twitter_card":"summary_large_image","schema":{"@context":"https:\/\/schema.org","@graph":[{"@type":"WebPage","@id":"https:\/\/europeanmannequins.com\/product\/teenage-mannequin-emc-487-wg\/","url":"https:\/\/europeanmannequins.com\/product\/teenage-mannequin-emc-487-wg\/","name":"Teenage mannequin - Udg\u00e5et, ikke p\u00e5 lager | European Mannequins","isPartOf":{"@id":"https:\/\/europeanmannequins.com\/#website"},"primaryImageOfPage":{"@id":"https:\/\/europeanmannequins.com\/product\/teenage-mannequin-emc-487-wg\/#primaryimage"},"image":{"@id":"https:\/\/europeanmannequins.com\/product\/teenage-mannequin-emc-487-wg\/#primaryimage"},"thumbnailUrl":"https:\/\/europeanmannequins.com\/wp-content\/uploads\/2023\/03\/teenage-mannequin.jpeg","datePublished":"2016-06-29T08:36:14+00:00","dateModified":"2023-10-09T13:32:44+00:00","description":"Teenage dreng i et flot skandinavisk design og i en rigtig god kvalitet. Denne mannequin er desv\u00e6rre ikke l\u00e6ngere p\u00e5 lager. Udg\u00e5et","breadcrumb":{"@id":"https:\/\/europeanmannequins.com\/product\/teenage-mannequin-emc-487-wg\/#breadcrumb"},"inLanguage":"en-US","potentialAction":[{"@type":"ReadAction","target":["https:\/\/europeanmannequins.com\/product\/teenage-mannequin-emc-487-wg\/"]}]},{"@type":"ImageObject","inLanguage":"en-US","@id":"https:\/\/europeanmannequins.com\/product\/teenage-mannequin-emc-487-wg\/#primaryimage","url":"https:\/\/europeanmannequins.com\/wp-content\/uploads\/2023\/03\/teenage-mannequin.jpeg","contentUrl":"https:\/\/europeanmannequins.com\/wp-content\/uploads\/2023\/03\/teenage-mannequin.jpeg","width":552,"height":1367},{"@type":"BreadcrumbList","@id":"https:\/\/europeanmannequins.com\/product\/teenage-mannequin-emc-487-wg\/#breadcrumb","itemListElement":[{"@type":"ListItem","position":1,"name":"Hjem","item":"https:\/\/europeanmannequins.com\/en\/"},{"@type":"ListItem","position":2,"name":"Butik","item":"https:\/\/europeanmannequins.com\/butik\/"},{"@type":"ListItem","position":3,"name":"PRODUKTET ER DESV\u00c6RRE UDG\u00c5ET"}]},{"@type":"WebSite","@id":"https:\/\/europeanmannequins.com\/#website","url":"https:\/\/europeanmannequins.com\/","name":"European Mannequins","description":"","publisher":{"@id":"https:\/\/europeanmannequins.com\/#organization"},"potentialAction":[{"@type":"SearchAction","target":{"@type":"EntryPoint","urlTemplate":"https:\/\/europeanmannequins.com\/?s={search_term_string}"},"query-input":{"@type":"PropertyValueSpecification","valueRequired":true,"valueName":"search_term_string"}}],"inLanguage":"en-US"},{"@type":"Organization","@id":"https:\/\/europeanmannequins.com\/#organization","name":"European Mannequins","url":"https:\/\/europeanmannequins.com\/","logo":{"@type":"ImageObject","inLanguage":"en-US","@id":"https:\/\/europeanmannequins.com\/#\/schema\/logo\/image\/","url":"https:\/\/europeanmannequins.com\/wp-content\/uploads\/2016\/01\/uropeanmannequins_logo.png","contentUrl":"https:\/\/europeanmannequins.com\/wp-content\/uploads\/2016\/01\/uropeanmannequins_logo.png","width":290,"height":103,"caption":"European Mannequins"},"image":{"@id":"https:\/\/europeanmannequins.com\/#\/schema\/logo\/image\/"},"sameAs":["https:\/\/www.facebook.com\/European-Mannequins-Shop-730455270312249\/?fref=ts"]}]}},"_links":{"self":[{"href":"https:\/\/europeanmannequins.com\/en\/wp-json\/wp\/v2\/product\/32718","targetHints":{"allow":["GET"]}}],"collection":[{"href":"https:\/\/europeanmannequins.com\/en\/wp-json\/wp\/v2\/product"}],"about":[{"href":"https:\/\/europeanmannequins.com\/en\/wp-json\/wp\/v2\/types\/product"}],"replies":[{"embeddable":true,"href":"https:\/\/europeanmannequins.com\/en\/wp-json\/wp\/v2\/comments?post=32718"}],"wp:featuredmedia":[{"embeddable":true,"href":"https:\/\/europeanmannequins.com\/en\/wp-json\/wp\/v2\/media\/31598"}],"wp:attachment":[{"href":"https:\/\/europeanmannequins.com\/en\/wp-json\/wp\/v2\/media?parent=32718"}],"wp:term":[{"taxonomy":"product_brand","embeddable":true,"href":"https:\/\/europeanmannequins.com\/en\/wp-json\/wp\/v2\/product_brand?post=32718"},{"taxonomy":"product_cat","embeddable":true,"href":"https:\/\/europeanmannequins.com\/en\/wp-json\/wp\/v2\/product_cat?post=32718"},{"taxonomy":"product_tag","embeddable":true,"href":"https:\/\/europeanmannequins.com\/en\/wp-json\/wp\/v2\/product_tag?post=32718"}],"curies":[{"name":"wp","href":"https:\/\/api.w.org\/{rel}","templated":true}]}}