{"id":33015,"date":"2016-09-06T14:40:32","date_gmt":"2016-09-06T12:40:32","guid":{"rendered":"https:\/\/europeanmannequins.com\/vare\/calvin-emc-1059-81a2\/"},"modified":"2024-12-19T09:16:41","modified_gmt":"2024-12-19T08:16:41","slug":"calvin-emc-1059-81a2","status":"publish","type":"product","link":"https:\/\/europeanmannequins.com\/de\/waren\/calvin-emc-1059-81a2\/","title":{"rendered":"M\u00e4nnliche Schaufensterpuppe \u2013 Natur \u2013 mit Make-up \u2013 naturalistischer Kopf \u2013 sitzend"},"content":{"rendered":"","protected":false},"excerpt":{"rendered":"<p>Naturalistische m\u00e4nnliche Schaufensterpuppe<\/p>\n<p>Die Herrenschaufensterpuppe \u201eCalvin\u201c ist in mehreren verschiedenen Positionen erh\u00e4ltlich. Die Schaufensterpuppe verf\u00fcgt \u00fcber einen abnehmbaren Kopf und kann daher auch kopflos verwendet werden. Dar\u00fcber hinaus besteht die M\u00f6glichkeit, zu dieser Schaufensterpuppe eine Per\u00fccke zu kaufen.<\/p>\n<p>H\u00f6he: 136 cm.<\/p>\n<p>Sitzh\u00f6he: 41 cm.<\/p>\n<p>Brustumfang: 98 cm.<\/p>\n<p>Taille: 79 cm.<\/p>\n","protected":false},"featured_media":31509,"comment_status":"closed","ping_status":"closed","template":"","meta":{"_acf_changed":false},"product_brand":[],"product_cat":[724,361,683,359],"product_tag":[],"class_list":{"0":"post-33015","1":"product","2":"type-product","3":"status-publish","4":"has-post-thumbnail","6":"product_cat-calvin-de","7":"product_cat-mannliche","8":"product_cat-naturalistischer-herr","9":"product_cat-schaufensterpuppe","11":"first","12":"outofstock","13":"taxable","14":"shipping-taxable","15":"purchasable","16":"product-type-simple"},"acf":[],"yoast_head":"<!-- This site is optimized with the Yoast SEO plugin v27.4 - https:\/\/yoast.com\/product\/yoast-seo-wordpress\/ -->\n<title>Naturalistische Herrenschaufensterpuppe - Calvin | EMC-1059-81A2<\/title>\n<meta name=\"description\" content=\"Herrenpuppe aus der Serie \u201eCalvin\u201c. Erh\u00e4ltlich in verschiedenen Positionen. Dies ist das Modell \u201eEMC-1059-81A2\u201c. Option zum Kauf einer Per\u00fccke.\" \/>\n<meta name=\"robots\" content=\"index, follow, max-snippet:-1, max-image-preview:large, max-video-preview:-1\" \/>\n<link rel=\"canonical\" href=\"https:\/\/europeanmannequins.com\/waren\/calvin-emc-1059-81a2\/\" \/>\n<meta property=\"og:locale\" content=\"de_DE\" \/>\n<meta property=\"og:type\" content=\"article\" \/>\n<meta property=\"og:title\" content=\"Naturalistische Herrenschaufensterpuppe - Calvin | EMC-1059-81A2\" \/>\n<meta property=\"og:description\" content=\"Herrenpuppe aus der Serie \u201eCalvin\u201c. Erh\u00e4ltlich in verschiedenen Positionen. Dies ist das Modell \u201eEMC-1059-81A2\u201c. Option zum Kauf einer Per\u00fccke.\" \/>\n<meta property=\"og:url\" content=\"https:\/\/europeanmannequins.com\/waren\/calvin-emc-1059-81a2\/\" \/>\n<meta property=\"og:site_name\" content=\"European Mannequins\" \/>\n<meta property=\"article:publisher\" content=\"https:\/\/www.facebook.com\/European-Mannequins-Shop-730455270312249\/?fref=ts\" \/>\n<meta property=\"article:modified_time\" content=\"2024-12-19T08:16:41+00:00\" \/>\n<meta property=\"og:image\" content=\"https:\/\/europeanmannequins.com\/wp-content\/uploads\/2023\/03\/Naturalistisk-herre-mannequin-siddende.jpeg\" \/>\n\t<meta property=\"og:image:width\" content=\"542\" \/>\n\t<meta property=\"og:image:height\" content=\"1346\" \/>\n\t<meta property=\"og:image:type\" content=\"image\/jpeg\" \/>\n<meta name=\"twitter:card\" content=\"summary_large_image\" \/>\n<script type=\"application\/ld+json\" class=\"yoast-schema-graph\">{\"@context\":\"https:\\\/\\\/schema.org\",\"@graph\":[{\"@type\":\"WebPage\",\"@id\":\"https:\\\/\\\/europeanmannequins.com\\\/waren\\\/calvin-emc-1059-81a2\\\/\",\"url\":\"https:\\\/\\\/europeanmannequins.com\\\/waren\\\/calvin-emc-1059-81a2\\\/\",\"name\":\"Naturalistische Herrenschaufensterpuppe - Calvin | EMC-1059-81A2\",\"isPartOf\":{\"@id\":\"https:\\\/\\\/europeanmannequins.com\\\/#website\"},\"primaryImageOfPage\":{\"@id\":\"https:\\\/\\\/europeanmannequins.com\\\/waren\\\/calvin-emc-1059-81a2\\\/#primaryimage\"},\"image\":{\"@id\":\"https:\\\/\\\/europeanmannequins.com\\\/waren\\\/calvin-emc-1059-81a2\\\/#primaryimage\"},\"thumbnailUrl\":\"https:\\\/\\\/europeanmannequins.com\\\/wp-content\\\/uploads\\\/2023\\\/03\\\/Naturalistisk-herre-mannequin-siddende.jpeg\",\"datePublished\":\"2016-09-06T12:40:32+00:00\",\"dateModified\":\"2024-12-19T08:16:41+00:00\",\"description\":\"Herrenpuppe aus der Serie \u201eCalvin\u201c. Erh\u00e4ltlich in verschiedenen Positionen. Dies ist das Modell \u201eEMC-1059-81A2\u201c. Option zum Kauf einer Per\u00fccke.\",\"breadcrumb\":{\"@id\":\"https:\\\/\\\/europeanmannequins.com\\\/waren\\\/calvin-emc-1059-81a2\\\/#breadcrumb\"},\"inLanguage\":\"de\",\"potentialAction\":[{\"@type\":\"ReadAction\",\"target\":[\"https:\\\/\\\/europeanmannequins.com\\\/waren\\\/calvin-emc-1059-81a2\\\/\"]}]},{\"@type\":\"ImageObject\",\"inLanguage\":\"de\",\"@id\":\"https:\\\/\\\/europeanmannequins.com\\\/waren\\\/calvin-emc-1059-81a2\\\/#primaryimage\",\"url\":\"https:\\\/\\\/europeanmannequins.com\\\/wp-content\\\/uploads\\\/2023\\\/03\\\/Naturalistisk-herre-mannequin-siddende.jpeg\",\"contentUrl\":\"https:\\\/\\\/europeanmannequins.com\\\/wp-content\\\/uploads\\\/2023\\\/03\\\/Naturalistisk-herre-mannequin-siddende.jpeg\",\"width\":542,\"height\":1346},{\"@type\":\"BreadcrumbList\",\"@id\":\"https:\\\/\\\/europeanmannequins.com\\\/waren\\\/calvin-emc-1059-81a2\\\/#breadcrumb\",\"itemListElement\":[{\"@type\":\"ListItem\",\"position\":1,\"name\":\"Hjem\",\"item\":\"https:\\\/\\\/europeanmannequins.com\\\/de\\\/\"},{\"@type\":\"ListItem\",\"position\":2,\"name\":\"Butik\",\"item\":\"https:\\\/\\\/europeanmannequins.com\\\/butik\\\/\"},{\"@type\":\"ListItem\",\"position\":3,\"name\":\"M\u00e4nnliche Schaufensterpuppe \u2013 Natur \u2013 mit Make-up \u2013 naturalistischer Kopf \u2013 sitzend\"}]},{\"@type\":\"WebSite\",\"@id\":\"https:\\\/\\\/europeanmannequins.com\\\/#website\",\"url\":\"https:\\\/\\\/europeanmannequins.com\\\/\",\"name\":\"European Mannequins\",\"description\":\"\",\"publisher\":{\"@id\":\"https:\\\/\\\/europeanmannequins.com\\\/#organization\"},\"potentialAction\":[{\"@type\":\"SearchAction\",\"target\":{\"@type\":\"EntryPoint\",\"urlTemplate\":\"https:\\\/\\\/europeanmannequins.com\\\/?s={search_term_string}\"},\"query-input\":{\"@type\":\"PropertyValueSpecification\",\"valueRequired\":true,\"valueName\":\"search_term_string\"}}],\"inLanguage\":\"de\"},{\"@type\":\"Organization\",\"@id\":\"https:\\\/\\\/europeanmannequins.com\\\/#organization\",\"name\":\"European Mannequins\",\"url\":\"https:\\\/\\\/europeanmannequins.com\\\/\",\"logo\":{\"@type\":\"ImageObject\",\"inLanguage\":\"de\",\"@id\":\"https:\\\/\\\/europeanmannequins.com\\\/#\\\/schema\\\/logo\\\/image\\\/\",\"url\":\"https:\\\/\\\/europeanmannequins.com\\\/wp-content\\\/uploads\\\/2016\\\/01\\\/uropeanmannequins_logo.png\",\"contentUrl\":\"https:\\\/\\\/europeanmannequins.com\\\/wp-content\\\/uploads\\\/2016\\\/01\\\/uropeanmannequins_logo.png\",\"width\":290,\"height\":103,\"caption\":\"European Mannequins\"},\"image\":{\"@id\":\"https:\\\/\\\/europeanmannequins.com\\\/#\\\/schema\\\/logo\\\/image\\\/\"},\"sameAs\":[\"https:\\\/\\\/www.facebook.com\\\/European-Mannequins-Shop-730455270312249\\\/?fref=ts\"]}]}<\/script>\n<!-- \/ Yoast SEO plugin. -->","yoast_head_json":{"title":"Naturalistische Herrenschaufensterpuppe - Calvin | EMC-1059-81A2","description":"Herrenpuppe aus der Serie \u201eCalvin\u201c. Erh\u00e4ltlich in verschiedenen Positionen. Dies ist das Modell \u201eEMC-1059-81A2\u201c. Option zum Kauf einer Per\u00fccke.","robots":{"index":"index","follow":"follow","max-snippet":"max-snippet:-1","max-image-preview":"max-image-preview:large","max-video-preview":"max-video-preview:-1"},"canonical":"https:\/\/europeanmannequins.com\/waren\/calvin-emc-1059-81a2\/","og_locale":"de_DE","og_type":"article","og_title":"Naturalistische Herrenschaufensterpuppe - Calvin | EMC-1059-81A2","og_description":"Herrenpuppe aus der Serie \u201eCalvin\u201c. Erh\u00e4ltlich in verschiedenen Positionen. Dies ist das Modell \u201eEMC-1059-81A2\u201c. Option zum Kauf einer Per\u00fccke.","og_url":"https:\/\/europeanmannequins.com\/waren\/calvin-emc-1059-81a2\/","og_site_name":"European Mannequins","article_publisher":"https:\/\/www.facebook.com\/European-Mannequins-Shop-730455270312249\/?fref=ts","article_modified_time":"2024-12-19T08:16:41+00:00","og_image":[{"width":542,"height":1346,"url":"https:\/\/europeanmannequins.com\/wp-content\/uploads\/2023\/03\/Naturalistisk-herre-mannequin-siddende.jpeg","type":"image\/jpeg"}],"twitter_card":"summary_large_image","schema":{"@context":"https:\/\/schema.org","@graph":[{"@type":"WebPage","@id":"https:\/\/europeanmannequins.com\/waren\/calvin-emc-1059-81a2\/","url":"https:\/\/europeanmannequins.com\/waren\/calvin-emc-1059-81a2\/","name":"Naturalistische Herrenschaufensterpuppe - Calvin | EMC-1059-81A2","isPartOf":{"@id":"https:\/\/europeanmannequins.com\/#website"},"primaryImageOfPage":{"@id":"https:\/\/europeanmannequins.com\/waren\/calvin-emc-1059-81a2\/#primaryimage"},"image":{"@id":"https:\/\/europeanmannequins.com\/waren\/calvin-emc-1059-81a2\/#primaryimage"},"thumbnailUrl":"https:\/\/europeanmannequins.com\/wp-content\/uploads\/2023\/03\/Naturalistisk-herre-mannequin-siddende.jpeg","datePublished":"2016-09-06T12:40:32+00:00","dateModified":"2024-12-19T08:16:41+00:00","description":"Herrenpuppe aus der Serie \u201eCalvin\u201c. Erh\u00e4ltlich in verschiedenen Positionen. Dies ist das Modell \u201eEMC-1059-81A2\u201c. Option zum Kauf einer Per\u00fccke.","breadcrumb":{"@id":"https:\/\/europeanmannequins.com\/waren\/calvin-emc-1059-81a2\/#breadcrumb"},"inLanguage":"de","potentialAction":[{"@type":"ReadAction","target":["https:\/\/europeanmannequins.com\/waren\/calvin-emc-1059-81a2\/"]}]},{"@type":"ImageObject","inLanguage":"de","@id":"https:\/\/europeanmannequins.com\/waren\/calvin-emc-1059-81a2\/#primaryimage","url":"https:\/\/europeanmannequins.com\/wp-content\/uploads\/2023\/03\/Naturalistisk-herre-mannequin-siddende.jpeg","contentUrl":"https:\/\/europeanmannequins.com\/wp-content\/uploads\/2023\/03\/Naturalistisk-herre-mannequin-siddende.jpeg","width":542,"height":1346},{"@type":"BreadcrumbList","@id":"https:\/\/europeanmannequins.com\/waren\/calvin-emc-1059-81a2\/#breadcrumb","itemListElement":[{"@type":"ListItem","position":1,"name":"Hjem","item":"https:\/\/europeanmannequins.com\/de\/"},{"@type":"ListItem","position":2,"name":"Butik","item":"https:\/\/europeanmannequins.com\/butik\/"},{"@type":"ListItem","position":3,"name":"M\u00e4nnliche Schaufensterpuppe \u2013 Natur \u2013 mit Make-up \u2013 naturalistischer Kopf \u2013 sitzend"}]},{"@type":"WebSite","@id":"https:\/\/europeanmannequins.com\/#website","url":"https:\/\/europeanmannequins.com\/","name":"European Mannequins","description":"","publisher":{"@id":"https:\/\/europeanmannequins.com\/#organization"},"potentialAction":[{"@type":"SearchAction","target":{"@type":"EntryPoint","urlTemplate":"https:\/\/europeanmannequins.com\/?s={search_term_string}"},"query-input":{"@type":"PropertyValueSpecification","valueRequired":true,"valueName":"search_term_string"}}],"inLanguage":"de"},{"@type":"Organization","@id":"https:\/\/europeanmannequins.com\/#organization","name":"European Mannequins","url":"https:\/\/europeanmannequins.com\/","logo":{"@type":"ImageObject","inLanguage":"de","@id":"https:\/\/europeanmannequins.com\/#\/schema\/logo\/image\/","url":"https:\/\/europeanmannequins.com\/wp-content\/uploads\/2016\/01\/uropeanmannequins_logo.png","contentUrl":"https:\/\/europeanmannequins.com\/wp-content\/uploads\/2016\/01\/uropeanmannequins_logo.png","width":290,"height":103,"caption":"European Mannequins"},"image":{"@id":"https:\/\/europeanmannequins.com\/#\/schema\/logo\/image\/"},"sameAs":["https:\/\/www.facebook.com\/European-Mannequins-Shop-730455270312249\/?fref=ts"]}]}},"_links":{"self":[{"href":"https:\/\/europeanmannequins.com\/de\/wp-json\/wp\/v2\/product\/33015","targetHints":{"allow":["GET"]}}],"collection":[{"href":"https:\/\/europeanmannequins.com\/de\/wp-json\/wp\/v2\/product"}],"about":[{"href":"https:\/\/europeanmannequins.com\/de\/wp-json\/wp\/v2\/types\/product"}],"replies":[{"embeddable":true,"href":"https:\/\/europeanmannequins.com\/de\/wp-json\/wp\/v2\/comments?post=33015"}],"wp:featuredmedia":[{"embeddable":true,"href":"https:\/\/europeanmannequins.com\/de\/wp-json\/wp\/v2\/media\/31509"}],"wp:attachment":[{"href":"https:\/\/europeanmannequins.com\/de\/wp-json\/wp\/v2\/media?parent=33015"}],"wp:term":[{"taxonomy":"product_brand","embeddable":true,"href":"https:\/\/europeanmannequins.com\/de\/wp-json\/wp\/v2\/product_brand?post=33015"},{"taxonomy":"product_cat","embeddable":true,"href":"https:\/\/europeanmannequins.com\/de\/wp-json\/wp\/v2\/product_cat?post=33015"},{"taxonomy":"product_tag","embeddable":true,"href":"https:\/\/europeanmannequins.com\/de\/wp-json\/wp\/v2\/product_tag?post=33015"}],"curies":[{"name":"wp","href":"https:\/\/api.w.org\/{rel}","templated":true}]}}