{"id":33012,"date":"2016-09-06T13:59:35","date_gmt":"2016-09-06T11:59:35","guid":{"rendered":"https:\/\/europeanmannequins.com\/vare\/calvin-emc-1053-81a2\/"},"modified":"2023-11-06T15:52:41","modified_gmt":"2023-11-06T14:52:41","slug":"calvin-emc-1053-81a2","status":"publish","type":"product","link":"https:\/\/europeanmannequins.com\/de\/waren\/calvin-emc-1053-81a2\/","title":{"rendered":"Herrenschaufensterpuppe &#8211; naturbelassen &#8211; mit Make-up &#8211; naturalistischer Kopf"},"content":{"rendered":"","protected":false},"excerpt":{"rendered":"<p><strong>Naturalistische m\u00e4nnliche Schaufensterpuppe<\/strong><\/p>\n<p>Die Herrenschaufensterpuppe \u201eCalvin\u201c ist in mehreren verschiedenen Positionen erh\u00e4ltlich. Die Schaufensterpuppe verf\u00fcgt \u00fcber einen abnehmbaren Kopf und kann daher auch kopflos verwendet werden. Dar\u00fcber hinaus besteht die M\u00f6glichkeit, zu dieser Schaufensterpuppe eine Per\u00fccke zu kaufen.<\/p>\n<p>H\u00f6he: 192 cm.<\/p>\n<p>Brustumfang: 98 cm.<\/p>\n<p>Taille: 79 cm.<\/p>\n<p>H\u00fcfte: 89 cm.<\/p>\n<p>Die Schaufensterpuppe wird mit einer runden Fu\u00dfplatte aus Glas inkl. Fu\u00df- und Beinspitze.<\/p>\n","protected":false},"featured_media":31503,"comment_status":"closed","ping_status":"closed","template":"","meta":{"_acf_changed":false},"product_brand":[],"product_cat":[724,361,683,359],"product_tag":[],"class_list":{"0":"post-33012","1":"product","2":"type-product","3":"status-publish","4":"has-post-thumbnail","6":"product_cat-calvin-de","7":"product_cat-mannliche","8":"product_cat-naturalistischer-herr","9":"product_cat-schaufensterpuppe","11":"first","12":"instock","13":"taxable","14":"shipping-taxable","15":"purchasable","16":"product-type-simple"},"acf":[],"yoast_head":"<!-- This site is optimized with the Yoast SEO plugin v27.4 - https:\/\/yoast.com\/product\/yoast-seo-wordpress\/ -->\n<title>Naturalistische Herrenschaufensterpuppe - Calvin | EMC-1053-81A2<\/title>\n<meta name=\"description\" content=\"Herrenpuppe aus der Serie \u201eCalvin\u201c. Erh\u00e4ltlich in verschiedenen Positionen. Dies ist das Modell \u201eEMC-1053-81A2\u201c. Option zum Kauf einer Per\u00fccke.\" \/>\n<meta name=\"robots\" content=\"index, follow, max-snippet:-1, max-image-preview:large, max-video-preview:-1\" \/>\n<link rel=\"canonical\" href=\"https:\/\/europeanmannequins.com\/de\/waren\/calvin-emc-1053-81a2\/\" \/>\n<meta property=\"og:locale\" content=\"de_DE\" \/>\n<meta property=\"og:type\" content=\"article\" \/>\n<meta property=\"og:title\" content=\"Naturalistische Herrenschaufensterpuppe - Calvin | EMC-1053-81A2\" \/>\n<meta property=\"og:description\" content=\"Herrenpuppe aus der Serie \u201eCalvin\u201c. Erh\u00e4ltlich in verschiedenen Positionen. Dies ist das Modell \u201eEMC-1053-81A2\u201c. Option zum Kauf einer Per\u00fccke.\" \/>\n<meta property=\"og:url\" content=\"https:\/\/europeanmannequins.com\/de\/waren\/calvin-emc-1053-81a2\/\" \/>\n<meta property=\"og:site_name\" content=\"European Mannequins\" \/>\n<meta property=\"article:publisher\" content=\"https:\/\/www.facebook.com\/European-Mannequins-Shop-730455270312249\/?fref=ts\" \/>\n<meta property=\"article:modified_time\" content=\"2023-11-06T14:52:41+00:00\" \/>\n<meta property=\"og:image\" content=\"https:\/\/europeanmannequins.com\/wp-content\/uploads\/2023\/03\/HERRE-MANNEQUIN-\u2013-NATUR-\u2013-MED-MAKE-UP-\u2013-NATURALISTISK-HOVED.jpeg\" \/>\n\t<meta property=\"og:image:width\" content=\"547\" \/>\n\t<meta property=\"og:image:height\" content=\"1361\" \/>\n\t<meta property=\"og:image:type\" content=\"image\/jpeg\" \/>\n<meta name=\"twitter:card\" content=\"summary_large_image\" \/>\n<script type=\"application\/ld+json\" class=\"yoast-schema-graph\">{\"@context\":\"https:\\\/\\\/schema.org\",\"@graph\":[{\"@type\":\"WebPage\",\"@id\":\"https:\\\/\\\/europeanmannequins.com\\\/de\\\/waren\\\/calvin-emc-1053-81a2\\\/\",\"url\":\"https:\\\/\\\/europeanmannequins.com\\\/de\\\/waren\\\/calvin-emc-1053-81a2\\\/\",\"name\":\"Naturalistische Herrenschaufensterpuppe - Calvin | EMC-1053-81A2\",\"isPartOf\":{\"@id\":\"https:\\\/\\\/europeanmannequins.com\\\/#website\"},\"primaryImageOfPage\":{\"@id\":\"https:\\\/\\\/europeanmannequins.com\\\/de\\\/waren\\\/calvin-emc-1053-81a2\\\/#primaryimage\"},\"image\":{\"@id\":\"https:\\\/\\\/europeanmannequins.com\\\/de\\\/waren\\\/calvin-emc-1053-81a2\\\/#primaryimage\"},\"thumbnailUrl\":\"https:\\\/\\\/europeanmannequins.com\\\/wp-content\\\/uploads\\\/2023\\\/03\\\/HERRE-MANNEQUIN-\u2013-NATUR-\u2013-MED-MAKE-UP-\u2013-NATURALISTISK-HOVED.jpeg\",\"datePublished\":\"2016-09-06T11:59:35+00:00\",\"dateModified\":\"2023-11-06T14:52:41+00:00\",\"description\":\"Herrenpuppe aus der Serie \u201eCalvin\u201c. Erh\u00e4ltlich in verschiedenen Positionen. Dies ist das Modell \u201eEMC-1053-81A2\u201c. Option zum Kauf einer Per\u00fccke.\",\"breadcrumb\":{\"@id\":\"https:\\\/\\\/europeanmannequins.com\\\/de\\\/waren\\\/calvin-emc-1053-81a2\\\/#breadcrumb\"},\"inLanguage\":\"de\",\"potentialAction\":[{\"@type\":\"ReadAction\",\"target\":[\"https:\\\/\\\/europeanmannequins.com\\\/de\\\/waren\\\/calvin-emc-1053-81a2\\\/\"]}]},{\"@type\":\"ImageObject\",\"inLanguage\":\"de\",\"@id\":\"https:\\\/\\\/europeanmannequins.com\\\/de\\\/waren\\\/calvin-emc-1053-81a2\\\/#primaryimage\",\"url\":\"https:\\\/\\\/europeanmannequins.com\\\/wp-content\\\/uploads\\\/2023\\\/03\\\/HERRE-MANNEQUIN-\u2013-NATUR-\u2013-MED-MAKE-UP-\u2013-NATURALISTISK-HOVED.jpeg\",\"contentUrl\":\"https:\\\/\\\/europeanmannequins.com\\\/wp-content\\\/uploads\\\/2023\\\/03\\\/HERRE-MANNEQUIN-\u2013-NATUR-\u2013-MED-MAKE-UP-\u2013-NATURALISTISK-HOVED.jpeg\",\"width\":547,\"height\":1361},{\"@type\":\"BreadcrumbList\",\"@id\":\"https:\\\/\\\/europeanmannequins.com\\\/de\\\/waren\\\/calvin-emc-1053-81a2\\\/#breadcrumb\",\"itemListElement\":[{\"@type\":\"ListItem\",\"position\":1,\"name\":\"Hjem\",\"item\":\"https:\\\/\\\/europeanmannequins.com\\\/de\\\/\"},{\"@type\":\"ListItem\",\"position\":2,\"name\":\"Butik\",\"item\":\"https:\\\/\\\/europeanmannequins.com\\\/butik\\\/\"},{\"@type\":\"ListItem\",\"position\":3,\"name\":\"Herrenschaufensterpuppe &#8211; naturbelassen &#8211; mit Make-up &#8211; naturalistischer Kopf\"}]},{\"@type\":\"WebSite\",\"@id\":\"https:\\\/\\\/europeanmannequins.com\\\/#website\",\"url\":\"https:\\\/\\\/europeanmannequins.com\\\/\",\"name\":\"European Mannequins\",\"description\":\"\",\"publisher\":{\"@id\":\"https:\\\/\\\/europeanmannequins.com\\\/#organization\"},\"potentialAction\":[{\"@type\":\"SearchAction\",\"target\":{\"@type\":\"EntryPoint\",\"urlTemplate\":\"https:\\\/\\\/europeanmannequins.com\\\/?s={search_term_string}\"},\"query-input\":{\"@type\":\"PropertyValueSpecification\",\"valueRequired\":true,\"valueName\":\"search_term_string\"}}],\"inLanguage\":\"de\"},{\"@type\":\"Organization\",\"@id\":\"https:\\\/\\\/europeanmannequins.com\\\/#organization\",\"name\":\"European Mannequins\",\"url\":\"https:\\\/\\\/europeanmannequins.com\\\/\",\"logo\":{\"@type\":\"ImageObject\",\"inLanguage\":\"de\",\"@id\":\"https:\\\/\\\/europeanmannequins.com\\\/#\\\/schema\\\/logo\\\/image\\\/\",\"url\":\"https:\\\/\\\/europeanmannequins.com\\\/wp-content\\\/uploads\\\/2016\\\/01\\\/uropeanmannequins_logo.png\",\"contentUrl\":\"https:\\\/\\\/europeanmannequins.com\\\/wp-content\\\/uploads\\\/2016\\\/01\\\/uropeanmannequins_logo.png\",\"width\":290,\"height\":103,\"caption\":\"European Mannequins\"},\"image\":{\"@id\":\"https:\\\/\\\/europeanmannequins.com\\\/#\\\/schema\\\/logo\\\/image\\\/\"},\"sameAs\":[\"https:\\\/\\\/www.facebook.com\\\/European-Mannequins-Shop-730455270312249\\\/?fref=ts\"]}]}<\/script>\n<!-- \/ Yoast SEO plugin. -->","yoast_head_json":{"title":"Naturalistische Herrenschaufensterpuppe - Calvin | EMC-1053-81A2","description":"Herrenpuppe aus der Serie \u201eCalvin\u201c. Erh\u00e4ltlich in verschiedenen Positionen. Dies ist das Modell \u201eEMC-1053-81A2\u201c. Option zum Kauf einer Per\u00fccke.","robots":{"index":"index","follow":"follow","max-snippet":"max-snippet:-1","max-image-preview":"max-image-preview:large","max-video-preview":"max-video-preview:-1"},"canonical":"https:\/\/europeanmannequins.com\/de\/waren\/calvin-emc-1053-81a2\/","og_locale":"de_DE","og_type":"article","og_title":"Naturalistische Herrenschaufensterpuppe - Calvin | EMC-1053-81A2","og_description":"Herrenpuppe aus der Serie \u201eCalvin\u201c. Erh\u00e4ltlich in verschiedenen Positionen. Dies ist das Modell \u201eEMC-1053-81A2\u201c. Option zum Kauf einer Per\u00fccke.","og_url":"https:\/\/europeanmannequins.com\/de\/waren\/calvin-emc-1053-81a2\/","og_site_name":"European Mannequins","article_publisher":"https:\/\/www.facebook.com\/European-Mannequins-Shop-730455270312249\/?fref=ts","article_modified_time":"2023-11-06T14:52:41+00:00","og_image":[{"width":547,"height":1361,"url":"https:\/\/europeanmannequins.com\/wp-content\/uploads\/2023\/03\/HERRE-MANNEQUIN-\u2013-NATUR-\u2013-MED-MAKE-UP-\u2013-NATURALISTISK-HOVED.jpeg","type":"image\/jpeg"}],"twitter_card":"summary_large_image","schema":{"@context":"https:\/\/schema.org","@graph":[{"@type":"WebPage","@id":"https:\/\/europeanmannequins.com\/de\/waren\/calvin-emc-1053-81a2\/","url":"https:\/\/europeanmannequins.com\/de\/waren\/calvin-emc-1053-81a2\/","name":"Naturalistische Herrenschaufensterpuppe - Calvin | EMC-1053-81A2","isPartOf":{"@id":"https:\/\/europeanmannequins.com\/#website"},"primaryImageOfPage":{"@id":"https:\/\/europeanmannequins.com\/de\/waren\/calvin-emc-1053-81a2\/#primaryimage"},"image":{"@id":"https:\/\/europeanmannequins.com\/de\/waren\/calvin-emc-1053-81a2\/#primaryimage"},"thumbnailUrl":"https:\/\/europeanmannequins.com\/wp-content\/uploads\/2023\/03\/HERRE-MANNEQUIN-\u2013-NATUR-\u2013-MED-MAKE-UP-\u2013-NATURALISTISK-HOVED.jpeg","datePublished":"2016-09-06T11:59:35+00:00","dateModified":"2023-11-06T14:52:41+00:00","description":"Herrenpuppe aus der Serie \u201eCalvin\u201c. Erh\u00e4ltlich in verschiedenen Positionen. Dies ist das Modell \u201eEMC-1053-81A2\u201c. Option zum Kauf einer Per\u00fccke.","breadcrumb":{"@id":"https:\/\/europeanmannequins.com\/de\/waren\/calvin-emc-1053-81a2\/#breadcrumb"},"inLanguage":"de","potentialAction":[{"@type":"ReadAction","target":["https:\/\/europeanmannequins.com\/de\/waren\/calvin-emc-1053-81a2\/"]}]},{"@type":"ImageObject","inLanguage":"de","@id":"https:\/\/europeanmannequins.com\/de\/waren\/calvin-emc-1053-81a2\/#primaryimage","url":"https:\/\/europeanmannequins.com\/wp-content\/uploads\/2023\/03\/HERRE-MANNEQUIN-\u2013-NATUR-\u2013-MED-MAKE-UP-\u2013-NATURALISTISK-HOVED.jpeg","contentUrl":"https:\/\/europeanmannequins.com\/wp-content\/uploads\/2023\/03\/HERRE-MANNEQUIN-\u2013-NATUR-\u2013-MED-MAKE-UP-\u2013-NATURALISTISK-HOVED.jpeg","width":547,"height":1361},{"@type":"BreadcrumbList","@id":"https:\/\/europeanmannequins.com\/de\/waren\/calvin-emc-1053-81a2\/#breadcrumb","itemListElement":[{"@type":"ListItem","position":1,"name":"Hjem","item":"https:\/\/europeanmannequins.com\/de\/"},{"@type":"ListItem","position":2,"name":"Butik","item":"https:\/\/europeanmannequins.com\/butik\/"},{"@type":"ListItem","position":3,"name":"Herrenschaufensterpuppe &#8211; naturbelassen &#8211; mit Make-up &#8211; naturalistischer Kopf"}]},{"@type":"WebSite","@id":"https:\/\/europeanmannequins.com\/#website","url":"https:\/\/europeanmannequins.com\/","name":"European Mannequins","description":"","publisher":{"@id":"https:\/\/europeanmannequins.com\/#organization"},"potentialAction":[{"@type":"SearchAction","target":{"@type":"EntryPoint","urlTemplate":"https:\/\/europeanmannequins.com\/?s={search_term_string}"},"query-input":{"@type":"PropertyValueSpecification","valueRequired":true,"valueName":"search_term_string"}}],"inLanguage":"de"},{"@type":"Organization","@id":"https:\/\/europeanmannequins.com\/#organization","name":"European Mannequins","url":"https:\/\/europeanmannequins.com\/","logo":{"@type":"ImageObject","inLanguage":"de","@id":"https:\/\/europeanmannequins.com\/#\/schema\/logo\/image\/","url":"https:\/\/europeanmannequins.com\/wp-content\/uploads\/2016\/01\/uropeanmannequins_logo.png","contentUrl":"https:\/\/europeanmannequins.com\/wp-content\/uploads\/2016\/01\/uropeanmannequins_logo.png","width":290,"height":103,"caption":"European Mannequins"},"image":{"@id":"https:\/\/europeanmannequins.com\/#\/schema\/logo\/image\/"},"sameAs":["https:\/\/www.facebook.com\/European-Mannequins-Shop-730455270312249\/?fref=ts"]}]}},"_links":{"self":[{"href":"https:\/\/europeanmannequins.com\/de\/wp-json\/wp\/v2\/product\/33012","targetHints":{"allow":["GET"]}}],"collection":[{"href":"https:\/\/europeanmannequins.com\/de\/wp-json\/wp\/v2\/product"}],"about":[{"href":"https:\/\/europeanmannequins.com\/de\/wp-json\/wp\/v2\/types\/product"}],"replies":[{"embeddable":true,"href":"https:\/\/europeanmannequins.com\/de\/wp-json\/wp\/v2\/comments?post=33012"}],"wp:featuredmedia":[{"embeddable":true,"href":"https:\/\/europeanmannequins.com\/de\/wp-json\/wp\/v2\/media\/31503"}],"wp:attachment":[{"href":"https:\/\/europeanmannequins.com\/de\/wp-json\/wp\/v2\/media?parent=33012"}],"wp:term":[{"taxonomy":"product_brand","embeddable":true,"href":"https:\/\/europeanmannequins.com\/de\/wp-json\/wp\/v2\/product_brand?post=33012"},{"taxonomy":"product_cat","embeddable":true,"href":"https:\/\/europeanmannequins.com\/de\/wp-json\/wp\/v2\/product_cat?post=33012"},{"taxonomy":"product_tag","embeddable":true,"href":"https:\/\/europeanmannequins.com\/de\/wp-json\/wp\/v2\/product_tag?post=33012"}],"curies":[{"name":"wp","href":"https:\/\/api.w.org\/{rel}","templated":true}]}}