{"id":33001,"date":"2016-06-06T14:23:14","date_gmt":"2016-06-06T12:23:14","guid":{"rendered":"https:\/\/europeanmannequins.com\/vare\/mannequin-ralf-emc-1057\/"},"modified":"2023-11-06T15:23:53","modified_gmt":"2023-11-06T14:23:53","slug":"schaufensterpuppe-ralf-emc-1057","status":"publish","type":"product","link":"https:\/\/europeanmannequins.com\/de\/waren\/schaufensterpuppe-ralf-emc-1057\/","title":{"rendered":"M\u00e4nnliche Schaufensterpuppe &#8211; kopflos &#8211; Kopf k\u00e4uflich zu erwerben &#8211; hohe Qualit\u00e4t &#8211; gerade"},"content":{"rendered":"<p>Kopflose m\u00e4nnliche Schaufensterpuppe, an der ein Kopf befestigt werden kann. Wir haben eine gro\u00dfe Auswahl an K\u00f6pfen in vielen Stilrichtungen entwickelt, die f\u00fcr diese Schaufensterpuppe erworben werden k\u00f6nnen.<\/p>\n<p>Wenn Sie die Schaufensterpuppe in einer anderen Farbe w\u00fcnschen, k\u00f6nnen wir sie neu lackieren. Wir haben mehr als 700 Farben zur Auswahl.<\/p>\n<p>Wir haben sowohl Schaufensterpuppen als auch K\u00f6pfe auf Lager und k\u00f6nnen innerhalb weniger Tage geliefert werden.<\/p>\n","protected":false},"excerpt":{"rendered":"<p><strong>Kopflose m\u00e4nnliche Schaufensterpuppe<\/strong><\/p>\n<p>Die m\u00e4nnliche Schaufensterpuppe \u201eRalf\u201c ist in verschiedenen Positionen erh\u00e4ltlich und standardm\u00e4\u00dfig in der Farbe gebrochenes Wei\u00df\/Elfenbein. Die Schaufensterpuppe verf\u00fcgt \u00fcber unser cleveres Neck-Lock-System, das es erm\u00f6glicht, K\u00f6pfe zum Aufsetzen zu kaufen. Die Schaufensterpuppe ist auch in anderen Farben erh\u00e4ltlich.<\/p>\n<p>H\u00f6he: 171 cm.<\/p>\n<p>Brustumfang: 100 cm.<\/p>\n<p>Taille: 80 cm.<\/p>\n<p>H\u00fcfte: 90 cm.<\/p>\n<p>Die Schaufensterpuppe wird mit einer runden Fu\u00dfplatte aus Glas inkl. Fu\u00df- und Beinspitze.<\/p>\n","protected":false},"featured_media":31472,"comment_status":"open","ping_status":"closed","template":"","meta":{"_acf_changed":false},"product_brand":[],"product_cat":[717,361,718,359],"product_tag":[],"class_list":{"0":"post-33001","1":"product","2":"type-product","3":"status-publish","4":"has-post-thumbnail","6":"product_cat-hovedloes-herre-de","7":"product_cat-mannliche","8":"product_cat-ralf-de","9":"product_cat-schaufensterpuppe","11":"first","12":"instock","13":"taxable","14":"shipping-taxable","15":"purchasable","16":"product-type-simple"},"acf":[],"yoast_head":"<!-- This site is optimized with the Yoast SEO plugin v27.3 - https:\/\/yoast.com\/product\/yoast-seo-wordpress\/ -->\n<title>Schaufensterpuppe ohne Schaufensterpuppenkopf | Europ\u00e4ische Schaufensterpuppen<\/title>\n<meta name=\"description\" content=\"Die m\u00e4nnliche Schaufensterpuppe \u201eRalf\u201c ist in verschiedenen Positionen erh\u00e4ltlich und standardm\u00e4\u00dfig in der Farbe gebrochenes Wei\u00df\/Elfenbein. Lieferung ohne Mannequinkopf. H\u00f6he: 171 cm.\" \/>\n<meta name=\"robots\" content=\"index, follow, max-snippet:-1, max-image-preview:large, max-video-preview:-1\" \/>\n<link rel=\"canonical\" href=\"https:\/\/europeanmannequins.com\/waren\/mannequin-ralf-emc-1057\/\" \/>\n<meta property=\"og:locale\" content=\"de_DE\" \/>\n<meta property=\"og:type\" content=\"article\" \/>\n<meta property=\"og:title\" content=\"Schaufensterpuppe ohne Schaufensterpuppenkopf | Europ\u00e4ische Schaufensterpuppen\" \/>\n<meta property=\"og:description\" content=\"Die m\u00e4nnliche Schaufensterpuppe \u201eRalf\u201c ist in verschiedenen Positionen erh\u00e4ltlich und standardm\u00e4\u00dfig in der Farbe gebrochenes Wei\u00df\/Elfenbein. Lieferung ohne Mannequinkopf. H\u00f6he: 171 cm.\" \/>\n<meta property=\"og:url\" content=\"https:\/\/europeanmannequins.com\/waren\/mannequin-ralf-emc-1057\/\" \/>\n<meta property=\"og:site_name\" content=\"European Mannequins\" \/>\n<meta property=\"article:publisher\" content=\"https:\/\/www.facebook.com\/European-Mannequins-Shop-730455270312249\/?fref=ts\" \/>\n<meta property=\"article:modified_time\" content=\"2023-11-06T14:23:53+00:00\" \/>\n<meta property=\"og:image\" content=\"https:\/\/europeanmannequins.com\/wp-content\/uploads\/2023\/03\/hovedl\u00f8s-herre-mannequin.jpeg\" \/>\n\t<meta property=\"og:image:width\" content=\"552\" \/>\n\t<meta property=\"og:image:height\" content=\"1367\" \/>\n\t<meta property=\"og:image:type\" content=\"image\/jpeg\" \/>\n<meta name=\"twitter:card\" content=\"summary_large_image\" \/>\n<script type=\"application\/ld+json\" class=\"yoast-schema-graph\">{\"@context\":\"https:\\\/\\\/schema.org\",\"@graph\":[{\"@type\":\"WebPage\",\"@id\":\"https:\\\/\\\/europeanmannequins.com\\\/waren\\\/mannequin-ralf-emc-1057\\\/\",\"url\":\"https:\\\/\\\/europeanmannequins.com\\\/waren\\\/mannequin-ralf-emc-1057\\\/\",\"name\":\"Schaufensterpuppe ohne Schaufensterpuppenkopf | Europ\u00e4ische Schaufensterpuppen\",\"isPartOf\":{\"@id\":\"https:\\\/\\\/europeanmannequins.com\\\/#website\"},\"primaryImageOfPage\":{\"@id\":\"https:\\\/\\\/europeanmannequins.com\\\/waren\\\/mannequin-ralf-emc-1057\\\/#primaryimage\"},\"image\":{\"@id\":\"https:\\\/\\\/europeanmannequins.com\\\/waren\\\/mannequin-ralf-emc-1057\\\/#primaryimage\"},\"thumbnailUrl\":\"https:\\\/\\\/europeanmannequins.com\\\/wp-content\\\/uploads\\\/2023\\\/03\\\/hovedl\u00f8s-herre-mannequin.jpeg\",\"datePublished\":\"2016-06-06T12:23:14+00:00\",\"dateModified\":\"2023-11-06T14:23:53+00:00\",\"description\":\"Die m\u00e4nnliche Schaufensterpuppe \u201eRalf\u201c ist in verschiedenen Positionen erh\u00e4ltlich und standardm\u00e4\u00dfig in der Farbe gebrochenes Wei\u00df\\\/Elfenbein. Lieferung ohne Mannequinkopf. H\u00f6he: 171 cm.\",\"breadcrumb\":{\"@id\":\"https:\\\/\\\/europeanmannequins.com\\\/waren\\\/mannequin-ralf-emc-1057\\\/#breadcrumb\"},\"inLanguage\":\"de\",\"potentialAction\":[{\"@type\":\"ReadAction\",\"target\":[\"https:\\\/\\\/europeanmannequins.com\\\/waren\\\/mannequin-ralf-emc-1057\\\/\"]}]},{\"@type\":\"ImageObject\",\"inLanguage\":\"de\",\"@id\":\"https:\\\/\\\/europeanmannequins.com\\\/waren\\\/mannequin-ralf-emc-1057\\\/#primaryimage\",\"url\":\"https:\\\/\\\/europeanmannequins.com\\\/wp-content\\\/uploads\\\/2023\\\/03\\\/hovedl\u00f8s-herre-mannequin.jpeg\",\"contentUrl\":\"https:\\\/\\\/europeanmannequins.com\\\/wp-content\\\/uploads\\\/2023\\\/03\\\/hovedl\u00f8s-herre-mannequin.jpeg\",\"width\":552,\"height\":1367},{\"@type\":\"BreadcrumbList\",\"@id\":\"https:\\\/\\\/europeanmannequins.com\\\/waren\\\/mannequin-ralf-emc-1057\\\/#breadcrumb\",\"itemListElement\":[{\"@type\":\"ListItem\",\"position\":1,\"name\":\"Hjem\",\"item\":\"https:\\\/\\\/europeanmannequins.com\\\/de\\\/\"},{\"@type\":\"ListItem\",\"position\":2,\"name\":\"Butik\",\"item\":\"https:\\\/\\\/europeanmannequins.com\\\/butik\\\/\"},{\"@type\":\"ListItem\",\"position\":3,\"name\":\"M\u00e4nnliche Schaufensterpuppe &#8211; kopflos &#8211; Kopf k\u00e4uflich zu erwerben &#8211; hohe Qualit\u00e4t &#8211; gerade\"}]},{\"@type\":\"WebSite\",\"@id\":\"https:\\\/\\\/europeanmannequins.com\\\/#website\",\"url\":\"https:\\\/\\\/europeanmannequins.com\\\/\",\"name\":\"European Mannequins\",\"description\":\"\",\"publisher\":{\"@id\":\"https:\\\/\\\/europeanmannequins.com\\\/#organization\"},\"potentialAction\":[{\"@type\":\"SearchAction\",\"target\":{\"@type\":\"EntryPoint\",\"urlTemplate\":\"https:\\\/\\\/europeanmannequins.com\\\/?s={search_term_string}\"},\"query-input\":{\"@type\":\"PropertyValueSpecification\",\"valueRequired\":true,\"valueName\":\"search_term_string\"}}],\"inLanguage\":\"de\"},{\"@type\":\"Organization\",\"@id\":\"https:\\\/\\\/europeanmannequins.com\\\/#organization\",\"name\":\"European Mannequins\",\"url\":\"https:\\\/\\\/europeanmannequins.com\\\/\",\"logo\":{\"@type\":\"ImageObject\",\"inLanguage\":\"de\",\"@id\":\"https:\\\/\\\/europeanmannequins.com\\\/#\\\/schema\\\/logo\\\/image\\\/\",\"url\":\"https:\\\/\\\/europeanmannequins.com\\\/wp-content\\\/uploads\\\/2016\\\/01\\\/uropeanmannequins_logo.png\",\"contentUrl\":\"https:\\\/\\\/europeanmannequins.com\\\/wp-content\\\/uploads\\\/2016\\\/01\\\/uropeanmannequins_logo.png\",\"width\":290,\"height\":103,\"caption\":\"European Mannequins\"},\"image\":{\"@id\":\"https:\\\/\\\/europeanmannequins.com\\\/#\\\/schema\\\/logo\\\/image\\\/\"},\"sameAs\":[\"https:\\\/\\\/www.facebook.com\\\/European-Mannequins-Shop-730455270312249\\\/?fref=ts\"]}]}<\/script>\n<!-- \/ Yoast SEO plugin. -->","yoast_head_json":{"title":"Schaufensterpuppe ohne Schaufensterpuppenkopf | Europ\u00e4ische Schaufensterpuppen","description":"Die m\u00e4nnliche Schaufensterpuppe \u201eRalf\u201c ist in verschiedenen Positionen erh\u00e4ltlich und standardm\u00e4\u00dfig in der Farbe gebrochenes Wei\u00df\/Elfenbein. Lieferung ohne Mannequinkopf. H\u00f6he: 171 cm.","robots":{"index":"index","follow":"follow","max-snippet":"max-snippet:-1","max-image-preview":"max-image-preview:large","max-video-preview":"max-video-preview:-1"},"canonical":"https:\/\/europeanmannequins.com\/waren\/mannequin-ralf-emc-1057\/","og_locale":"de_DE","og_type":"article","og_title":"Schaufensterpuppe ohne Schaufensterpuppenkopf | Europ\u00e4ische Schaufensterpuppen","og_description":"Die m\u00e4nnliche Schaufensterpuppe \u201eRalf\u201c ist in verschiedenen Positionen erh\u00e4ltlich und standardm\u00e4\u00dfig in der Farbe gebrochenes Wei\u00df\/Elfenbein. Lieferung ohne Mannequinkopf. H\u00f6he: 171 cm.","og_url":"https:\/\/europeanmannequins.com\/waren\/mannequin-ralf-emc-1057\/","og_site_name":"European Mannequins","article_publisher":"https:\/\/www.facebook.com\/European-Mannequins-Shop-730455270312249\/?fref=ts","article_modified_time":"2023-11-06T14:23:53+00:00","og_image":[{"width":552,"height":1367,"url":"https:\/\/europeanmannequins.com\/wp-content\/uploads\/2023\/03\/hovedl\u00f8s-herre-mannequin.jpeg","type":"image\/jpeg"}],"twitter_card":"summary_large_image","schema":{"@context":"https:\/\/schema.org","@graph":[{"@type":"WebPage","@id":"https:\/\/europeanmannequins.com\/waren\/mannequin-ralf-emc-1057\/","url":"https:\/\/europeanmannequins.com\/waren\/mannequin-ralf-emc-1057\/","name":"Schaufensterpuppe ohne Schaufensterpuppenkopf | Europ\u00e4ische Schaufensterpuppen","isPartOf":{"@id":"https:\/\/europeanmannequins.com\/#website"},"primaryImageOfPage":{"@id":"https:\/\/europeanmannequins.com\/waren\/mannequin-ralf-emc-1057\/#primaryimage"},"image":{"@id":"https:\/\/europeanmannequins.com\/waren\/mannequin-ralf-emc-1057\/#primaryimage"},"thumbnailUrl":"https:\/\/europeanmannequins.com\/wp-content\/uploads\/2023\/03\/hovedl\u00f8s-herre-mannequin.jpeg","datePublished":"2016-06-06T12:23:14+00:00","dateModified":"2023-11-06T14:23:53+00:00","description":"Die m\u00e4nnliche Schaufensterpuppe \u201eRalf\u201c ist in verschiedenen Positionen erh\u00e4ltlich und standardm\u00e4\u00dfig in der Farbe gebrochenes Wei\u00df\/Elfenbein. Lieferung ohne Mannequinkopf. H\u00f6he: 171 cm.","breadcrumb":{"@id":"https:\/\/europeanmannequins.com\/waren\/mannequin-ralf-emc-1057\/#breadcrumb"},"inLanguage":"de","potentialAction":[{"@type":"ReadAction","target":["https:\/\/europeanmannequins.com\/waren\/mannequin-ralf-emc-1057\/"]}]},{"@type":"ImageObject","inLanguage":"de","@id":"https:\/\/europeanmannequins.com\/waren\/mannequin-ralf-emc-1057\/#primaryimage","url":"https:\/\/europeanmannequins.com\/wp-content\/uploads\/2023\/03\/hovedl\u00f8s-herre-mannequin.jpeg","contentUrl":"https:\/\/europeanmannequins.com\/wp-content\/uploads\/2023\/03\/hovedl\u00f8s-herre-mannequin.jpeg","width":552,"height":1367},{"@type":"BreadcrumbList","@id":"https:\/\/europeanmannequins.com\/waren\/mannequin-ralf-emc-1057\/#breadcrumb","itemListElement":[{"@type":"ListItem","position":1,"name":"Hjem","item":"https:\/\/europeanmannequins.com\/de\/"},{"@type":"ListItem","position":2,"name":"Butik","item":"https:\/\/europeanmannequins.com\/butik\/"},{"@type":"ListItem","position":3,"name":"M\u00e4nnliche Schaufensterpuppe &#8211; kopflos &#8211; Kopf k\u00e4uflich zu erwerben &#8211; hohe Qualit\u00e4t &#8211; gerade"}]},{"@type":"WebSite","@id":"https:\/\/europeanmannequins.com\/#website","url":"https:\/\/europeanmannequins.com\/","name":"European Mannequins","description":"","publisher":{"@id":"https:\/\/europeanmannequins.com\/#organization"},"potentialAction":[{"@type":"SearchAction","target":{"@type":"EntryPoint","urlTemplate":"https:\/\/europeanmannequins.com\/?s={search_term_string}"},"query-input":{"@type":"PropertyValueSpecification","valueRequired":true,"valueName":"search_term_string"}}],"inLanguage":"de"},{"@type":"Organization","@id":"https:\/\/europeanmannequins.com\/#organization","name":"European Mannequins","url":"https:\/\/europeanmannequins.com\/","logo":{"@type":"ImageObject","inLanguage":"de","@id":"https:\/\/europeanmannequins.com\/#\/schema\/logo\/image\/","url":"https:\/\/europeanmannequins.com\/wp-content\/uploads\/2016\/01\/uropeanmannequins_logo.png","contentUrl":"https:\/\/europeanmannequins.com\/wp-content\/uploads\/2016\/01\/uropeanmannequins_logo.png","width":290,"height":103,"caption":"European Mannequins"},"image":{"@id":"https:\/\/europeanmannequins.com\/#\/schema\/logo\/image\/"},"sameAs":["https:\/\/www.facebook.com\/European-Mannequins-Shop-730455270312249\/?fref=ts"]}]}},"_links":{"self":[{"href":"https:\/\/europeanmannequins.com\/de\/wp-json\/wp\/v2\/product\/33001","targetHints":{"allow":["GET"]}}],"collection":[{"href":"https:\/\/europeanmannequins.com\/de\/wp-json\/wp\/v2\/product"}],"about":[{"href":"https:\/\/europeanmannequins.com\/de\/wp-json\/wp\/v2\/types\/product"}],"replies":[{"embeddable":true,"href":"https:\/\/europeanmannequins.com\/de\/wp-json\/wp\/v2\/comments?post=33001"}],"wp:featuredmedia":[{"embeddable":true,"href":"https:\/\/europeanmannequins.com\/de\/wp-json\/wp\/v2\/media\/31472"}],"wp:attachment":[{"href":"https:\/\/europeanmannequins.com\/de\/wp-json\/wp\/v2\/media?parent=33001"}],"wp:term":[{"taxonomy":"product_brand","embeddable":true,"href":"https:\/\/europeanmannequins.com\/de\/wp-json\/wp\/v2\/product_brand?post=33001"},{"taxonomy":"product_cat","embeddable":true,"href":"https:\/\/europeanmannequins.com\/de\/wp-json\/wp\/v2\/product_cat?post=33001"},{"taxonomy":"product_tag","embeddable":true,"href":"https:\/\/europeanmannequins.com\/de\/wp-json\/wp\/v2\/product_tag?post=33001"}],"curies":[{"name":"wp","href":"https:\/\/api.w.org\/{rel}","templated":true}]}}