{"id":32999,"date":"2016-06-06T14:51:31","date_gmt":"2016-06-06T12:51:31","guid":{"rendered":"https:\/\/europeanmannequins.com\/vare\/mannequin-ralf-emc-1055\/"},"modified":"2023-11-06T15:21:18","modified_gmt":"2023-11-06T14:21:18","slug":"schaufensterpuppe-ralf-emc-1055","status":"publish","type":"product","link":"https:\/\/europeanmannequins.com\/de\/waren\/schaufensterpuppe-ralf-emc-1055\/","title":{"rendered":"M\u00e4nnliche Schaufensterpuppe &#8211; kopflos &#8211; Kopf k\u00e4uflich zu erwerben &#8211; hohe Qualit\u00e4t"},"content":{"rendered":"<p>Kopflose Schaufensterpuppe mit vielf\u00e4ltigen Einsatzm\u00f6glichkeiten.<\/p>\n<p>Kaufen Sie einen Kopf und setzen Sie die Schaufensterpuppe auf. Zu dieser Serie k\u00f6nnen Sie aus unserem Sortiment an Herrenk\u00f6pfen frei w\u00e4hlen.<\/p>\n<p>Oder lassen Sie die Schaufensterpuppe in einer anderen Farbe neu lackieren. Wir haben mehr als 700 verschiedene Farben und Oberfl\u00e4chen zur Auswahl.<\/p>\n<p>Wir haben sowohl Schaufensterpuppen als auch K\u00f6pfe auf Lager und k\u00f6nnen innerhalb weniger Tage geliefert werden.<\/p>\n","protected":false},"excerpt":{"rendered":"<p><strong>Kopflose m\u00e4nnliche Schaufensterpuppe<\/strong><\/p>\n<p>Die m\u00e4nnliche Schaufensterpuppe \u201eRalf\u201c ist in verschiedenen Positionen erh\u00e4ltlich und standardm\u00e4\u00dfig in der Farbe gebrochenes Wei\u00df\/Elfenbein. Die Schaufensterpuppe verf\u00fcgt \u00fcber unser cleveres Neck-Lock-System, das es erm\u00f6glicht, K\u00f6pfe zum Aufsetzen zu kaufen. Die Schaufensterpuppe ist auch in anderen Farben erh\u00e4ltlich.<\/p>\n<p>H\u00f6he: 171 cm.<\/p>\n<p>Brustumfang: 97 cm.<\/p>\n<p>Taille: 80 cm.<\/p>\n<p>H\u00fcfte: 90 cm.<\/p>\n<p>Die Schaufensterpuppe wird mit einer runden Fu\u00dfplatte aus Glas inkl. Fu\u00df- und Beinspitze.<\/p>\n","protected":false},"featured_media":31469,"comment_status":"open","ping_status":"closed","template":"","meta":{"_acf_changed":false},"product_brand":[],"product_cat":[717,361,718,359],"product_tag":[],"class_list":{"0":"post-32999","1":"product","2":"type-product","3":"status-publish","4":"has-post-thumbnail","6":"product_cat-hovedloes-herre-de","7":"product_cat-mannliche","8":"product_cat-ralf-de","9":"product_cat-schaufensterpuppe","11":"first","12":"instock","13":"taxable","14":"shipping-taxable","15":"purchasable","16":"product-type-simple"},"acf":[],"yoast_head":"<!-- This site is optimized with the Yoast SEO plugin v27.3 - https:\/\/yoast.com\/product\/yoast-seo-wordpress\/ -->\n<title>Kopflose m\u00e4nnliche Schaufensterpuppe - Ralf EMC-1055 | Europ\u00e4ische Schaufensterpuppen<\/title>\n<meta name=\"description\" content=\"Kopflose Schaufensterpuppe \u201eRalf\u201c, die in mehreren verschiedenen Positionen erh\u00e4ltlich ist. Wird standardm\u00e4\u00dfig in einer sch\u00f6nen cremefarbenen Farbe geliefert, kann aber neu gestrichen und lackiert werden.\" \/>\n<meta name=\"robots\" content=\"index, follow, max-snippet:-1, max-image-preview:large, max-video-preview:-1\" \/>\n<link rel=\"canonical\" href=\"https:\/\/europeanmannequins.com\/waren\/mannequin-ralf-emc-1055\/\" \/>\n<meta property=\"og:locale\" content=\"de_DE\" \/>\n<meta property=\"og:type\" content=\"article\" \/>\n<meta property=\"og:title\" content=\"Kopflose m\u00e4nnliche Schaufensterpuppe - Ralf EMC-1055 | Europ\u00e4ische Schaufensterpuppen\" \/>\n<meta property=\"og:description\" content=\"Kopflose Schaufensterpuppe \u201eRalf\u201c, die in mehreren verschiedenen Positionen erh\u00e4ltlich ist. Wird standardm\u00e4\u00dfig in einer sch\u00f6nen cremefarbenen Farbe geliefert, kann aber neu gestrichen und lackiert werden.\" \/>\n<meta property=\"og:url\" content=\"https:\/\/europeanmannequins.com\/waren\/mannequin-ralf-emc-1055\/\" \/>\n<meta property=\"og:site_name\" content=\"European Mannequins\" \/>\n<meta property=\"article:publisher\" content=\"https:\/\/www.facebook.com\/European-Mannequins-Shop-730455270312249\/?fref=ts\" \/>\n<meta property=\"article:modified_time\" content=\"2023-11-06T14:21:18+00:00\" \/>\n<meta property=\"og:image\" content=\"https:\/\/europeanmannequins.com\/wp-content\/uploads\/2023\/03\/Headless-herre-mannequin.jpeg\" \/>\n\t<meta property=\"og:image:width\" content=\"552\" \/>\n\t<meta property=\"og:image:height\" content=\"1367\" \/>\n\t<meta property=\"og:image:type\" content=\"image\/jpeg\" \/>\n<meta name=\"twitter:card\" content=\"summary_large_image\" \/>\n<script type=\"application\/ld+json\" class=\"yoast-schema-graph\">{\"@context\":\"https:\\\/\\\/schema.org\",\"@graph\":[{\"@type\":\"WebPage\",\"@id\":\"https:\\\/\\\/europeanmannequins.com\\\/waren\\\/mannequin-ralf-emc-1055\\\/\",\"url\":\"https:\\\/\\\/europeanmannequins.com\\\/waren\\\/mannequin-ralf-emc-1055\\\/\",\"name\":\"Kopflose m\u00e4nnliche Schaufensterpuppe - Ralf EMC-1055 | Europ\u00e4ische Schaufensterpuppen\",\"isPartOf\":{\"@id\":\"https:\\\/\\\/europeanmannequins.com\\\/#website\"},\"primaryImageOfPage\":{\"@id\":\"https:\\\/\\\/europeanmannequins.com\\\/waren\\\/mannequin-ralf-emc-1055\\\/#primaryimage\"},\"image\":{\"@id\":\"https:\\\/\\\/europeanmannequins.com\\\/waren\\\/mannequin-ralf-emc-1055\\\/#primaryimage\"},\"thumbnailUrl\":\"https:\\\/\\\/europeanmannequins.com\\\/wp-content\\\/uploads\\\/2023\\\/03\\\/Headless-herre-mannequin.jpeg\",\"datePublished\":\"2016-06-06T12:51:31+00:00\",\"dateModified\":\"2023-11-06T14:21:18+00:00\",\"description\":\"Kopflose Schaufensterpuppe \u201eRalf\u201c, die in mehreren verschiedenen Positionen erh\u00e4ltlich ist. Wird standardm\u00e4\u00dfig in einer sch\u00f6nen cremefarbenen Farbe geliefert, kann aber neu gestrichen und lackiert werden.\",\"breadcrumb\":{\"@id\":\"https:\\\/\\\/europeanmannequins.com\\\/waren\\\/mannequin-ralf-emc-1055\\\/#breadcrumb\"},\"inLanguage\":\"de\",\"potentialAction\":[{\"@type\":\"ReadAction\",\"target\":[\"https:\\\/\\\/europeanmannequins.com\\\/waren\\\/mannequin-ralf-emc-1055\\\/\"]}]},{\"@type\":\"ImageObject\",\"inLanguage\":\"de\",\"@id\":\"https:\\\/\\\/europeanmannequins.com\\\/waren\\\/mannequin-ralf-emc-1055\\\/#primaryimage\",\"url\":\"https:\\\/\\\/europeanmannequins.com\\\/wp-content\\\/uploads\\\/2023\\\/03\\\/Headless-herre-mannequin.jpeg\",\"contentUrl\":\"https:\\\/\\\/europeanmannequins.com\\\/wp-content\\\/uploads\\\/2023\\\/03\\\/Headless-herre-mannequin.jpeg\",\"width\":552,\"height\":1367},{\"@type\":\"BreadcrumbList\",\"@id\":\"https:\\\/\\\/europeanmannequins.com\\\/waren\\\/mannequin-ralf-emc-1055\\\/#breadcrumb\",\"itemListElement\":[{\"@type\":\"ListItem\",\"position\":1,\"name\":\"Hjem\",\"item\":\"https:\\\/\\\/europeanmannequins.com\\\/de\\\/\"},{\"@type\":\"ListItem\",\"position\":2,\"name\":\"Butik\",\"item\":\"https:\\\/\\\/europeanmannequins.com\\\/butik\\\/\"},{\"@type\":\"ListItem\",\"position\":3,\"name\":\"M\u00e4nnliche Schaufensterpuppe &#8211; kopflos &#8211; Kopf k\u00e4uflich zu erwerben &#8211; hohe Qualit\u00e4t\"}]},{\"@type\":\"WebSite\",\"@id\":\"https:\\\/\\\/europeanmannequins.com\\\/#website\",\"url\":\"https:\\\/\\\/europeanmannequins.com\\\/\",\"name\":\"European Mannequins\",\"description\":\"\",\"publisher\":{\"@id\":\"https:\\\/\\\/europeanmannequins.com\\\/#organization\"},\"potentialAction\":[{\"@type\":\"SearchAction\",\"target\":{\"@type\":\"EntryPoint\",\"urlTemplate\":\"https:\\\/\\\/europeanmannequins.com\\\/?s={search_term_string}\"},\"query-input\":{\"@type\":\"PropertyValueSpecification\",\"valueRequired\":true,\"valueName\":\"search_term_string\"}}],\"inLanguage\":\"de\"},{\"@type\":\"Organization\",\"@id\":\"https:\\\/\\\/europeanmannequins.com\\\/#organization\",\"name\":\"European Mannequins\",\"url\":\"https:\\\/\\\/europeanmannequins.com\\\/\",\"logo\":{\"@type\":\"ImageObject\",\"inLanguage\":\"de\",\"@id\":\"https:\\\/\\\/europeanmannequins.com\\\/#\\\/schema\\\/logo\\\/image\\\/\",\"url\":\"https:\\\/\\\/europeanmannequins.com\\\/wp-content\\\/uploads\\\/2016\\\/01\\\/uropeanmannequins_logo.png\",\"contentUrl\":\"https:\\\/\\\/europeanmannequins.com\\\/wp-content\\\/uploads\\\/2016\\\/01\\\/uropeanmannequins_logo.png\",\"width\":290,\"height\":103,\"caption\":\"European Mannequins\"},\"image\":{\"@id\":\"https:\\\/\\\/europeanmannequins.com\\\/#\\\/schema\\\/logo\\\/image\\\/\"},\"sameAs\":[\"https:\\\/\\\/www.facebook.com\\\/European-Mannequins-Shop-730455270312249\\\/?fref=ts\"]}]}<\/script>\n<!-- \/ Yoast SEO plugin. -->","yoast_head_json":{"title":"Kopflose m\u00e4nnliche Schaufensterpuppe - Ralf EMC-1055 | Europ\u00e4ische Schaufensterpuppen","description":"Kopflose Schaufensterpuppe \u201eRalf\u201c, die in mehreren verschiedenen Positionen erh\u00e4ltlich ist. Wird standardm\u00e4\u00dfig in einer sch\u00f6nen cremefarbenen Farbe geliefert, kann aber neu gestrichen und lackiert werden.","robots":{"index":"index","follow":"follow","max-snippet":"max-snippet:-1","max-image-preview":"max-image-preview:large","max-video-preview":"max-video-preview:-1"},"canonical":"https:\/\/europeanmannequins.com\/waren\/mannequin-ralf-emc-1055\/","og_locale":"de_DE","og_type":"article","og_title":"Kopflose m\u00e4nnliche Schaufensterpuppe - Ralf EMC-1055 | Europ\u00e4ische Schaufensterpuppen","og_description":"Kopflose Schaufensterpuppe \u201eRalf\u201c, die in mehreren verschiedenen Positionen erh\u00e4ltlich ist. Wird standardm\u00e4\u00dfig in einer sch\u00f6nen cremefarbenen Farbe geliefert, kann aber neu gestrichen und lackiert werden.","og_url":"https:\/\/europeanmannequins.com\/waren\/mannequin-ralf-emc-1055\/","og_site_name":"European Mannequins","article_publisher":"https:\/\/www.facebook.com\/European-Mannequins-Shop-730455270312249\/?fref=ts","article_modified_time":"2023-11-06T14:21:18+00:00","og_image":[{"width":552,"height":1367,"url":"https:\/\/europeanmannequins.com\/wp-content\/uploads\/2023\/03\/Headless-herre-mannequin.jpeg","type":"image\/jpeg"}],"twitter_card":"summary_large_image","schema":{"@context":"https:\/\/schema.org","@graph":[{"@type":"WebPage","@id":"https:\/\/europeanmannequins.com\/waren\/mannequin-ralf-emc-1055\/","url":"https:\/\/europeanmannequins.com\/waren\/mannequin-ralf-emc-1055\/","name":"Kopflose m\u00e4nnliche Schaufensterpuppe - Ralf EMC-1055 | Europ\u00e4ische Schaufensterpuppen","isPartOf":{"@id":"https:\/\/europeanmannequins.com\/#website"},"primaryImageOfPage":{"@id":"https:\/\/europeanmannequins.com\/waren\/mannequin-ralf-emc-1055\/#primaryimage"},"image":{"@id":"https:\/\/europeanmannequins.com\/waren\/mannequin-ralf-emc-1055\/#primaryimage"},"thumbnailUrl":"https:\/\/europeanmannequins.com\/wp-content\/uploads\/2023\/03\/Headless-herre-mannequin.jpeg","datePublished":"2016-06-06T12:51:31+00:00","dateModified":"2023-11-06T14:21:18+00:00","description":"Kopflose Schaufensterpuppe \u201eRalf\u201c, die in mehreren verschiedenen Positionen erh\u00e4ltlich ist. Wird standardm\u00e4\u00dfig in einer sch\u00f6nen cremefarbenen Farbe geliefert, kann aber neu gestrichen und lackiert werden.","breadcrumb":{"@id":"https:\/\/europeanmannequins.com\/waren\/mannequin-ralf-emc-1055\/#breadcrumb"},"inLanguage":"de","potentialAction":[{"@type":"ReadAction","target":["https:\/\/europeanmannequins.com\/waren\/mannequin-ralf-emc-1055\/"]}]},{"@type":"ImageObject","inLanguage":"de","@id":"https:\/\/europeanmannequins.com\/waren\/mannequin-ralf-emc-1055\/#primaryimage","url":"https:\/\/europeanmannequins.com\/wp-content\/uploads\/2023\/03\/Headless-herre-mannequin.jpeg","contentUrl":"https:\/\/europeanmannequins.com\/wp-content\/uploads\/2023\/03\/Headless-herre-mannequin.jpeg","width":552,"height":1367},{"@type":"BreadcrumbList","@id":"https:\/\/europeanmannequins.com\/waren\/mannequin-ralf-emc-1055\/#breadcrumb","itemListElement":[{"@type":"ListItem","position":1,"name":"Hjem","item":"https:\/\/europeanmannequins.com\/de\/"},{"@type":"ListItem","position":2,"name":"Butik","item":"https:\/\/europeanmannequins.com\/butik\/"},{"@type":"ListItem","position":3,"name":"M\u00e4nnliche Schaufensterpuppe &#8211; kopflos &#8211; Kopf k\u00e4uflich zu erwerben &#8211; hohe Qualit\u00e4t"}]},{"@type":"WebSite","@id":"https:\/\/europeanmannequins.com\/#website","url":"https:\/\/europeanmannequins.com\/","name":"European Mannequins","description":"","publisher":{"@id":"https:\/\/europeanmannequins.com\/#organization"},"potentialAction":[{"@type":"SearchAction","target":{"@type":"EntryPoint","urlTemplate":"https:\/\/europeanmannequins.com\/?s={search_term_string}"},"query-input":{"@type":"PropertyValueSpecification","valueRequired":true,"valueName":"search_term_string"}}],"inLanguage":"de"},{"@type":"Organization","@id":"https:\/\/europeanmannequins.com\/#organization","name":"European Mannequins","url":"https:\/\/europeanmannequins.com\/","logo":{"@type":"ImageObject","inLanguage":"de","@id":"https:\/\/europeanmannequins.com\/#\/schema\/logo\/image\/","url":"https:\/\/europeanmannequins.com\/wp-content\/uploads\/2016\/01\/uropeanmannequins_logo.png","contentUrl":"https:\/\/europeanmannequins.com\/wp-content\/uploads\/2016\/01\/uropeanmannequins_logo.png","width":290,"height":103,"caption":"European Mannequins"},"image":{"@id":"https:\/\/europeanmannequins.com\/#\/schema\/logo\/image\/"},"sameAs":["https:\/\/www.facebook.com\/European-Mannequins-Shop-730455270312249\/?fref=ts"]}]}},"_links":{"self":[{"href":"https:\/\/europeanmannequins.com\/de\/wp-json\/wp\/v2\/product\/32999","targetHints":{"allow":["GET"]}}],"collection":[{"href":"https:\/\/europeanmannequins.com\/de\/wp-json\/wp\/v2\/product"}],"about":[{"href":"https:\/\/europeanmannequins.com\/de\/wp-json\/wp\/v2\/types\/product"}],"replies":[{"embeddable":true,"href":"https:\/\/europeanmannequins.com\/de\/wp-json\/wp\/v2\/comments?post=32999"}],"wp:featuredmedia":[{"embeddable":true,"href":"https:\/\/europeanmannequins.com\/de\/wp-json\/wp\/v2\/media\/31469"}],"wp:attachment":[{"href":"https:\/\/europeanmannequins.com\/de\/wp-json\/wp\/v2\/media?parent=32999"}],"wp:term":[{"taxonomy":"product_brand","embeddable":true,"href":"https:\/\/europeanmannequins.com\/de\/wp-json\/wp\/v2\/product_brand?post=32999"},{"taxonomy":"product_cat","embeddable":true,"href":"https:\/\/europeanmannequins.com\/de\/wp-json\/wp\/v2\/product_cat?post=32999"},{"taxonomy":"product_tag","embeddable":true,"href":"https:\/\/europeanmannequins.com\/de\/wp-json\/wp\/v2\/product_tag?post=32999"}],"curies":[{"name":"wp","href":"https:\/\/api.w.org\/{rel}","templated":true}]}}