{"id":32951,"date":"2016-10-06T10:11:27","date_gmt":"2016-10-06T08:11:27","guid":{"rendered":"https:\/\/europeanmannequins.com\/vare\/moon-herre-emc-333-wg\/"},"modified":"2023-11-01T12:30:45","modified_gmt":"2023-11-01T11:30:45","slug":"moon-herre-emc-333-wg","status":"publish","type":"product","link":"https:\/\/europeanmannequins.com\/de\/waren\/moon-herre-emc-333-wg\/","title":{"rendered":"Herrenschaufensterpuppe mit Mondkopf &#8211; GESICHTSLOS"},"content":{"rendered":"<p>&nbsp;<\/p>\n<p>&nbsp;<\/p>\n","protected":false},"excerpt":{"rendered":"<p>Herrenschaufensterpuppe Moon<\/p>\n<p>Diese Mondschaufensterpuppe ist in 2 verschiedenen Positionen erh\u00e4ltlich. Die Schaufensterpuppe ist standardm\u00e4\u00dfig in einem sch\u00f6nen Hochglanzwei\u00df gehalten, ist aber auch in anderen Farben erh\u00e4ltlich.<\/p>\n<p>H\u00f6he: 192 cm.<\/p>\n<p>Brustumfang: 97 cm.<\/p>\n<p>Taille: 75 cm.<\/p>\n<p>H\u00fcfte: 92 cm.<\/p>\n<p>Die Schaufensterpuppe wird mit einer Glasfu\u00dfplatte inkl. Fu\u00df- und Beinspitze.<\/p>\n","protected":false},"featured_media":31422,"comment_status":"closed","ping_status":"closed","template":"","meta":{"_acf_changed":false},"product_brand":[],"product_cat":[699,361,713,359],"product_tag":[],"class_list":{"0":"post-32951","1":"product","2":"type-product","3":"status-publish","4":"has-post-thumbnail","6":"product_cat-abstrakt-herre-de","7":"product_cat-mannliche","8":"product_cat-moon-herre-de","9":"product_cat-schaufensterpuppe","11":"first","12":"instock","13":"taxable","14":"shipping-taxable","15":"purchasable","16":"product-type-simple"},"acf":[],"yoast_head":"<!-- This site is optimized with the Yoast SEO plugin v27.4 - https:\/\/yoast.com\/product\/yoast-seo-wordpress\/ -->\n<title>Mondm\u00e4nner - Stehpuppe in Hochglanz | Europ\u00e4ische Schaufensterpuppen<\/title>\n<meta name=\"description\" content=\"Diese Mondschaufensterpuppe ist in 2 verschiedenen Positionen erh\u00e4ltlich. Die Schaufensterpuppe ist standardm\u00e4\u00dfig in einem sch\u00f6nen Hochglanzwei\u00df gehalten, ist aber auch in anderen Farben erh\u00e4ltlich.\" \/>\n<meta name=\"robots\" content=\"index, follow, max-snippet:-1, max-image-preview:large, max-video-preview:-1\" \/>\n<link rel=\"canonical\" href=\"https:\/\/europeanmannequins.com\/de\/waren\/moon-herre-emc-333-wg\/\" \/>\n<meta property=\"og:locale\" content=\"de_DE\" \/>\n<meta property=\"og:type\" content=\"article\" \/>\n<meta property=\"og:title\" content=\"Mondm\u00e4nner - Stehpuppe in Hochglanz | Europ\u00e4ische Schaufensterpuppen\" \/>\n<meta property=\"og:description\" content=\"Diese Mondschaufensterpuppe ist in 2 verschiedenen Positionen erh\u00e4ltlich. Die Schaufensterpuppe ist standardm\u00e4\u00dfig in einem sch\u00f6nen Hochglanzwei\u00df gehalten, ist aber auch in anderen Farben erh\u00e4ltlich.\" \/>\n<meta property=\"og:url\" content=\"https:\/\/europeanmannequins.com\/de\/waren\/moon-herre-emc-333-wg\/\" \/>\n<meta property=\"og:site_name\" content=\"European Mannequins\" \/>\n<meta property=\"article:publisher\" content=\"https:\/\/www.facebook.com\/European-Mannequins-Shop-730455270312249\/?fref=ts\" \/>\n<meta property=\"article:modified_time\" content=\"2023-11-01T11:30:45+00:00\" \/>\n<meta property=\"og:image\" content=\"https:\/\/europeanmannequins.com\/wp-content\/uploads\/2023\/02\/hvid-herre-mannequin..jpeg\" \/>\n\t<meta property=\"og:image:width\" content=\"547\" \/>\n\t<meta property=\"og:image:height\" content=\"1361\" \/>\n\t<meta property=\"og:image:type\" content=\"image\/jpeg\" \/>\n<meta name=\"twitter:card\" content=\"summary_large_image\" \/>\n<script type=\"application\/ld+json\" class=\"yoast-schema-graph\">{\"@context\":\"https:\\\/\\\/schema.org\",\"@graph\":[{\"@type\":\"WebPage\",\"@id\":\"https:\\\/\\\/europeanmannequins.com\\\/de\\\/waren\\\/moon-herre-emc-333-wg\\\/\",\"url\":\"https:\\\/\\\/europeanmannequins.com\\\/de\\\/waren\\\/moon-herre-emc-333-wg\\\/\",\"name\":\"Mondm\u00e4nner - Stehpuppe in Hochglanz | Europ\u00e4ische Schaufensterpuppen\",\"isPartOf\":{\"@id\":\"https:\\\/\\\/europeanmannequins.com\\\/#website\"},\"primaryImageOfPage\":{\"@id\":\"https:\\\/\\\/europeanmannequins.com\\\/de\\\/waren\\\/moon-herre-emc-333-wg\\\/#primaryimage\"},\"image\":{\"@id\":\"https:\\\/\\\/europeanmannequins.com\\\/de\\\/waren\\\/moon-herre-emc-333-wg\\\/#primaryimage\"},\"thumbnailUrl\":\"https:\\\/\\\/europeanmannequins.com\\\/wp-content\\\/uploads\\\/2023\\\/02\\\/hvid-herre-mannequin..jpeg\",\"datePublished\":\"2016-10-06T08:11:27+00:00\",\"dateModified\":\"2023-11-01T11:30:45+00:00\",\"description\":\"Diese Mondschaufensterpuppe ist in 2 verschiedenen Positionen erh\u00e4ltlich. Die Schaufensterpuppe ist standardm\u00e4\u00dfig in einem sch\u00f6nen Hochglanzwei\u00df gehalten, ist aber auch in anderen Farben erh\u00e4ltlich.\",\"breadcrumb\":{\"@id\":\"https:\\\/\\\/europeanmannequins.com\\\/de\\\/waren\\\/moon-herre-emc-333-wg\\\/#breadcrumb\"},\"inLanguage\":\"de\",\"potentialAction\":[{\"@type\":\"ReadAction\",\"target\":[\"https:\\\/\\\/europeanmannequins.com\\\/de\\\/waren\\\/moon-herre-emc-333-wg\\\/\"]}]},{\"@type\":\"ImageObject\",\"inLanguage\":\"de\",\"@id\":\"https:\\\/\\\/europeanmannequins.com\\\/de\\\/waren\\\/moon-herre-emc-333-wg\\\/#primaryimage\",\"url\":\"https:\\\/\\\/europeanmannequins.com\\\/wp-content\\\/uploads\\\/2023\\\/02\\\/hvid-herre-mannequin..jpeg\",\"contentUrl\":\"https:\\\/\\\/europeanmannequins.com\\\/wp-content\\\/uploads\\\/2023\\\/02\\\/hvid-herre-mannequin..jpeg\",\"width\":547,\"height\":1361},{\"@type\":\"BreadcrumbList\",\"@id\":\"https:\\\/\\\/europeanmannequins.com\\\/de\\\/waren\\\/moon-herre-emc-333-wg\\\/#breadcrumb\",\"itemListElement\":[{\"@type\":\"ListItem\",\"position\":1,\"name\":\"Hjem\",\"item\":\"https:\\\/\\\/europeanmannequins.com\\\/de\\\/\"},{\"@type\":\"ListItem\",\"position\":2,\"name\":\"Butik\",\"item\":\"https:\\\/\\\/europeanmannequins.com\\\/butik\\\/\"},{\"@type\":\"ListItem\",\"position\":3,\"name\":\"Herrenschaufensterpuppe mit Mondkopf &#8211; GESICHTSLOS\"}]},{\"@type\":\"WebSite\",\"@id\":\"https:\\\/\\\/europeanmannequins.com\\\/#website\",\"url\":\"https:\\\/\\\/europeanmannequins.com\\\/\",\"name\":\"European Mannequins\",\"description\":\"\",\"publisher\":{\"@id\":\"https:\\\/\\\/europeanmannequins.com\\\/#organization\"},\"potentialAction\":[{\"@type\":\"SearchAction\",\"target\":{\"@type\":\"EntryPoint\",\"urlTemplate\":\"https:\\\/\\\/europeanmannequins.com\\\/?s={search_term_string}\"},\"query-input\":{\"@type\":\"PropertyValueSpecification\",\"valueRequired\":true,\"valueName\":\"search_term_string\"}}],\"inLanguage\":\"de\"},{\"@type\":\"Organization\",\"@id\":\"https:\\\/\\\/europeanmannequins.com\\\/#organization\",\"name\":\"European Mannequins\",\"url\":\"https:\\\/\\\/europeanmannequins.com\\\/\",\"logo\":{\"@type\":\"ImageObject\",\"inLanguage\":\"de\",\"@id\":\"https:\\\/\\\/europeanmannequins.com\\\/#\\\/schema\\\/logo\\\/image\\\/\",\"url\":\"https:\\\/\\\/europeanmannequins.com\\\/wp-content\\\/uploads\\\/2016\\\/01\\\/uropeanmannequins_logo.png\",\"contentUrl\":\"https:\\\/\\\/europeanmannequins.com\\\/wp-content\\\/uploads\\\/2016\\\/01\\\/uropeanmannequins_logo.png\",\"width\":290,\"height\":103,\"caption\":\"European Mannequins\"},\"image\":{\"@id\":\"https:\\\/\\\/europeanmannequins.com\\\/#\\\/schema\\\/logo\\\/image\\\/\"},\"sameAs\":[\"https:\\\/\\\/www.facebook.com\\\/European-Mannequins-Shop-730455270312249\\\/?fref=ts\"]}]}<\/script>\n<!-- \/ Yoast SEO plugin. -->","yoast_head_json":{"title":"Mondm\u00e4nner - Stehpuppe in Hochglanz | Europ\u00e4ische Schaufensterpuppen","description":"Diese Mondschaufensterpuppe ist in 2 verschiedenen Positionen erh\u00e4ltlich. Die Schaufensterpuppe ist standardm\u00e4\u00dfig in einem sch\u00f6nen Hochglanzwei\u00df gehalten, ist aber auch in anderen Farben erh\u00e4ltlich.","robots":{"index":"index","follow":"follow","max-snippet":"max-snippet:-1","max-image-preview":"max-image-preview:large","max-video-preview":"max-video-preview:-1"},"canonical":"https:\/\/europeanmannequins.com\/de\/waren\/moon-herre-emc-333-wg\/","og_locale":"de_DE","og_type":"article","og_title":"Mondm\u00e4nner - Stehpuppe in Hochglanz | Europ\u00e4ische Schaufensterpuppen","og_description":"Diese Mondschaufensterpuppe ist in 2 verschiedenen Positionen erh\u00e4ltlich. Die Schaufensterpuppe ist standardm\u00e4\u00dfig in einem sch\u00f6nen Hochglanzwei\u00df gehalten, ist aber auch in anderen Farben erh\u00e4ltlich.","og_url":"https:\/\/europeanmannequins.com\/de\/waren\/moon-herre-emc-333-wg\/","og_site_name":"European Mannequins","article_publisher":"https:\/\/www.facebook.com\/European-Mannequins-Shop-730455270312249\/?fref=ts","article_modified_time":"2023-11-01T11:30:45+00:00","og_image":[{"width":547,"height":1361,"url":"https:\/\/europeanmannequins.com\/wp-content\/uploads\/2023\/02\/hvid-herre-mannequin..jpeg","type":"image\/jpeg"}],"twitter_card":"summary_large_image","schema":{"@context":"https:\/\/schema.org","@graph":[{"@type":"WebPage","@id":"https:\/\/europeanmannequins.com\/de\/waren\/moon-herre-emc-333-wg\/","url":"https:\/\/europeanmannequins.com\/de\/waren\/moon-herre-emc-333-wg\/","name":"Mondm\u00e4nner - Stehpuppe in Hochglanz | Europ\u00e4ische Schaufensterpuppen","isPartOf":{"@id":"https:\/\/europeanmannequins.com\/#website"},"primaryImageOfPage":{"@id":"https:\/\/europeanmannequins.com\/de\/waren\/moon-herre-emc-333-wg\/#primaryimage"},"image":{"@id":"https:\/\/europeanmannequins.com\/de\/waren\/moon-herre-emc-333-wg\/#primaryimage"},"thumbnailUrl":"https:\/\/europeanmannequins.com\/wp-content\/uploads\/2023\/02\/hvid-herre-mannequin..jpeg","datePublished":"2016-10-06T08:11:27+00:00","dateModified":"2023-11-01T11:30:45+00:00","description":"Diese Mondschaufensterpuppe ist in 2 verschiedenen Positionen erh\u00e4ltlich. Die Schaufensterpuppe ist standardm\u00e4\u00dfig in einem sch\u00f6nen Hochglanzwei\u00df gehalten, ist aber auch in anderen Farben erh\u00e4ltlich.","breadcrumb":{"@id":"https:\/\/europeanmannequins.com\/de\/waren\/moon-herre-emc-333-wg\/#breadcrumb"},"inLanguage":"de","potentialAction":[{"@type":"ReadAction","target":["https:\/\/europeanmannequins.com\/de\/waren\/moon-herre-emc-333-wg\/"]}]},{"@type":"ImageObject","inLanguage":"de","@id":"https:\/\/europeanmannequins.com\/de\/waren\/moon-herre-emc-333-wg\/#primaryimage","url":"https:\/\/europeanmannequins.com\/wp-content\/uploads\/2023\/02\/hvid-herre-mannequin..jpeg","contentUrl":"https:\/\/europeanmannequins.com\/wp-content\/uploads\/2023\/02\/hvid-herre-mannequin..jpeg","width":547,"height":1361},{"@type":"BreadcrumbList","@id":"https:\/\/europeanmannequins.com\/de\/waren\/moon-herre-emc-333-wg\/#breadcrumb","itemListElement":[{"@type":"ListItem","position":1,"name":"Hjem","item":"https:\/\/europeanmannequins.com\/de\/"},{"@type":"ListItem","position":2,"name":"Butik","item":"https:\/\/europeanmannequins.com\/butik\/"},{"@type":"ListItem","position":3,"name":"Herrenschaufensterpuppe mit Mondkopf &#8211; GESICHTSLOS"}]},{"@type":"WebSite","@id":"https:\/\/europeanmannequins.com\/#website","url":"https:\/\/europeanmannequins.com\/","name":"European Mannequins","description":"","publisher":{"@id":"https:\/\/europeanmannequins.com\/#organization"},"potentialAction":[{"@type":"SearchAction","target":{"@type":"EntryPoint","urlTemplate":"https:\/\/europeanmannequins.com\/?s={search_term_string}"},"query-input":{"@type":"PropertyValueSpecification","valueRequired":true,"valueName":"search_term_string"}}],"inLanguage":"de"},{"@type":"Organization","@id":"https:\/\/europeanmannequins.com\/#organization","name":"European Mannequins","url":"https:\/\/europeanmannequins.com\/","logo":{"@type":"ImageObject","inLanguage":"de","@id":"https:\/\/europeanmannequins.com\/#\/schema\/logo\/image\/","url":"https:\/\/europeanmannequins.com\/wp-content\/uploads\/2016\/01\/uropeanmannequins_logo.png","contentUrl":"https:\/\/europeanmannequins.com\/wp-content\/uploads\/2016\/01\/uropeanmannequins_logo.png","width":290,"height":103,"caption":"European Mannequins"},"image":{"@id":"https:\/\/europeanmannequins.com\/#\/schema\/logo\/image\/"},"sameAs":["https:\/\/www.facebook.com\/European-Mannequins-Shop-730455270312249\/?fref=ts"]}]}},"_links":{"self":[{"href":"https:\/\/europeanmannequins.com\/de\/wp-json\/wp\/v2\/product\/32951","targetHints":{"allow":["GET"]}}],"collection":[{"href":"https:\/\/europeanmannequins.com\/de\/wp-json\/wp\/v2\/product"}],"about":[{"href":"https:\/\/europeanmannequins.com\/de\/wp-json\/wp\/v2\/types\/product"}],"replies":[{"embeddable":true,"href":"https:\/\/europeanmannequins.com\/de\/wp-json\/wp\/v2\/comments?post=32951"}],"wp:featuredmedia":[{"embeddable":true,"href":"https:\/\/europeanmannequins.com\/de\/wp-json\/wp\/v2\/media\/31422"}],"wp:attachment":[{"href":"https:\/\/europeanmannequins.com\/de\/wp-json\/wp\/v2\/media?parent=32951"}],"wp:term":[{"taxonomy":"product_brand","embeddable":true,"href":"https:\/\/europeanmannequins.com\/de\/wp-json\/wp\/v2\/product_brand?post=32951"},{"taxonomy":"product_cat","embeddable":true,"href":"https:\/\/europeanmannequins.com\/de\/wp-json\/wp\/v2\/product_cat?post=32951"},{"taxonomy":"product_tag","embeddable":true,"href":"https:\/\/europeanmannequins.com\/de\/wp-json\/wp\/v2\/product_tag?post=32951"}],"curies":[{"name":"wp","href":"https:\/\/api.w.org\/{rel}","templated":true}]}}