{"id":32735,"date":"2016-10-13T15:21:22","date_gmt":"2016-10-13T13:21:22","guid":{"rendered":"https:\/\/europeanmannequins.com\/vare\/christian-grey-emc-1053-77-g\/"},"modified":"2023-10-12T15:24:39","modified_gmt":"2023-10-12T13:24:39","slug":"christian-grey-emc-1053-77-g","status":"publish","type":"product","link":"https:\/\/europeanmannequins.com\/de\/waren\/christian-grey-emc-1053-77-g\/","title":{"rendered":"Christian Gray &#8211; M\u00e4nnliche Schaufensterpuppe &#8211; Mr. Grau"},"content":{"rendered":"","protected":false},"excerpt":{"rendered":"<p><strong>Abstrakte m\u00e4nnliche Schaufensterpuppe<\/strong><\/p>\n<p>Die Herrenschaufensterpuppe \u201eChristian Grey\u201c ist in mehreren verschiedenen Positionen erh\u00e4ltlich. Die Schaufensterpuppe hat einen abnehmbaren Kopf und kann daher auch kopflos verwendet werden. Standardm\u00e4\u00dfig ist die Schaufensterpuppe grau, ist aber auch in vielen anderen Farben erh\u00e4ltlich.<\/p>\n<p>H\u00f6he: 192 cm.<\/p>\n<p>Brustumfang: 98 cm.<\/p>\n<p>Taille: 79 cm.<\/p>\n<p>H\u00fcfte: 89 cm.<\/p>\n<p>Die Schaufensterpuppe wird mit einer runden Fu\u00dfplatte aus Glas inkl. Fu\u00df- und Beinspitze.<\/p>\n","protected":false},"featured_media":31064,"comment_status":"closed","ping_status":"closed","template":"","meta":{"_acf_changed":false},"product_brand":[],"product_cat":[699,706,361,359],"product_tag":[],"class_list":{"0":"post-32735","1":"product","2":"type-product","3":"status-publish","4":"has-post-thumbnail","6":"product_cat-abstrakt-herre-de","7":"product_cat-christian-grey-de","8":"product_cat-mannliche","9":"product_cat-schaufensterpuppe","11":"first","12":"instock","13":"taxable","14":"shipping-taxable","15":"purchasable","16":"product-type-simple"},"acf":[],"yoast_head":"<!-- This site is optimized with the Yoast SEO plugin v27.4 - https:\/\/yoast.com\/product\/yoast-seo-wordpress\/ -->\n<title>Abstrakte m\u00e4nnliche Schaufensterpuppe \u2013 Christian Gray | EMC-1053-77-G<\/title>\n<meta name=\"description\" content=\"Herrenschaufensterpuppe aus der Serie \u201eChristian Grey\u201c. Dies ist das Modell \u201eEMC-1053-77-G\u201c. Lieferung in Grau, kann aber in einer von 700 Farben umlackiert werden.\" \/>\n<meta name=\"robots\" content=\"index, follow, max-snippet:-1, max-image-preview:large, max-video-preview:-1\" \/>\n<link rel=\"canonical\" href=\"https:\/\/europeanmannequins.com\/waren\/christian-grey-emc-1053-77-g\/\" \/>\n<meta property=\"og:locale\" content=\"de_DE\" \/>\n<meta property=\"og:type\" content=\"article\" \/>\n<meta property=\"og:title\" content=\"Abstrakte m\u00e4nnliche Schaufensterpuppe \u2013 Christian Gray | EMC-1053-77-G\" \/>\n<meta property=\"og:description\" content=\"Herrenschaufensterpuppe aus der Serie \u201eChristian Grey\u201c. Dies ist das Modell \u201eEMC-1053-77-G\u201c. Lieferung in Grau, kann aber in einer von 700 Farben umlackiert werden.\" \/>\n<meta property=\"og:url\" content=\"https:\/\/europeanmannequins.com\/waren\/christian-grey-emc-1053-77-g\/\" \/>\n<meta property=\"og:site_name\" content=\"European Mannequins\" \/>\n<meta property=\"article:publisher\" content=\"https:\/\/www.facebook.com\/European-Mannequins-Shop-730455270312249\/?fref=ts\" \/>\n<meta property=\"article:modified_time\" content=\"2023-10-12T13:24:39+00:00\" \/>\n<meta property=\"og:image\" content=\"https:\/\/europeanmannequins.com\/wp-content\/uploads\/2023\/01\/herre-mannequin-gra\u030a.jpeg\" \/>\n\t<meta property=\"og:image:width\" content=\"547\" \/>\n\t<meta property=\"og:image:height\" content=\"1361\" \/>\n\t<meta property=\"og:image:type\" content=\"image\/jpeg\" \/>\n<meta name=\"twitter:card\" content=\"summary_large_image\" \/>\n<script type=\"application\/ld+json\" class=\"yoast-schema-graph\">{\"@context\":\"https:\\\/\\\/schema.org\",\"@graph\":[{\"@type\":\"WebPage\",\"@id\":\"https:\\\/\\\/europeanmannequins.com\\\/waren\\\/christian-grey-emc-1053-77-g\\\/\",\"url\":\"https:\\\/\\\/europeanmannequins.com\\\/waren\\\/christian-grey-emc-1053-77-g\\\/\",\"name\":\"Abstrakte m\u00e4nnliche Schaufensterpuppe \u2013 Christian Gray | EMC-1053-77-G\",\"isPartOf\":{\"@id\":\"https:\\\/\\\/europeanmannequins.com\\\/#website\"},\"primaryImageOfPage\":{\"@id\":\"https:\\\/\\\/europeanmannequins.com\\\/waren\\\/christian-grey-emc-1053-77-g\\\/#primaryimage\"},\"image\":{\"@id\":\"https:\\\/\\\/europeanmannequins.com\\\/waren\\\/christian-grey-emc-1053-77-g\\\/#primaryimage\"},\"thumbnailUrl\":\"https:\\\/\\\/europeanmannequins.com\\\/wp-content\\\/uploads\\\/2023\\\/01\\\/herre-mannequin-gra\u030a.jpeg\",\"datePublished\":\"2016-10-13T13:21:22+00:00\",\"dateModified\":\"2023-10-12T13:24:39+00:00\",\"description\":\"Herrenschaufensterpuppe aus der Serie \u201eChristian Grey\u201c. Dies ist das Modell \u201eEMC-1053-77-G\u201c. Lieferung in Grau, kann aber in einer von 700 Farben umlackiert werden.\",\"breadcrumb\":{\"@id\":\"https:\\\/\\\/europeanmannequins.com\\\/waren\\\/christian-grey-emc-1053-77-g\\\/#breadcrumb\"},\"inLanguage\":\"de\",\"potentialAction\":[{\"@type\":\"ReadAction\",\"target\":[\"https:\\\/\\\/europeanmannequins.com\\\/waren\\\/christian-grey-emc-1053-77-g\\\/\"]}]},{\"@type\":\"ImageObject\",\"inLanguage\":\"de\",\"@id\":\"https:\\\/\\\/europeanmannequins.com\\\/waren\\\/christian-grey-emc-1053-77-g\\\/#primaryimage\",\"url\":\"https:\\\/\\\/europeanmannequins.com\\\/wp-content\\\/uploads\\\/2023\\\/01\\\/herre-mannequin-gra\u030a.jpeg\",\"contentUrl\":\"https:\\\/\\\/europeanmannequins.com\\\/wp-content\\\/uploads\\\/2023\\\/01\\\/herre-mannequin-gra\u030a.jpeg\",\"width\":547,\"height\":1361},{\"@type\":\"BreadcrumbList\",\"@id\":\"https:\\\/\\\/europeanmannequins.com\\\/waren\\\/christian-grey-emc-1053-77-g\\\/#breadcrumb\",\"itemListElement\":[{\"@type\":\"ListItem\",\"position\":1,\"name\":\"Hjem\",\"item\":\"https:\\\/\\\/europeanmannequins.com\\\/de\\\/\"},{\"@type\":\"ListItem\",\"position\":2,\"name\":\"Butik\",\"item\":\"https:\\\/\\\/europeanmannequins.com\\\/butik\\\/\"},{\"@type\":\"ListItem\",\"position\":3,\"name\":\"Christian Gray &#8211; M\u00e4nnliche Schaufensterpuppe &#8211; Mr. Grau\"}]},{\"@type\":\"WebSite\",\"@id\":\"https:\\\/\\\/europeanmannequins.com\\\/#website\",\"url\":\"https:\\\/\\\/europeanmannequins.com\\\/\",\"name\":\"European Mannequins\",\"description\":\"\",\"publisher\":{\"@id\":\"https:\\\/\\\/europeanmannequins.com\\\/#organization\"},\"potentialAction\":[{\"@type\":\"SearchAction\",\"target\":{\"@type\":\"EntryPoint\",\"urlTemplate\":\"https:\\\/\\\/europeanmannequins.com\\\/?s={search_term_string}\"},\"query-input\":{\"@type\":\"PropertyValueSpecification\",\"valueRequired\":true,\"valueName\":\"search_term_string\"}}],\"inLanguage\":\"de\"},{\"@type\":\"Organization\",\"@id\":\"https:\\\/\\\/europeanmannequins.com\\\/#organization\",\"name\":\"European Mannequins\",\"url\":\"https:\\\/\\\/europeanmannequins.com\\\/\",\"logo\":{\"@type\":\"ImageObject\",\"inLanguage\":\"de\",\"@id\":\"https:\\\/\\\/europeanmannequins.com\\\/#\\\/schema\\\/logo\\\/image\\\/\",\"url\":\"https:\\\/\\\/europeanmannequins.com\\\/wp-content\\\/uploads\\\/2016\\\/01\\\/uropeanmannequins_logo.png\",\"contentUrl\":\"https:\\\/\\\/europeanmannequins.com\\\/wp-content\\\/uploads\\\/2016\\\/01\\\/uropeanmannequins_logo.png\",\"width\":290,\"height\":103,\"caption\":\"European Mannequins\"},\"image\":{\"@id\":\"https:\\\/\\\/europeanmannequins.com\\\/#\\\/schema\\\/logo\\\/image\\\/\"},\"sameAs\":[\"https:\\\/\\\/www.facebook.com\\\/European-Mannequins-Shop-730455270312249\\\/?fref=ts\"]}]}<\/script>\n<!-- \/ Yoast SEO plugin. -->","yoast_head_json":{"title":"Abstrakte m\u00e4nnliche Schaufensterpuppe \u2013 Christian Gray | EMC-1053-77-G","description":"Herrenschaufensterpuppe aus der Serie \u201eChristian Grey\u201c. Dies ist das Modell \u201eEMC-1053-77-G\u201c. Lieferung in Grau, kann aber in einer von 700 Farben umlackiert werden.","robots":{"index":"index","follow":"follow","max-snippet":"max-snippet:-1","max-image-preview":"max-image-preview:large","max-video-preview":"max-video-preview:-1"},"canonical":"https:\/\/europeanmannequins.com\/waren\/christian-grey-emc-1053-77-g\/","og_locale":"de_DE","og_type":"article","og_title":"Abstrakte m\u00e4nnliche Schaufensterpuppe \u2013 Christian Gray | EMC-1053-77-G","og_description":"Herrenschaufensterpuppe aus der Serie \u201eChristian Grey\u201c. Dies ist das Modell \u201eEMC-1053-77-G\u201c. Lieferung in Grau, kann aber in einer von 700 Farben umlackiert werden.","og_url":"https:\/\/europeanmannequins.com\/waren\/christian-grey-emc-1053-77-g\/","og_site_name":"European Mannequins","article_publisher":"https:\/\/www.facebook.com\/European-Mannequins-Shop-730455270312249\/?fref=ts","article_modified_time":"2023-10-12T13:24:39+00:00","og_image":[{"width":547,"height":1361,"url":"https:\/\/europeanmannequins.com\/wp-content\/uploads\/2023\/01\/herre-mannequin-gra\u030a.jpeg","type":"image\/jpeg"}],"twitter_card":"summary_large_image","schema":{"@context":"https:\/\/schema.org","@graph":[{"@type":"WebPage","@id":"https:\/\/europeanmannequins.com\/waren\/christian-grey-emc-1053-77-g\/","url":"https:\/\/europeanmannequins.com\/waren\/christian-grey-emc-1053-77-g\/","name":"Abstrakte m\u00e4nnliche Schaufensterpuppe \u2013 Christian Gray | EMC-1053-77-G","isPartOf":{"@id":"https:\/\/europeanmannequins.com\/#website"},"primaryImageOfPage":{"@id":"https:\/\/europeanmannequins.com\/waren\/christian-grey-emc-1053-77-g\/#primaryimage"},"image":{"@id":"https:\/\/europeanmannequins.com\/waren\/christian-grey-emc-1053-77-g\/#primaryimage"},"thumbnailUrl":"https:\/\/europeanmannequins.com\/wp-content\/uploads\/2023\/01\/herre-mannequin-gra\u030a.jpeg","datePublished":"2016-10-13T13:21:22+00:00","dateModified":"2023-10-12T13:24:39+00:00","description":"Herrenschaufensterpuppe aus der Serie \u201eChristian Grey\u201c. Dies ist das Modell \u201eEMC-1053-77-G\u201c. Lieferung in Grau, kann aber in einer von 700 Farben umlackiert werden.","breadcrumb":{"@id":"https:\/\/europeanmannequins.com\/waren\/christian-grey-emc-1053-77-g\/#breadcrumb"},"inLanguage":"de","potentialAction":[{"@type":"ReadAction","target":["https:\/\/europeanmannequins.com\/waren\/christian-grey-emc-1053-77-g\/"]}]},{"@type":"ImageObject","inLanguage":"de","@id":"https:\/\/europeanmannequins.com\/waren\/christian-grey-emc-1053-77-g\/#primaryimage","url":"https:\/\/europeanmannequins.com\/wp-content\/uploads\/2023\/01\/herre-mannequin-gra\u030a.jpeg","contentUrl":"https:\/\/europeanmannequins.com\/wp-content\/uploads\/2023\/01\/herre-mannequin-gra\u030a.jpeg","width":547,"height":1361},{"@type":"BreadcrumbList","@id":"https:\/\/europeanmannequins.com\/waren\/christian-grey-emc-1053-77-g\/#breadcrumb","itemListElement":[{"@type":"ListItem","position":1,"name":"Hjem","item":"https:\/\/europeanmannequins.com\/de\/"},{"@type":"ListItem","position":2,"name":"Butik","item":"https:\/\/europeanmannequins.com\/butik\/"},{"@type":"ListItem","position":3,"name":"Christian Gray &#8211; M\u00e4nnliche Schaufensterpuppe &#8211; Mr. Grau"}]},{"@type":"WebSite","@id":"https:\/\/europeanmannequins.com\/#website","url":"https:\/\/europeanmannequins.com\/","name":"European Mannequins","description":"","publisher":{"@id":"https:\/\/europeanmannequins.com\/#organization"},"potentialAction":[{"@type":"SearchAction","target":{"@type":"EntryPoint","urlTemplate":"https:\/\/europeanmannequins.com\/?s={search_term_string}"},"query-input":{"@type":"PropertyValueSpecification","valueRequired":true,"valueName":"search_term_string"}}],"inLanguage":"de"},{"@type":"Organization","@id":"https:\/\/europeanmannequins.com\/#organization","name":"European Mannequins","url":"https:\/\/europeanmannequins.com\/","logo":{"@type":"ImageObject","inLanguage":"de","@id":"https:\/\/europeanmannequins.com\/#\/schema\/logo\/image\/","url":"https:\/\/europeanmannequins.com\/wp-content\/uploads\/2016\/01\/uropeanmannequins_logo.png","contentUrl":"https:\/\/europeanmannequins.com\/wp-content\/uploads\/2016\/01\/uropeanmannequins_logo.png","width":290,"height":103,"caption":"European Mannequins"},"image":{"@id":"https:\/\/europeanmannequins.com\/#\/schema\/logo\/image\/"},"sameAs":["https:\/\/www.facebook.com\/European-Mannequins-Shop-730455270312249\/?fref=ts"]}]}},"_links":{"self":[{"href":"https:\/\/europeanmannequins.com\/de\/wp-json\/wp\/v2\/product\/32735","targetHints":{"allow":["GET"]}}],"collection":[{"href":"https:\/\/europeanmannequins.com\/de\/wp-json\/wp\/v2\/product"}],"about":[{"href":"https:\/\/europeanmannequins.com\/de\/wp-json\/wp\/v2\/types\/product"}],"replies":[{"embeddable":true,"href":"https:\/\/europeanmannequins.com\/de\/wp-json\/wp\/v2\/comments?post=32735"}],"wp:featuredmedia":[{"embeddable":true,"href":"https:\/\/europeanmannequins.com\/de\/wp-json\/wp\/v2\/media\/31064"}],"wp:attachment":[{"href":"https:\/\/europeanmannequins.com\/de\/wp-json\/wp\/v2\/media?parent=32735"}],"wp:term":[{"taxonomy":"product_brand","embeddable":true,"href":"https:\/\/europeanmannequins.com\/de\/wp-json\/wp\/v2\/product_brand?post=32735"},{"taxonomy":"product_cat","embeddable":true,"href":"https:\/\/europeanmannequins.com\/de\/wp-json\/wp\/v2\/product_cat?post=32735"},{"taxonomy":"product_tag","embeddable":true,"href":"https:\/\/europeanmannequins.com\/de\/wp-json\/wp\/v2\/product_tag?post=32735"}],"curies":[{"name":"wp","href":"https:\/\/api.w.org\/{rel}","templated":true}]}}