{"id":32663,"date":"2020-08-03T13:43:10","date_gmt":"2020-08-03T11:43:10","guid":{"rendered":"https:\/\/europeanmannequins.com\/vare\/toejstativ-smalt-hvidt\/"},"modified":"2024-03-21T16:08:32","modified_gmt":"2024-03-21T15:08:32","slug":"zehenstaender-slim-weiss","status":"publish","type":"product","link":"https:\/\/europeanmannequins.com\/de\/waren\/zehenstaender-slim-weiss\/","title":{"rendered":"Kleiderst\u00e4nder schmal, wei\u00df, ohne Bodenplatte"},"content":{"rendered":"<p>Sch\u00f6ner, schlanker wei\u00dfer Kleiderst\u00e4nder f\u00fcr den Einsatz zu Hause, im Gesch\u00e4ft oder auf Messen.<\/p>\n<p>Ohne Grundplatte<\/p>\n","protected":false},"excerpt":{"rendered":"<p>L\u00e4nge 70 cm<\/p>\n<p>Tiefe 49 cm<\/p>\n<p>H\u00f6he 162 cm<\/p>\n<p>H\u00e4ngeh\u00f6he 150 cm<\/p>\n<p>Bei Bestellung mehrerer Racks erfragen Sie bitte die genauen Versandkosten.<\/p>\n","protected":false},"featured_media":23461,"comment_status":"closed","ping_status":"closed","template":"","meta":{"_acf_changed":false},"product_brand":[],"product_cat":[679],"product_tag":[],"class_list":{"0":"post-32663","1":"product","2":"type-product","3":"status-publish","4":"has-post-thumbnail","6":"product_cat-kleiderstaender-messestand","8":"first","9":"instock","10":"taxable","11":"shipping-taxable","12":"purchasable","13":"product-type-simple"},"acf":[],"yoast_head":"<!-- This site is optimized with the Yoast SEO plugin v27.5 - https:\/\/yoast.com\/product\/yoast-seo-wordpress\/ -->\n<title>Kleiderst\u00e4nder schmal, wei\u00df, ohne Bodenplatte | European Mannequins<\/title>\n<meta name=\"robots\" content=\"index, follow, max-snippet:-1, max-image-preview:large, max-video-preview:-1\" \/>\n<link rel=\"canonical\" href=\"https:\/\/europeanmannequins.com\/de\/waren\/zehenstaender-slim-weiss\/\" \/>\n<meta property=\"og:locale\" content=\"de_DE\" \/>\n<meta property=\"og:type\" content=\"article\" \/>\n<meta property=\"og:title\" content=\"Kleiderst\u00e4nder schmal, wei\u00df, ohne Bodenplatte | European Mannequins\" \/>\n<meta property=\"og:description\" content=\"L\u00e4nge 70 cm  Tiefe 49 cm  H\u00f6he 162 cm  H\u00e4ngeh\u00f6he 150 cm  Bei Bestellung mehrerer Racks erfragen Sie bitte die genauen Versandkosten.\" \/>\n<meta property=\"og:url\" content=\"https:\/\/europeanmannequins.com\/de\/waren\/zehenstaender-slim-weiss\/\" \/>\n<meta property=\"og:site_name\" content=\"European Mannequins\" \/>\n<meta property=\"article:publisher\" content=\"https:\/\/www.facebook.com\/European-Mannequins-Shop-730455270312249\/?fref=ts\" \/>\n<meta property=\"article:modified_time\" content=\"2024-03-21T15:08:32+00:00\" \/>\n<meta property=\"og:image\" content=\"https:\/\/europeanmannequins.com\/wp-content\/uploads\/2020\/08\/T\u00f8jstativ-smalt-hvidt.jpg\" \/>\n\t<meta property=\"og:image:width\" content=\"1365\" \/>\n\t<meta property=\"og:image:height\" content=\"2048\" \/>\n\t<meta property=\"og:image:type\" content=\"image\/jpeg\" \/>\n<meta name=\"twitter:card\" content=\"summary_large_image\" \/>\n<script type=\"application\/ld+json\" class=\"yoast-schema-graph\">{\"@context\":\"https:\\\/\\\/schema.org\",\"@graph\":[{\"@type\":\"WebPage\",\"@id\":\"https:\\\/\\\/europeanmannequins.com\\\/de\\\/waren\\\/zehenstaender-slim-weiss\\\/\",\"url\":\"https:\\\/\\\/europeanmannequins.com\\\/de\\\/waren\\\/zehenstaender-slim-weiss\\\/\",\"name\":\"Kleiderst\u00e4nder schmal, wei\u00df, ohne Bodenplatte | European Mannequins\",\"isPartOf\":{\"@id\":\"https:\\\/\\\/europeanmannequins.com\\\/#website\"},\"primaryImageOfPage\":{\"@id\":\"https:\\\/\\\/europeanmannequins.com\\\/de\\\/waren\\\/zehenstaender-slim-weiss\\\/#primaryimage\"},\"image\":{\"@id\":\"https:\\\/\\\/europeanmannequins.com\\\/de\\\/waren\\\/zehenstaender-slim-weiss\\\/#primaryimage\"},\"thumbnailUrl\":\"https:\\\/\\\/europeanmannequins.com\\\/wp-content\\\/uploads\\\/2020\\\/08\\\/T\u00f8jstativ-smalt-hvidt.jpg\",\"datePublished\":\"2020-08-03T11:43:10+00:00\",\"dateModified\":\"2024-03-21T15:08:32+00:00\",\"breadcrumb\":{\"@id\":\"https:\\\/\\\/europeanmannequins.com\\\/de\\\/waren\\\/zehenstaender-slim-weiss\\\/#breadcrumb\"},\"inLanguage\":\"de\",\"potentialAction\":[{\"@type\":\"ReadAction\",\"target\":[\"https:\\\/\\\/europeanmannequins.com\\\/de\\\/waren\\\/zehenstaender-slim-weiss\\\/\"]}]},{\"@type\":\"ImageObject\",\"inLanguage\":\"de\",\"@id\":\"https:\\\/\\\/europeanmannequins.com\\\/de\\\/waren\\\/zehenstaender-slim-weiss\\\/#primaryimage\",\"url\":\"https:\\\/\\\/europeanmannequins.com\\\/wp-content\\\/uploads\\\/2020\\\/08\\\/T\u00f8jstativ-smalt-hvidt.jpg\",\"contentUrl\":\"https:\\\/\\\/europeanmannequins.com\\\/wp-content\\\/uploads\\\/2020\\\/08\\\/T\u00f8jstativ-smalt-hvidt.jpg\",\"width\":1365,\"height\":2048,\"caption\":\"Kleiderst\u00e4nder schmal wei\u00df\"},{\"@type\":\"BreadcrumbList\",\"@id\":\"https:\\\/\\\/europeanmannequins.com\\\/de\\\/waren\\\/zehenstaender-slim-weiss\\\/#breadcrumb\",\"itemListElement\":[{\"@type\":\"ListItem\",\"position\":1,\"name\":\"Hjem\",\"item\":\"https:\\\/\\\/europeanmannequins.com\\\/de\\\/\"},{\"@type\":\"ListItem\",\"position\":2,\"name\":\"Butik\",\"item\":\"https:\\\/\\\/europeanmannequins.com\\\/butik\\\/\"},{\"@type\":\"ListItem\",\"position\":3,\"name\":\"Kleiderst\u00e4nder schmal, wei\u00df, ohne Bodenplatte\"}]},{\"@type\":\"WebSite\",\"@id\":\"https:\\\/\\\/europeanmannequins.com\\\/#website\",\"url\":\"https:\\\/\\\/europeanmannequins.com\\\/\",\"name\":\"European Mannequins\",\"description\":\"\",\"publisher\":{\"@id\":\"https:\\\/\\\/europeanmannequins.com\\\/#organization\"},\"potentialAction\":[{\"@type\":\"SearchAction\",\"target\":{\"@type\":\"EntryPoint\",\"urlTemplate\":\"https:\\\/\\\/europeanmannequins.com\\\/?s={search_term_string}\"},\"query-input\":{\"@type\":\"PropertyValueSpecification\",\"valueRequired\":true,\"valueName\":\"search_term_string\"}}],\"inLanguage\":\"de\"},{\"@type\":\"Organization\",\"@id\":\"https:\\\/\\\/europeanmannequins.com\\\/#organization\",\"name\":\"European Mannequins\",\"url\":\"https:\\\/\\\/europeanmannequins.com\\\/\",\"logo\":{\"@type\":\"ImageObject\",\"inLanguage\":\"de\",\"@id\":\"https:\\\/\\\/europeanmannequins.com\\\/#\\\/schema\\\/logo\\\/image\\\/\",\"url\":\"https:\\\/\\\/europeanmannequins.com\\\/wp-content\\\/uploads\\\/2016\\\/01\\\/uropeanmannequins_logo.png\",\"contentUrl\":\"https:\\\/\\\/europeanmannequins.com\\\/wp-content\\\/uploads\\\/2016\\\/01\\\/uropeanmannequins_logo.png\",\"width\":290,\"height\":103,\"caption\":\"European Mannequins\"},\"image\":{\"@id\":\"https:\\\/\\\/europeanmannequins.com\\\/#\\\/schema\\\/logo\\\/image\\\/\"},\"sameAs\":[\"https:\\\/\\\/www.facebook.com\\\/European-Mannequins-Shop-730455270312249\\\/?fref=ts\"]}]}<\/script>\n<!-- \/ Yoast SEO plugin. -->","yoast_head_json":{"title":"Kleiderst\u00e4nder schmal, wei\u00df, ohne Bodenplatte | European Mannequins","robots":{"index":"index","follow":"follow","max-snippet":"max-snippet:-1","max-image-preview":"max-image-preview:large","max-video-preview":"max-video-preview:-1"},"canonical":"https:\/\/europeanmannequins.com\/de\/waren\/zehenstaender-slim-weiss\/","og_locale":"de_DE","og_type":"article","og_title":"Kleiderst\u00e4nder schmal, wei\u00df, ohne Bodenplatte | European Mannequins","og_description":"L\u00e4nge 70 cm  Tiefe 49 cm  H\u00f6he 162 cm  H\u00e4ngeh\u00f6he 150 cm  Bei Bestellung mehrerer Racks erfragen Sie bitte die genauen Versandkosten.","og_url":"https:\/\/europeanmannequins.com\/de\/waren\/zehenstaender-slim-weiss\/","og_site_name":"European Mannequins","article_publisher":"https:\/\/www.facebook.com\/European-Mannequins-Shop-730455270312249\/?fref=ts","article_modified_time":"2024-03-21T15:08:32+00:00","og_image":[{"width":1365,"height":2048,"url":"https:\/\/europeanmannequins.com\/wp-content\/uploads\/2020\/08\/T\u00f8jstativ-smalt-hvidt.jpg","type":"image\/jpeg"}],"twitter_card":"summary_large_image","schema":{"@context":"https:\/\/schema.org","@graph":[{"@type":"WebPage","@id":"https:\/\/europeanmannequins.com\/de\/waren\/zehenstaender-slim-weiss\/","url":"https:\/\/europeanmannequins.com\/de\/waren\/zehenstaender-slim-weiss\/","name":"Kleiderst\u00e4nder schmal, wei\u00df, ohne Bodenplatte | European Mannequins","isPartOf":{"@id":"https:\/\/europeanmannequins.com\/#website"},"primaryImageOfPage":{"@id":"https:\/\/europeanmannequins.com\/de\/waren\/zehenstaender-slim-weiss\/#primaryimage"},"image":{"@id":"https:\/\/europeanmannequins.com\/de\/waren\/zehenstaender-slim-weiss\/#primaryimage"},"thumbnailUrl":"https:\/\/europeanmannequins.com\/wp-content\/uploads\/2020\/08\/T\u00f8jstativ-smalt-hvidt.jpg","datePublished":"2020-08-03T11:43:10+00:00","dateModified":"2024-03-21T15:08:32+00:00","breadcrumb":{"@id":"https:\/\/europeanmannequins.com\/de\/waren\/zehenstaender-slim-weiss\/#breadcrumb"},"inLanguage":"de","potentialAction":[{"@type":"ReadAction","target":["https:\/\/europeanmannequins.com\/de\/waren\/zehenstaender-slim-weiss\/"]}]},{"@type":"ImageObject","inLanguage":"de","@id":"https:\/\/europeanmannequins.com\/de\/waren\/zehenstaender-slim-weiss\/#primaryimage","url":"https:\/\/europeanmannequins.com\/wp-content\/uploads\/2020\/08\/T\u00f8jstativ-smalt-hvidt.jpg","contentUrl":"https:\/\/europeanmannequins.com\/wp-content\/uploads\/2020\/08\/T\u00f8jstativ-smalt-hvidt.jpg","width":1365,"height":2048,"caption":"Kleiderst\u00e4nder schmal wei\u00df"},{"@type":"BreadcrumbList","@id":"https:\/\/europeanmannequins.com\/de\/waren\/zehenstaender-slim-weiss\/#breadcrumb","itemListElement":[{"@type":"ListItem","position":1,"name":"Hjem","item":"https:\/\/europeanmannequins.com\/de\/"},{"@type":"ListItem","position":2,"name":"Butik","item":"https:\/\/europeanmannequins.com\/butik\/"},{"@type":"ListItem","position":3,"name":"Kleiderst\u00e4nder schmal, wei\u00df, ohne Bodenplatte"}]},{"@type":"WebSite","@id":"https:\/\/europeanmannequins.com\/#website","url":"https:\/\/europeanmannequins.com\/","name":"European Mannequins","description":"","publisher":{"@id":"https:\/\/europeanmannequins.com\/#organization"},"potentialAction":[{"@type":"SearchAction","target":{"@type":"EntryPoint","urlTemplate":"https:\/\/europeanmannequins.com\/?s={search_term_string}"},"query-input":{"@type":"PropertyValueSpecification","valueRequired":true,"valueName":"search_term_string"}}],"inLanguage":"de"},{"@type":"Organization","@id":"https:\/\/europeanmannequins.com\/#organization","name":"European Mannequins","url":"https:\/\/europeanmannequins.com\/","logo":{"@type":"ImageObject","inLanguage":"de","@id":"https:\/\/europeanmannequins.com\/#\/schema\/logo\/image\/","url":"https:\/\/europeanmannequins.com\/wp-content\/uploads\/2016\/01\/uropeanmannequins_logo.png","contentUrl":"https:\/\/europeanmannequins.com\/wp-content\/uploads\/2016\/01\/uropeanmannequins_logo.png","width":290,"height":103,"caption":"European Mannequins"},"image":{"@id":"https:\/\/europeanmannequins.com\/#\/schema\/logo\/image\/"},"sameAs":["https:\/\/www.facebook.com\/European-Mannequins-Shop-730455270312249\/?fref=ts"]}]}},"_links":{"self":[{"href":"https:\/\/europeanmannequins.com\/de\/wp-json\/wp\/v2\/product\/32663","targetHints":{"allow":["GET"]}}],"collection":[{"href":"https:\/\/europeanmannequins.com\/de\/wp-json\/wp\/v2\/product"}],"about":[{"href":"https:\/\/europeanmannequins.com\/de\/wp-json\/wp\/v2\/types\/product"}],"replies":[{"embeddable":true,"href":"https:\/\/europeanmannequins.com\/de\/wp-json\/wp\/v2\/comments?post=32663"}],"wp:featuredmedia":[{"embeddable":true,"href":"https:\/\/europeanmannequins.com\/de\/wp-json\/wp\/v2\/media\/23461"}],"wp:attachment":[{"href":"https:\/\/europeanmannequins.com\/de\/wp-json\/wp\/v2\/media?parent=32663"}],"wp:term":[{"taxonomy":"product_brand","embeddable":true,"href":"https:\/\/europeanmannequins.com\/de\/wp-json\/wp\/v2\/product_brand?post=32663"},{"taxonomy":"product_cat","embeddable":true,"href":"https:\/\/europeanmannequins.com\/de\/wp-json\/wp\/v2\/product_cat?post=32663"},{"taxonomy":"product_tag","embeddable":true,"href":"https:\/\/europeanmannequins.com\/de\/wp-json\/wp\/v2\/product_tag?post=32663"}],"curies":[{"name":"wp","href":"https:\/\/api.w.org\/{rel}","templated":true}]}}