{"id":32580,"date":"2016-09-19T10:43:48","date_gmt":"2016-09-19T08:43:48","guid":{"rendered":"https:\/\/europeanmannequins.com\/vare\/malou-grey-emc-1018-30-g\/"},"modified":"2023-09-20T15:30:58","modified_gmt":"2023-09-20T13:30:58","slug":"malou-grey-emc-1018-30-g","status":"publish","type":"product","link":"https:\/\/europeanmannequins.com\/de\/waren\/malou-grey-emc-1018-30-g\/","title":{"rendered":"Weibliche Schaufensterpuppe &#8211; stilistisches Gesicht &#8211; Grau &#8211; Bekleidungsgesch\u00e4ft &#8211; Mode"},"content":{"rendered":"","protected":false},"excerpt":{"rendered":"<p><strong>Stilistische weibliche Schaufensterpuppe<\/strong><\/p>\n<p>Damenschaufensterpuppe \u201eMalou Grey\u201c ist in 6 verschiedenen Positionen erh\u00e4ltlich. Die Schaufensterpuppe verf\u00fcgt \u00fcber unser einzigartiges Neck-Lock-System, das es erm\u00f6glicht, den Kopf abzunehmen und stattdessen kopflos zu verwenden. Standardm\u00e4\u00dfig in der Farbe Grau, aber auch in anderen Farben erh\u00e4ltlich.<\/p>\n<p>H\u00f6he: 183 cm.<\/p>\n<p>Brustumfang: 87 cm.<\/p>\n<p>Taille: 68 cm.<\/p>\n<p>H\u00fcfte: 88 cm.<\/p>\n<p>Die Schaufensterpuppe wird mit einer runden Fu\u00dfplatte aus Glas inkl. Fu\u00df- und Beinspitze.<\/p>\n","protected":false},"featured_media":30749,"comment_status":"closed","ping_status":"closed","template":"","meta":{"_acf_changed":false},"product_brand":[],"product_cat":[607,656,359,608],"product_tag":[],"class_list":{"0":"post-32580","1":"product","2":"type-product","3":"status-publish","4":"has-post-thumbnail","6":"product_cat-dame-mannequiner-de","7":"product_cat-malou-grey-de","8":"product_cat-schaufensterpuppe","9":"product_cat-stilistisch","11":"first","12":"instock","13":"taxable","14":"shipping-taxable","15":"purchasable","16":"product-type-simple"},"acf":[],"yoast_head":"<!-- This site is optimized with the Yoast SEO plugin v27.4 - https:\/\/yoast.com\/product\/yoast-seo-wordpress\/ -->\n<title>Schaufensterpuppe mit abnehmbarem Schaufensterpuppenkopf | Europ\u00e4ische Schaufensterpuppen<\/title>\n<meta name=\"description\" content=\"Damenschaufensterpuppe \u201eMalou Grey\u201c ist in 6 verschiedenen Positionen erh\u00e4ltlich. Standardm\u00e4\u00dfig in der Farbe Grau, aber auch in anderen Farben erh\u00e4ltlich. H\u00f6he: 183 cm.\" \/>\n<meta name=\"robots\" content=\"index, follow, max-snippet:-1, max-image-preview:large, max-video-preview:-1\" \/>\n<link rel=\"canonical\" href=\"https:\/\/europeanmannequins.com\/de\/waren\/malou-grey-emc-1018-30-g\/\" \/>\n<meta property=\"og:locale\" content=\"de_DE\" \/>\n<meta property=\"og:type\" content=\"article\" \/>\n<meta property=\"og:title\" content=\"Schaufensterpuppe mit abnehmbarem Schaufensterpuppenkopf | Europ\u00e4ische Schaufensterpuppen\" \/>\n<meta property=\"og:description\" content=\"Damenschaufensterpuppe \u201eMalou Grey\u201c ist in 6 verschiedenen Positionen erh\u00e4ltlich. Standardm\u00e4\u00dfig in der Farbe Grau, aber auch in anderen Farben erh\u00e4ltlich. H\u00f6he: 183 cm.\" \/>\n<meta property=\"og:url\" content=\"https:\/\/europeanmannequins.com\/de\/waren\/malou-grey-emc-1018-30-g\/\" \/>\n<meta property=\"og:site_name\" content=\"European Mannequins\" \/>\n<meta property=\"article:publisher\" content=\"https:\/\/www.facebook.com\/European-Mannequins-Shop-730455270312249\/?fref=ts\" \/>\n<meta property=\"article:modified_time\" content=\"2023-09-20T13:30:58+00:00\" \/>\n<meta property=\"og:image\" content=\"https:\/\/europeanmannequins.com\/wp-content\/uploads\/2022\/12\/gra\u030a-flot-dame-mannequin.jpeg\" \/>\n\t<meta property=\"og:image:width\" content=\"547\" \/>\n\t<meta property=\"og:image:height\" content=\"1361\" \/>\n\t<meta property=\"og:image:type\" content=\"image\/jpeg\" \/>\n<meta name=\"twitter:card\" content=\"summary_large_image\" \/>\n<script type=\"application\/ld+json\" class=\"yoast-schema-graph\">{\"@context\":\"https:\\\/\\\/schema.org\",\"@graph\":[{\"@type\":\"WebPage\",\"@id\":\"https:\\\/\\\/europeanmannequins.com\\\/de\\\/waren\\\/malou-grey-emc-1018-30-g\\\/\",\"url\":\"https:\\\/\\\/europeanmannequins.com\\\/de\\\/waren\\\/malou-grey-emc-1018-30-g\\\/\",\"name\":\"Schaufensterpuppe mit abnehmbarem Schaufensterpuppenkopf | Europ\u00e4ische Schaufensterpuppen\",\"isPartOf\":{\"@id\":\"https:\\\/\\\/europeanmannequins.com\\\/#website\"},\"primaryImageOfPage\":{\"@id\":\"https:\\\/\\\/europeanmannequins.com\\\/de\\\/waren\\\/malou-grey-emc-1018-30-g\\\/#primaryimage\"},\"image\":{\"@id\":\"https:\\\/\\\/europeanmannequins.com\\\/de\\\/waren\\\/malou-grey-emc-1018-30-g\\\/#primaryimage\"},\"thumbnailUrl\":\"https:\\\/\\\/europeanmannequins.com\\\/wp-content\\\/uploads\\\/2022\\\/12\\\/gra\u030a-flot-dame-mannequin.jpeg\",\"datePublished\":\"2016-09-19T08:43:48+00:00\",\"dateModified\":\"2023-09-20T13:30:58+00:00\",\"description\":\"Damenschaufensterpuppe \u201eMalou Grey\u201c ist in 6 verschiedenen Positionen erh\u00e4ltlich. Standardm\u00e4\u00dfig in der Farbe Grau, aber auch in anderen Farben erh\u00e4ltlich. H\u00f6he: 183 cm.\",\"breadcrumb\":{\"@id\":\"https:\\\/\\\/europeanmannequins.com\\\/de\\\/waren\\\/malou-grey-emc-1018-30-g\\\/#breadcrumb\"},\"inLanguage\":\"de\",\"potentialAction\":[{\"@type\":\"ReadAction\",\"target\":[\"https:\\\/\\\/europeanmannequins.com\\\/de\\\/waren\\\/malou-grey-emc-1018-30-g\\\/\"]}]},{\"@type\":\"ImageObject\",\"inLanguage\":\"de\",\"@id\":\"https:\\\/\\\/europeanmannequins.com\\\/de\\\/waren\\\/malou-grey-emc-1018-30-g\\\/#primaryimage\",\"url\":\"https:\\\/\\\/europeanmannequins.com\\\/wp-content\\\/uploads\\\/2022\\\/12\\\/gra\u030a-flot-dame-mannequin.jpeg\",\"contentUrl\":\"https:\\\/\\\/europeanmannequins.com\\\/wp-content\\\/uploads\\\/2022\\\/12\\\/gra\u030a-flot-dame-mannequin.jpeg\",\"width\":547,\"height\":1361},{\"@type\":\"BreadcrumbList\",\"@id\":\"https:\\\/\\\/europeanmannequins.com\\\/de\\\/waren\\\/malou-grey-emc-1018-30-g\\\/#breadcrumb\",\"itemListElement\":[{\"@type\":\"ListItem\",\"position\":1,\"name\":\"Hjem\",\"item\":\"https:\\\/\\\/europeanmannequins.com\\\/de\\\/\"},{\"@type\":\"ListItem\",\"position\":2,\"name\":\"Butik\",\"item\":\"https:\\\/\\\/europeanmannequins.com\\\/butik\\\/\"},{\"@type\":\"ListItem\",\"position\":3,\"name\":\"Weibliche Schaufensterpuppe &#8211; stilistisches Gesicht &#8211; Grau &#8211; Bekleidungsgesch\u00e4ft &#8211; Mode\"}]},{\"@type\":\"WebSite\",\"@id\":\"https:\\\/\\\/europeanmannequins.com\\\/#website\",\"url\":\"https:\\\/\\\/europeanmannequins.com\\\/\",\"name\":\"European Mannequins\",\"description\":\"\",\"publisher\":{\"@id\":\"https:\\\/\\\/europeanmannequins.com\\\/#organization\"},\"potentialAction\":[{\"@type\":\"SearchAction\",\"target\":{\"@type\":\"EntryPoint\",\"urlTemplate\":\"https:\\\/\\\/europeanmannequins.com\\\/?s={search_term_string}\"},\"query-input\":{\"@type\":\"PropertyValueSpecification\",\"valueRequired\":true,\"valueName\":\"search_term_string\"}}],\"inLanguage\":\"de\"},{\"@type\":\"Organization\",\"@id\":\"https:\\\/\\\/europeanmannequins.com\\\/#organization\",\"name\":\"European Mannequins\",\"url\":\"https:\\\/\\\/europeanmannequins.com\\\/\",\"logo\":{\"@type\":\"ImageObject\",\"inLanguage\":\"de\",\"@id\":\"https:\\\/\\\/europeanmannequins.com\\\/#\\\/schema\\\/logo\\\/image\\\/\",\"url\":\"https:\\\/\\\/europeanmannequins.com\\\/wp-content\\\/uploads\\\/2016\\\/01\\\/uropeanmannequins_logo.png\",\"contentUrl\":\"https:\\\/\\\/europeanmannequins.com\\\/wp-content\\\/uploads\\\/2016\\\/01\\\/uropeanmannequins_logo.png\",\"width\":290,\"height\":103,\"caption\":\"European Mannequins\"},\"image\":{\"@id\":\"https:\\\/\\\/europeanmannequins.com\\\/#\\\/schema\\\/logo\\\/image\\\/\"},\"sameAs\":[\"https:\\\/\\\/www.facebook.com\\\/European-Mannequins-Shop-730455270312249\\\/?fref=ts\"]}]}<\/script>\n<!-- \/ Yoast SEO plugin. -->","yoast_head_json":{"title":"Schaufensterpuppe mit abnehmbarem Schaufensterpuppenkopf | Europ\u00e4ische Schaufensterpuppen","description":"Damenschaufensterpuppe \u201eMalou Grey\u201c ist in 6 verschiedenen Positionen erh\u00e4ltlich. Standardm\u00e4\u00dfig in der Farbe Grau, aber auch in anderen Farben erh\u00e4ltlich. H\u00f6he: 183 cm.","robots":{"index":"index","follow":"follow","max-snippet":"max-snippet:-1","max-image-preview":"max-image-preview:large","max-video-preview":"max-video-preview:-1"},"canonical":"https:\/\/europeanmannequins.com\/de\/waren\/malou-grey-emc-1018-30-g\/","og_locale":"de_DE","og_type":"article","og_title":"Schaufensterpuppe mit abnehmbarem Schaufensterpuppenkopf | Europ\u00e4ische Schaufensterpuppen","og_description":"Damenschaufensterpuppe \u201eMalou Grey\u201c ist in 6 verschiedenen Positionen erh\u00e4ltlich. Standardm\u00e4\u00dfig in der Farbe Grau, aber auch in anderen Farben erh\u00e4ltlich. H\u00f6he: 183 cm.","og_url":"https:\/\/europeanmannequins.com\/de\/waren\/malou-grey-emc-1018-30-g\/","og_site_name":"European Mannequins","article_publisher":"https:\/\/www.facebook.com\/European-Mannequins-Shop-730455270312249\/?fref=ts","article_modified_time":"2023-09-20T13:30:58+00:00","og_image":[{"width":547,"height":1361,"url":"https:\/\/europeanmannequins.com\/wp-content\/uploads\/2022\/12\/gra\u030a-flot-dame-mannequin.jpeg","type":"image\/jpeg"}],"twitter_card":"summary_large_image","schema":{"@context":"https:\/\/schema.org","@graph":[{"@type":"WebPage","@id":"https:\/\/europeanmannequins.com\/de\/waren\/malou-grey-emc-1018-30-g\/","url":"https:\/\/europeanmannequins.com\/de\/waren\/malou-grey-emc-1018-30-g\/","name":"Schaufensterpuppe mit abnehmbarem Schaufensterpuppenkopf | Europ\u00e4ische Schaufensterpuppen","isPartOf":{"@id":"https:\/\/europeanmannequins.com\/#website"},"primaryImageOfPage":{"@id":"https:\/\/europeanmannequins.com\/de\/waren\/malou-grey-emc-1018-30-g\/#primaryimage"},"image":{"@id":"https:\/\/europeanmannequins.com\/de\/waren\/malou-grey-emc-1018-30-g\/#primaryimage"},"thumbnailUrl":"https:\/\/europeanmannequins.com\/wp-content\/uploads\/2022\/12\/gra\u030a-flot-dame-mannequin.jpeg","datePublished":"2016-09-19T08:43:48+00:00","dateModified":"2023-09-20T13:30:58+00:00","description":"Damenschaufensterpuppe \u201eMalou Grey\u201c ist in 6 verschiedenen Positionen erh\u00e4ltlich. Standardm\u00e4\u00dfig in der Farbe Grau, aber auch in anderen Farben erh\u00e4ltlich. H\u00f6he: 183 cm.","breadcrumb":{"@id":"https:\/\/europeanmannequins.com\/de\/waren\/malou-grey-emc-1018-30-g\/#breadcrumb"},"inLanguage":"de","potentialAction":[{"@type":"ReadAction","target":["https:\/\/europeanmannequins.com\/de\/waren\/malou-grey-emc-1018-30-g\/"]}]},{"@type":"ImageObject","inLanguage":"de","@id":"https:\/\/europeanmannequins.com\/de\/waren\/malou-grey-emc-1018-30-g\/#primaryimage","url":"https:\/\/europeanmannequins.com\/wp-content\/uploads\/2022\/12\/gra\u030a-flot-dame-mannequin.jpeg","contentUrl":"https:\/\/europeanmannequins.com\/wp-content\/uploads\/2022\/12\/gra\u030a-flot-dame-mannequin.jpeg","width":547,"height":1361},{"@type":"BreadcrumbList","@id":"https:\/\/europeanmannequins.com\/de\/waren\/malou-grey-emc-1018-30-g\/#breadcrumb","itemListElement":[{"@type":"ListItem","position":1,"name":"Hjem","item":"https:\/\/europeanmannequins.com\/de\/"},{"@type":"ListItem","position":2,"name":"Butik","item":"https:\/\/europeanmannequins.com\/butik\/"},{"@type":"ListItem","position":3,"name":"Weibliche Schaufensterpuppe &#8211; stilistisches Gesicht &#8211; Grau &#8211; Bekleidungsgesch\u00e4ft &#8211; Mode"}]},{"@type":"WebSite","@id":"https:\/\/europeanmannequins.com\/#website","url":"https:\/\/europeanmannequins.com\/","name":"European Mannequins","description":"","publisher":{"@id":"https:\/\/europeanmannequins.com\/#organization"},"potentialAction":[{"@type":"SearchAction","target":{"@type":"EntryPoint","urlTemplate":"https:\/\/europeanmannequins.com\/?s={search_term_string}"},"query-input":{"@type":"PropertyValueSpecification","valueRequired":true,"valueName":"search_term_string"}}],"inLanguage":"de"},{"@type":"Organization","@id":"https:\/\/europeanmannequins.com\/#organization","name":"European Mannequins","url":"https:\/\/europeanmannequins.com\/","logo":{"@type":"ImageObject","inLanguage":"de","@id":"https:\/\/europeanmannequins.com\/#\/schema\/logo\/image\/","url":"https:\/\/europeanmannequins.com\/wp-content\/uploads\/2016\/01\/uropeanmannequins_logo.png","contentUrl":"https:\/\/europeanmannequins.com\/wp-content\/uploads\/2016\/01\/uropeanmannequins_logo.png","width":290,"height":103,"caption":"European Mannequins"},"image":{"@id":"https:\/\/europeanmannequins.com\/#\/schema\/logo\/image\/"},"sameAs":["https:\/\/www.facebook.com\/European-Mannequins-Shop-730455270312249\/?fref=ts"]}]}},"_links":{"self":[{"href":"https:\/\/europeanmannequins.com\/de\/wp-json\/wp\/v2\/product\/32580","targetHints":{"allow":["GET"]}}],"collection":[{"href":"https:\/\/europeanmannequins.com\/de\/wp-json\/wp\/v2\/product"}],"about":[{"href":"https:\/\/europeanmannequins.com\/de\/wp-json\/wp\/v2\/types\/product"}],"replies":[{"embeddable":true,"href":"https:\/\/europeanmannequins.com\/de\/wp-json\/wp\/v2\/comments?post=32580"}],"wp:featuredmedia":[{"embeddable":true,"href":"https:\/\/europeanmannequins.com\/de\/wp-json\/wp\/v2\/media\/30749"}],"wp:attachment":[{"href":"https:\/\/europeanmannequins.com\/de\/wp-json\/wp\/v2\/media?parent=32580"}],"wp:term":[{"taxonomy":"product_brand","embeddable":true,"href":"https:\/\/europeanmannequins.com\/de\/wp-json\/wp\/v2\/product_brand?post=32580"},{"taxonomy":"product_cat","embeddable":true,"href":"https:\/\/europeanmannequins.com\/de\/wp-json\/wp\/v2\/product_cat?post=32580"},{"taxonomy":"product_tag","embeddable":true,"href":"https:\/\/europeanmannequins.com\/de\/wp-json\/wp\/v2\/product_tag?post=32580"}],"curies":[{"name":"wp","href":"https:\/\/api.w.org\/{rel}","templated":true}]}}