{"id":32512,"date":"2016-09-09T12:20:18","date_gmt":"2016-09-09T10:20:18","guid":{"rendered":"https:\/\/europeanmannequins.com\/vare\/helena-emc-1017-34a\/"},"modified":"2023-09-06T15:50:31","modified_gmt":"2023-09-06T13:50:31","slug":"helena-emc-1017-34a","status":"publish","type":"product","link":"https:\/\/europeanmannequins.com\/de\/waren\/helena-emc-1017-34a\/","title":{"rendered":"Weibliche Schaufensterpuppe &#8211; stilistischer Kopf &#8211; Make-up &#8211; sitzend &#8211; Bekleidungsgesch\u00e4ft &#8211; Mode"},"content":{"rendered":"","protected":false},"excerpt":{"rendered":"<p>Stilistische weibliche Schaufensterpuppe<\/p>\n<p>Damenschaufensterpuppe \u201eSascha\u201c, die in 6 verschiedenen Positionen erh\u00e4ltlich ist. Die Schaufensterpuppe verf\u00fcgt \u00fcber unser einzigartiges Neck-Lock-System, das es erm\u00f6glicht, weitere K\u00f6pfe zum Anbringen zu kaufen. Sie k\u00f6nnen auch ganz auf das Aufsetzen eines Kopfes verzichten und ihn stattdessen kopflos verwenden. Auch ungeschminkt und in anderen Farben erh\u00e4ltlich.<\/p>\n<p>H\u00f6he: 138 cm.<\/p>\n<p>Brustumfang: 87 cm.<\/p>\n<p>Taille: 68 cm.<\/p>\n<p>Sitzh\u00f6he: 46 cm.<\/p>\n","protected":false},"featured_media":30595,"comment_status":"closed","ping_status":"closed","template":"","meta":{"_acf_changed":false},"product_brand":[],"product_cat":[607,644,647,359,608],"product_tag":[],"class_list":{"0":"post-32512","1":"product","2":"type-product","3":"status-publish","4":"has-post-thumbnail","6":"product_cat-dame-mannequiner-de","7":"product_cat-naturalistisch","8":"product_cat-sascha-mmake-up-de","9":"product_cat-schaufensterpuppe","10":"product_cat-stilistisch","12":"first","13":"outofstock","14":"taxable","15":"shipping-taxable","16":"purchasable","17":"product-type-simple"},"acf":[],"yoast_head":"<!-- This site is optimized with the Yoast SEO plugin v27.4 - https:\/\/yoast.com\/product\/yoast-seo-wordpress\/ -->\n<title>Sitzende Dame mit Make-up - Serie \u201eSascha\u201c | EMC-1017-34A<\/title>\n<meta name=\"description\" content=\"Damenschaufensterpuppe \u201eSascha\u201c, die in 6 verschiedenen Positionen erh\u00e4ltlich ist. Erh\u00e4ltlich mit Neck-Lock-System, das den Kauf anderer K\u00f6pfe erm\u00f6glicht.\" \/>\n<meta name=\"robots\" content=\"index, follow, max-snippet:-1, max-image-preview:large, max-video-preview:-1\" \/>\n<link rel=\"canonical\" href=\"https:\/\/europeanmannequins.com\/waren\/helena-emc-1017-34a\/\" \/>\n<meta property=\"og:locale\" content=\"de_DE\" \/>\n<meta property=\"og:type\" content=\"article\" \/>\n<meta property=\"og:title\" content=\"Sitzende Dame mit Make-up - Serie \u201eSascha\u201c | EMC-1017-34A\" \/>\n<meta property=\"og:description\" content=\"Damenschaufensterpuppe \u201eSascha\u201c, die in 6 verschiedenen Positionen erh\u00e4ltlich ist. Erh\u00e4ltlich mit Neck-Lock-System, das den Kauf anderer K\u00f6pfe erm\u00f6glicht.\" \/>\n<meta property=\"og:url\" content=\"https:\/\/europeanmannequins.com\/waren\/helena-emc-1017-34a\/\" \/>\n<meta property=\"og:site_name\" content=\"European Mannequins\" \/>\n<meta property=\"article:publisher\" content=\"https:\/\/www.facebook.com\/European-Mannequins-Shop-730455270312249\/?fref=ts\" \/>\n<meta property=\"article:modified_time\" content=\"2023-09-06T13:50:31+00:00\" \/>\n<meta property=\"og:image\" content=\"https:\/\/europeanmannequins.com\/wp-content\/uploads\/2022\/12\/siddende-dame-mannequin-med-makeup-.jpeg\" \/>\n\t<meta property=\"og:image:width\" content=\"547\" \/>\n\t<meta property=\"og:image:height\" content=\"1361\" \/>\n\t<meta property=\"og:image:type\" content=\"image\/jpeg\" \/>\n<meta name=\"twitter:card\" content=\"summary_large_image\" \/>\n<script type=\"application\/ld+json\" class=\"yoast-schema-graph\">{\"@context\":\"https:\\\/\\\/schema.org\",\"@graph\":[{\"@type\":\"WebPage\",\"@id\":\"https:\\\/\\\/europeanmannequins.com\\\/waren\\\/helena-emc-1017-34a\\\/\",\"url\":\"https:\\\/\\\/europeanmannequins.com\\\/waren\\\/helena-emc-1017-34a\\\/\",\"name\":\"Sitzende Dame mit Make-up - Serie \u201eSascha\u201c | EMC-1017-34A\",\"isPartOf\":{\"@id\":\"https:\\\/\\\/europeanmannequins.com\\\/#website\"},\"primaryImageOfPage\":{\"@id\":\"https:\\\/\\\/europeanmannequins.com\\\/waren\\\/helena-emc-1017-34a\\\/#primaryimage\"},\"image\":{\"@id\":\"https:\\\/\\\/europeanmannequins.com\\\/waren\\\/helena-emc-1017-34a\\\/#primaryimage\"},\"thumbnailUrl\":\"https:\\\/\\\/europeanmannequins.com\\\/wp-content\\\/uploads\\\/2022\\\/12\\\/siddende-dame-mannequin-med-makeup-.jpeg\",\"datePublished\":\"2016-09-09T10:20:18+00:00\",\"dateModified\":\"2023-09-06T13:50:31+00:00\",\"description\":\"Damenschaufensterpuppe \u201eSascha\u201c, die in 6 verschiedenen Positionen erh\u00e4ltlich ist. Erh\u00e4ltlich mit Neck-Lock-System, das den Kauf anderer K\u00f6pfe erm\u00f6glicht.\",\"breadcrumb\":{\"@id\":\"https:\\\/\\\/europeanmannequins.com\\\/waren\\\/helena-emc-1017-34a\\\/#breadcrumb\"},\"inLanguage\":\"de\",\"potentialAction\":[{\"@type\":\"ReadAction\",\"target\":[\"https:\\\/\\\/europeanmannequins.com\\\/waren\\\/helena-emc-1017-34a\\\/\"]}]},{\"@type\":\"ImageObject\",\"inLanguage\":\"de\",\"@id\":\"https:\\\/\\\/europeanmannequins.com\\\/waren\\\/helena-emc-1017-34a\\\/#primaryimage\",\"url\":\"https:\\\/\\\/europeanmannequins.com\\\/wp-content\\\/uploads\\\/2022\\\/12\\\/siddende-dame-mannequin-med-makeup-.jpeg\",\"contentUrl\":\"https:\\\/\\\/europeanmannequins.com\\\/wp-content\\\/uploads\\\/2022\\\/12\\\/siddende-dame-mannequin-med-makeup-.jpeg\",\"width\":547,\"height\":1361},{\"@type\":\"BreadcrumbList\",\"@id\":\"https:\\\/\\\/europeanmannequins.com\\\/waren\\\/helena-emc-1017-34a\\\/#breadcrumb\",\"itemListElement\":[{\"@type\":\"ListItem\",\"position\":1,\"name\":\"Hjem\",\"item\":\"https:\\\/\\\/europeanmannequins.com\\\/de\\\/\"},{\"@type\":\"ListItem\",\"position\":2,\"name\":\"Butik\",\"item\":\"https:\\\/\\\/europeanmannequins.com\\\/butik\\\/\"},{\"@type\":\"ListItem\",\"position\":3,\"name\":\"Weibliche Schaufensterpuppe &#8211; stilistischer Kopf &#8211; Make-up &#8211; sitzend &#8211; Bekleidungsgesch\u00e4ft &#8211; Mode\"}]},{\"@type\":\"WebSite\",\"@id\":\"https:\\\/\\\/europeanmannequins.com\\\/#website\",\"url\":\"https:\\\/\\\/europeanmannequins.com\\\/\",\"name\":\"European Mannequins\",\"description\":\"\",\"publisher\":{\"@id\":\"https:\\\/\\\/europeanmannequins.com\\\/#organization\"},\"potentialAction\":[{\"@type\":\"SearchAction\",\"target\":{\"@type\":\"EntryPoint\",\"urlTemplate\":\"https:\\\/\\\/europeanmannequins.com\\\/?s={search_term_string}\"},\"query-input\":{\"@type\":\"PropertyValueSpecification\",\"valueRequired\":true,\"valueName\":\"search_term_string\"}}],\"inLanguage\":\"de\"},{\"@type\":\"Organization\",\"@id\":\"https:\\\/\\\/europeanmannequins.com\\\/#organization\",\"name\":\"European Mannequins\",\"url\":\"https:\\\/\\\/europeanmannequins.com\\\/\",\"logo\":{\"@type\":\"ImageObject\",\"inLanguage\":\"de\",\"@id\":\"https:\\\/\\\/europeanmannequins.com\\\/#\\\/schema\\\/logo\\\/image\\\/\",\"url\":\"https:\\\/\\\/europeanmannequins.com\\\/wp-content\\\/uploads\\\/2016\\\/01\\\/uropeanmannequins_logo.png\",\"contentUrl\":\"https:\\\/\\\/europeanmannequins.com\\\/wp-content\\\/uploads\\\/2016\\\/01\\\/uropeanmannequins_logo.png\",\"width\":290,\"height\":103,\"caption\":\"European Mannequins\"},\"image\":{\"@id\":\"https:\\\/\\\/europeanmannequins.com\\\/#\\\/schema\\\/logo\\\/image\\\/\"},\"sameAs\":[\"https:\\\/\\\/www.facebook.com\\\/European-Mannequins-Shop-730455270312249\\\/?fref=ts\"]}]}<\/script>\n<!-- \/ Yoast SEO plugin. -->","yoast_head_json":{"title":"Sitzende Dame mit Make-up - Serie \u201eSascha\u201c | EMC-1017-34A","description":"Damenschaufensterpuppe \u201eSascha\u201c, die in 6 verschiedenen Positionen erh\u00e4ltlich ist. Erh\u00e4ltlich mit Neck-Lock-System, das den Kauf anderer K\u00f6pfe erm\u00f6glicht.","robots":{"index":"index","follow":"follow","max-snippet":"max-snippet:-1","max-image-preview":"max-image-preview:large","max-video-preview":"max-video-preview:-1"},"canonical":"https:\/\/europeanmannequins.com\/waren\/helena-emc-1017-34a\/","og_locale":"de_DE","og_type":"article","og_title":"Sitzende Dame mit Make-up - Serie \u201eSascha\u201c | EMC-1017-34A","og_description":"Damenschaufensterpuppe \u201eSascha\u201c, die in 6 verschiedenen Positionen erh\u00e4ltlich ist. Erh\u00e4ltlich mit Neck-Lock-System, das den Kauf anderer K\u00f6pfe erm\u00f6glicht.","og_url":"https:\/\/europeanmannequins.com\/waren\/helena-emc-1017-34a\/","og_site_name":"European Mannequins","article_publisher":"https:\/\/www.facebook.com\/European-Mannequins-Shop-730455270312249\/?fref=ts","article_modified_time":"2023-09-06T13:50:31+00:00","og_image":[{"width":547,"height":1361,"url":"https:\/\/europeanmannequins.com\/wp-content\/uploads\/2022\/12\/siddende-dame-mannequin-med-makeup-.jpeg","type":"image\/jpeg"}],"twitter_card":"summary_large_image","schema":{"@context":"https:\/\/schema.org","@graph":[{"@type":"WebPage","@id":"https:\/\/europeanmannequins.com\/waren\/helena-emc-1017-34a\/","url":"https:\/\/europeanmannequins.com\/waren\/helena-emc-1017-34a\/","name":"Sitzende Dame mit Make-up - Serie \u201eSascha\u201c | EMC-1017-34A","isPartOf":{"@id":"https:\/\/europeanmannequins.com\/#website"},"primaryImageOfPage":{"@id":"https:\/\/europeanmannequins.com\/waren\/helena-emc-1017-34a\/#primaryimage"},"image":{"@id":"https:\/\/europeanmannequins.com\/waren\/helena-emc-1017-34a\/#primaryimage"},"thumbnailUrl":"https:\/\/europeanmannequins.com\/wp-content\/uploads\/2022\/12\/siddende-dame-mannequin-med-makeup-.jpeg","datePublished":"2016-09-09T10:20:18+00:00","dateModified":"2023-09-06T13:50:31+00:00","description":"Damenschaufensterpuppe \u201eSascha\u201c, die in 6 verschiedenen Positionen erh\u00e4ltlich ist. Erh\u00e4ltlich mit Neck-Lock-System, das den Kauf anderer K\u00f6pfe erm\u00f6glicht.","breadcrumb":{"@id":"https:\/\/europeanmannequins.com\/waren\/helena-emc-1017-34a\/#breadcrumb"},"inLanguage":"de","potentialAction":[{"@type":"ReadAction","target":["https:\/\/europeanmannequins.com\/waren\/helena-emc-1017-34a\/"]}]},{"@type":"ImageObject","inLanguage":"de","@id":"https:\/\/europeanmannequins.com\/waren\/helena-emc-1017-34a\/#primaryimage","url":"https:\/\/europeanmannequins.com\/wp-content\/uploads\/2022\/12\/siddende-dame-mannequin-med-makeup-.jpeg","contentUrl":"https:\/\/europeanmannequins.com\/wp-content\/uploads\/2022\/12\/siddende-dame-mannequin-med-makeup-.jpeg","width":547,"height":1361},{"@type":"BreadcrumbList","@id":"https:\/\/europeanmannequins.com\/waren\/helena-emc-1017-34a\/#breadcrumb","itemListElement":[{"@type":"ListItem","position":1,"name":"Hjem","item":"https:\/\/europeanmannequins.com\/de\/"},{"@type":"ListItem","position":2,"name":"Butik","item":"https:\/\/europeanmannequins.com\/butik\/"},{"@type":"ListItem","position":3,"name":"Weibliche Schaufensterpuppe &#8211; stilistischer Kopf &#8211; Make-up &#8211; sitzend &#8211; Bekleidungsgesch\u00e4ft &#8211; Mode"}]},{"@type":"WebSite","@id":"https:\/\/europeanmannequins.com\/#website","url":"https:\/\/europeanmannequins.com\/","name":"European Mannequins","description":"","publisher":{"@id":"https:\/\/europeanmannequins.com\/#organization"},"potentialAction":[{"@type":"SearchAction","target":{"@type":"EntryPoint","urlTemplate":"https:\/\/europeanmannequins.com\/?s={search_term_string}"},"query-input":{"@type":"PropertyValueSpecification","valueRequired":true,"valueName":"search_term_string"}}],"inLanguage":"de"},{"@type":"Organization","@id":"https:\/\/europeanmannequins.com\/#organization","name":"European Mannequins","url":"https:\/\/europeanmannequins.com\/","logo":{"@type":"ImageObject","inLanguage":"de","@id":"https:\/\/europeanmannequins.com\/#\/schema\/logo\/image\/","url":"https:\/\/europeanmannequins.com\/wp-content\/uploads\/2016\/01\/uropeanmannequins_logo.png","contentUrl":"https:\/\/europeanmannequins.com\/wp-content\/uploads\/2016\/01\/uropeanmannequins_logo.png","width":290,"height":103,"caption":"European Mannequins"},"image":{"@id":"https:\/\/europeanmannequins.com\/#\/schema\/logo\/image\/"},"sameAs":["https:\/\/www.facebook.com\/European-Mannequins-Shop-730455270312249\/?fref=ts"]}]}},"_links":{"self":[{"href":"https:\/\/europeanmannequins.com\/de\/wp-json\/wp\/v2\/product\/32512","targetHints":{"allow":["GET"]}}],"collection":[{"href":"https:\/\/europeanmannequins.com\/de\/wp-json\/wp\/v2\/product"}],"about":[{"href":"https:\/\/europeanmannequins.com\/de\/wp-json\/wp\/v2\/types\/product"}],"replies":[{"embeddable":true,"href":"https:\/\/europeanmannequins.com\/de\/wp-json\/wp\/v2\/comments?post=32512"}],"wp:featuredmedia":[{"embeddable":true,"href":"https:\/\/europeanmannequins.com\/de\/wp-json\/wp\/v2\/media\/30595"}],"wp:attachment":[{"href":"https:\/\/europeanmannequins.com\/de\/wp-json\/wp\/v2\/media?parent=32512"}],"wp:term":[{"taxonomy":"product_brand","embeddable":true,"href":"https:\/\/europeanmannequins.com\/de\/wp-json\/wp\/v2\/product_brand?post=32512"},{"taxonomy":"product_cat","embeddable":true,"href":"https:\/\/europeanmannequins.com\/de\/wp-json\/wp\/v2\/product_cat?post=32512"},{"taxonomy":"product_tag","embeddable":true,"href":"https:\/\/europeanmannequins.com\/de\/wp-json\/wp\/v2\/product_tag?post=32512"}],"curies":[{"name":"wp","href":"https:\/\/api.w.org\/{rel}","templated":true}]}}