{"id":32039,"date":"2016-06-30T13:09:50","date_gmt":"2016-06-30T11:09:50","guid":{"rendered":"https:\/\/europeanmannequins.com\/vare\/naomi-emc-1010-40\/"},"modified":"2024-05-08T15:30:00","modified_gmt":"2024-05-08T13:30:00","slug":"naomi-emc-1010-40","status":"publish","type":"product","link":"https:\/\/europeanmannequins.com\/de\/waren\/naomi-emc-1010-40\/","title":{"rendered":"Damenschaufensterpuppe &#8211; abstrakter Kopf &#8211; Mode &#8211; Gr\u00f6\u00dfe 38"},"content":{"rendered":"<p>Abstrakte weibliche Schaufensterpuppe mit vielen Verwendungsm\u00f6glichkeiten.<\/p>\n<p>Da die Schaufensterpuppe \u00fcber einen abnehmbaren Kopf verf\u00fcgt, k\u00f6nnen Sie zum Anbringen weitere K\u00f6pfe kaufen. Wir haben eine sch\u00f6ne Auswahl an K\u00f6pfen in vielen verschiedenen Stilrichtungen, aus denen Sie frei w\u00e4hlen und kaufen k\u00f6nnen.<\/p>\n<p>Wenn Sie die Schaufensterpuppe in einer anderen Farbe w\u00fcnschen, k\u00f6nnen wir sie gegen einen Lackierzuschlag neu lackieren. Wir k\u00f6nnen mehr als 700 verschiedene Farben anbieten.<\/p>\n<p>Wir haben sowohl Schaufensterpuppe als auch Kopf auf Lager. Bestellen Sie also noch heute und erhalten Sie es innerhalb weniger Tage geliefert.<\/p>\n","protected":false},"excerpt":{"rendered":"<p>Abstrakte Damenschaufensterpuppe<\/p>\n<p>Damenschaufensterpuppe \u201eNaomi\u201c in sch\u00f6nem Offwhite, erh\u00e4ltlich in 6 verschiedenen Positionen. Die Schaufensterpuppe verf\u00fcgt \u00fcber unser v\u00f6llig einzigartiges Neck-Lock-System, das es erm\u00f6glicht, komplett auf das Aufsetzen eines Kopfes zu verzichten und sie stattdessen kopflos zu verwenden. Die Schaufensterpuppe ist auch in anderen Farben erh\u00e4ltlich.<\/p>\n<p>H\u00f6he: 183 cm.<\/p>\n<p>Brustumfang: 88 cm.<\/p>\n<p>Taille: 68 cm.<\/p>\n<p>H\u00fcfte: 89 cm.<\/p>\n<p>Die Schaufensterpuppe wird mit einer runden Fu\u00dfplatte aus Glas inkl. Fu\u00df- und Beinspitze.<\/p>\n","protected":false},"featured_media":30445,"comment_status":"closed","ping_status":"closed","template":"","meta":{"_acf_changed":false},"product_brand":[],"product_cat":[613,607,618,619,359],"product_tag":[],"class_list":{"0":"post-32039","1":"product","2":"type-product","3":"status-publish","4":"has-post-thumbnail","6":"product_cat-abstrakt-de","7":"product_cat-dame-mannequiner-de","8":"product_cat-naomi-de","9":"product_cat-naomi-grey-de","10":"product_cat-schaufensterpuppe","12":"first","13":"instock","14":"taxable","15":"shipping-taxable","16":"purchasable","17":"product-type-simple"},"acf":[],"yoast_head":"<!-- This site is optimized with the Yoast SEO plugin v27.4 - https:\/\/yoast.com\/product\/yoast-seo-wordpress\/ -->\n<title>183 cm gro\u00dfe cremefarbene Damenschaufensterpuppe \u2013 Naomi | Europ\u00e4ische Schaufensterpuppen<\/title>\n<meta name=\"description\" content=\"Damenschaufensterpuppe \u201eNaomi\u201c in sch\u00f6nem Offwhite, erh\u00e4ltlich in 6 verschiedenen Positionen. Einzigartiges Neck-Lock-System, macht den Kopf der Schaufensterpuppe abnehmbar. 183 cm gro\u00df.\" \/>\n<meta name=\"robots\" content=\"index, follow, max-snippet:-1, max-image-preview:large, max-video-preview:-1\" \/>\n<link rel=\"canonical\" href=\"https:\/\/europeanmannequins.com\/waren\/naomi-emc-1010-40\/\" \/>\n<meta property=\"og:locale\" content=\"de_DE\" \/>\n<meta property=\"og:type\" content=\"article\" \/>\n<meta property=\"og:title\" content=\"183 cm gro\u00dfe cremefarbene Damenschaufensterpuppe \u2013 Naomi | Europ\u00e4ische Schaufensterpuppen\" \/>\n<meta property=\"og:description\" content=\"Damenschaufensterpuppe \u201eNaomi\u201c in sch\u00f6nem Offwhite, erh\u00e4ltlich in 6 verschiedenen Positionen. Einzigartiges Neck-Lock-System, macht den Kopf der Schaufensterpuppe abnehmbar. 183 cm gro\u00df.\" \/>\n<meta property=\"og:url\" content=\"https:\/\/europeanmannequins.com\/waren\/naomi-emc-1010-40\/\" \/>\n<meta property=\"og:site_name\" content=\"European Mannequins\" \/>\n<meta property=\"article:publisher\" content=\"https:\/\/www.facebook.com\/European-Mannequins-Shop-730455270312249\/?fref=ts\" \/>\n<meta property=\"article:modified_time\" content=\"2024-05-08T13:30:00+00:00\" \/>\n<meta property=\"og:image\" content=\"https:\/\/europeanmannequins.com\/wp-content\/uploads\/2022\/12\/DAMEMANNEQUIN-ABSTRAKT-HOVEDe.jpeg\" \/>\n\t<meta property=\"og:image:width\" content=\"552\" \/>\n\t<meta property=\"og:image:height\" content=\"1367\" \/>\n\t<meta property=\"og:image:type\" content=\"image\/jpeg\" \/>\n<meta name=\"twitter:card\" content=\"summary_large_image\" \/>\n<script type=\"application\/ld+json\" class=\"yoast-schema-graph\">{\"@context\":\"https:\\\/\\\/schema.org\",\"@graph\":[{\"@type\":\"WebPage\",\"@id\":\"https:\\\/\\\/europeanmannequins.com\\\/waren\\\/naomi-emc-1010-40\\\/\",\"url\":\"https:\\\/\\\/europeanmannequins.com\\\/waren\\\/naomi-emc-1010-40\\\/\",\"name\":\"183 cm gro\u00dfe cremefarbene Damenschaufensterpuppe \u2013 Naomi | Europ\u00e4ische Schaufensterpuppen\",\"isPartOf\":{\"@id\":\"https:\\\/\\\/europeanmannequins.com\\\/#website\"},\"primaryImageOfPage\":{\"@id\":\"https:\\\/\\\/europeanmannequins.com\\\/waren\\\/naomi-emc-1010-40\\\/#primaryimage\"},\"image\":{\"@id\":\"https:\\\/\\\/europeanmannequins.com\\\/waren\\\/naomi-emc-1010-40\\\/#primaryimage\"},\"thumbnailUrl\":\"https:\\\/\\\/europeanmannequins.com\\\/wp-content\\\/uploads\\\/2022\\\/12\\\/DAMEMANNEQUIN-ABSTRAKT-HOVEDe.jpeg\",\"datePublished\":\"2016-06-30T11:09:50+00:00\",\"dateModified\":\"2024-05-08T13:30:00+00:00\",\"description\":\"Damenschaufensterpuppe \u201eNaomi\u201c in sch\u00f6nem Offwhite, erh\u00e4ltlich in 6 verschiedenen Positionen. Einzigartiges Neck-Lock-System, macht den Kopf der Schaufensterpuppe abnehmbar. 183 cm gro\u00df.\",\"breadcrumb\":{\"@id\":\"https:\\\/\\\/europeanmannequins.com\\\/waren\\\/naomi-emc-1010-40\\\/#breadcrumb\"},\"inLanguage\":\"de\",\"potentialAction\":[{\"@type\":\"ReadAction\",\"target\":[\"https:\\\/\\\/europeanmannequins.com\\\/waren\\\/naomi-emc-1010-40\\\/\"]}]},{\"@type\":\"ImageObject\",\"inLanguage\":\"de\",\"@id\":\"https:\\\/\\\/europeanmannequins.com\\\/waren\\\/naomi-emc-1010-40\\\/#primaryimage\",\"url\":\"https:\\\/\\\/europeanmannequins.com\\\/wp-content\\\/uploads\\\/2022\\\/12\\\/DAMEMANNEQUIN-ABSTRAKT-HOVEDe.jpeg\",\"contentUrl\":\"https:\\\/\\\/europeanmannequins.com\\\/wp-content\\\/uploads\\\/2022\\\/12\\\/DAMEMANNEQUIN-ABSTRAKT-HOVEDe.jpeg\",\"width\":552,\"height\":1367},{\"@type\":\"BreadcrumbList\",\"@id\":\"https:\\\/\\\/europeanmannequins.com\\\/waren\\\/naomi-emc-1010-40\\\/#breadcrumb\",\"itemListElement\":[{\"@type\":\"ListItem\",\"position\":1,\"name\":\"Hjem\",\"item\":\"https:\\\/\\\/europeanmannequins.com\\\/de\\\/\"},{\"@type\":\"ListItem\",\"position\":2,\"name\":\"Butik\",\"item\":\"https:\\\/\\\/europeanmannequins.com\\\/butik\\\/\"},{\"@type\":\"ListItem\",\"position\":3,\"name\":\"Damenschaufensterpuppe &#8211; abstrakter Kopf &#8211; Mode &#8211; Gr\u00f6\u00dfe 38\"}]},{\"@type\":\"WebSite\",\"@id\":\"https:\\\/\\\/europeanmannequins.com\\\/#website\",\"url\":\"https:\\\/\\\/europeanmannequins.com\\\/\",\"name\":\"European Mannequins\",\"description\":\"\",\"publisher\":{\"@id\":\"https:\\\/\\\/europeanmannequins.com\\\/#organization\"},\"potentialAction\":[{\"@type\":\"SearchAction\",\"target\":{\"@type\":\"EntryPoint\",\"urlTemplate\":\"https:\\\/\\\/europeanmannequins.com\\\/?s={search_term_string}\"},\"query-input\":{\"@type\":\"PropertyValueSpecification\",\"valueRequired\":true,\"valueName\":\"search_term_string\"}}],\"inLanguage\":\"de\"},{\"@type\":\"Organization\",\"@id\":\"https:\\\/\\\/europeanmannequins.com\\\/#organization\",\"name\":\"European Mannequins\",\"url\":\"https:\\\/\\\/europeanmannequins.com\\\/\",\"logo\":{\"@type\":\"ImageObject\",\"inLanguage\":\"de\",\"@id\":\"https:\\\/\\\/europeanmannequins.com\\\/#\\\/schema\\\/logo\\\/image\\\/\",\"url\":\"https:\\\/\\\/europeanmannequins.com\\\/wp-content\\\/uploads\\\/2016\\\/01\\\/uropeanmannequins_logo.png\",\"contentUrl\":\"https:\\\/\\\/europeanmannequins.com\\\/wp-content\\\/uploads\\\/2016\\\/01\\\/uropeanmannequins_logo.png\",\"width\":290,\"height\":103,\"caption\":\"European Mannequins\"},\"image\":{\"@id\":\"https:\\\/\\\/europeanmannequins.com\\\/#\\\/schema\\\/logo\\\/image\\\/\"},\"sameAs\":[\"https:\\\/\\\/www.facebook.com\\\/European-Mannequins-Shop-730455270312249\\\/?fref=ts\"]}]}<\/script>\n<!-- \/ Yoast SEO plugin. -->","yoast_head_json":{"title":"183 cm gro\u00dfe cremefarbene Damenschaufensterpuppe \u2013 Naomi | Europ\u00e4ische Schaufensterpuppen","description":"Damenschaufensterpuppe \u201eNaomi\u201c in sch\u00f6nem Offwhite, erh\u00e4ltlich in 6 verschiedenen Positionen. Einzigartiges Neck-Lock-System, macht den Kopf der Schaufensterpuppe abnehmbar. 183 cm gro\u00df.","robots":{"index":"index","follow":"follow","max-snippet":"max-snippet:-1","max-image-preview":"max-image-preview:large","max-video-preview":"max-video-preview:-1"},"canonical":"https:\/\/europeanmannequins.com\/waren\/naomi-emc-1010-40\/","og_locale":"de_DE","og_type":"article","og_title":"183 cm gro\u00dfe cremefarbene Damenschaufensterpuppe \u2013 Naomi | Europ\u00e4ische Schaufensterpuppen","og_description":"Damenschaufensterpuppe \u201eNaomi\u201c in sch\u00f6nem Offwhite, erh\u00e4ltlich in 6 verschiedenen Positionen. Einzigartiges Neck-Lock-System, macht den Kopf der Schaufensterpuppe abnehmbar. 183 cm gro\u00df.","og_url":"https:\/\/europeanmannequins.com\/waren\/naomi-emc-1010-40\/","og_site_name":"European Mannequins","article_publisher":"https:\/\/www.facebook.com\/European-Mannequins-Shop-730455270312249\/?fref=ts","article_modified_time":"2024-05-08T13:30:00+00:00","og_image":[{"width":552,"height":1367,"url":"https:\/\/europeanmannequins.com\/wp-content\/uploads\/2022\/12\/DAMEMANNEQUIN-ABSTRAKT-HOVEDe.jpeg","type":"image\/jpeg"}],"twitter_card":"summary_large_image","schema":{"@context":"https:\/\/schema.org","@graph":[{"@type":"WebPage","@id":"https:\/\/europeanmannequins.com\/waren\/naomi-emc-1010-40\/","url":"https:\/\/europeanmannequins.com\/waren\/naomi-emc-1010-40\/","name":"183 cm gro\u00dfe cremefarbene Damenschaufensterpuppe \u2013 Naomi | Europ\u00e4ische Schaufensterpuppen","isPartOf":{"@id":"https:\/\/europeanmannequins.com\/#website"},"primaryImageOfPage":{"@id":"https:\/\/europeanmannequins.com\/waren\/naomi-emc-1010-40\/#primaryimage"},"image":{"@id":"https:\/\/europeanmannequins.com\/waren\/naomi-emc-1010-40\/#primaryimage"},"thumbnailUrl":"https:\/\/europeanmannequins.com\/wp-content\/uploads\/2022\/12\/DAMEMANNEQUIN-ABSTRAKT-HOVEDe.jpeg","datePublished":"2016-06-30T11:09:50+00:00","dateModified":"2024-05-08T13:30:00+00:00","description":"Damenschaufensterpuppe \u201eNaomi\u201c in sch\u00f6nem Offwhite, erh\u00e4ltlich in 6 verschiedenen Positionen. Einzigartiges Neck-Lock-System, macht den Kopf der Schaufensterpuppe abnehmbar. 183 cm gro\u00df.","breadcrumb":{"@id":"https:\/\/europeanmannequins.com\/waren\/naomi-emc-1010-40\/#breadcrumb"},"inLanguage":"de","potentialAction":[{"@type":"ReadAction","target":["https:\/\/europeanmannequins.com\/waren\/naomi-emc-1010-40\/"]}]},{"@type":"ImageObject","inLanguage":"de","@id":"https:\/\/europeanmannequins.com\/waren\/naomi-emc-1010-40\/#primaryimage","url":"https:\/\/europeanmannequins.com\/wp-content\/uploads\/2022\/12\/DAMEMANNEQUIN-ABSTRAKT-HOVEDe.jpeg","contentUrl":"https:\/\/europeanmannequins.com\/wp-content\/uploads\/2022\/12\/DAMEMANNEQUIN-ABSTRAKT-HOVEDe.jpeg","width":552,"height":1367},{"@type":"BreadcrumbList","@id":"https:\/\/europeanmannequins.com\/waren\/naomi-emc-1010-40\/#breadcrumb","itemListElement":[{"@type":"ListItem","position":1,"name":"Hjem","item":"https:\/\/europeanmannequins.com\/de\/"},{"@type":"ListItem","position":2,"name":"Butik","item":"https:\/\/europeanmannequins.com\/butik\/"},{"@type":"ListItem","position":3,"name":"Damenschaufensterpuppe &#8211; abstrakter Kopf &#8211; Mode &#8211; Gr\u00f6\u00dfe 38"}]},{"@type":"WebSite","@id":"https:\/\/europeanmannequins.com\/#website","url":"https:\/\/europeanmannequins.com\/","name":"European Mannequins","description":"","publisher":{"@id":"https:\/\/europeanmannequins.com\/#organization"},"potentialAction":[{"@type":"SearchAction","target":{"@type":"EntryPoint","urlTemplate":"https:\/\/europeanmannequins.com\/?s={search_term_string}"},"query-input":{"@type":"PropertyValueSpecification","valueRequired":true,"valueName":"search_term_string"}}],"inLanguage":"de"},{"@type":"Organization","@id":"https:\/\/europeanmannequins.com\/#organization","name":"European Mannequins","url":"https:\/\/europeanmannequins.com\/","logo":{"@type":"ImageObject","inLanguage":"de","@id":"https:\/\/europeanmannequins.com\/#\/schema\/logo\/image\/","url":"https:\/\/europeanmannequins.com\/wp-content\/uploads\/2016\/01\/uropeanmannequins_logo.png","contentUrl":"https:\/\/europeanmannequins.com\/wp-content\/uploads\/2016\/01\/uropeanmannequins_logo.png","width":290,"height":103,"caption":"European Mannequins"},"image":{"@id":"https:\/\/europeanmannequins.com\/#\/schema\/logo\/image\/"},"sameAs":["https:\/\/www.facebook.com\/European-Mannequins-Shop-730455270312249\/?fref=ts"]}]}},"_links":{"self":[{"href":"https:\/\/europeanmannequins.com\/de\/wp-json\/wp\/v2\/product\/32039","targetHints":{"allow":["GET"]}}],"collection":[{"href":"https:\/\/europeanmannequins.com\/de\/wp-json\/wp\/v2\/product"}],"about":[{"href":"https:\/\/europeanmannequins.com\/de\/wp-json\/wp\/v2\/types\/product"}],"replies":[{"embeddable":true,"href":"https:\/\/europeanmannequins.com\/de\/wp-json\/wp\/v2\/comments?post=32039"}],"wp:featuredmedia":[{"embeddable":true,"href":"https:\/\/europeanmannequins.com\/de\/wp-json\/wp\/v2\/media\/30445"}],"wp:attachment":[{"href":"https:\/\/europeanmannequins.com\/de\/wp-json\/wp\/v2\/media?parent=32039"}],"wp:term":[{"taxonomy":"product_brand","embeddable":true,"href":"https:\/\/europeanmannequins.com\/de\/wp-json\/wp\/v2\/product_brand?post=32039"},{"taxonomy":"product_cat","embeddable":true,"href":"https:\/\/europeanmannequins.com\/de\/wp-json\/wp\/v2\/product_cat?post=32039"},{"taxonomy":"product_tag","embeddable":true,"href":"https:\/\/europeanmannequins.com\/de\/wp-json\/wp\/v2\/product_tag?post=32039"}],"curies":[{"name":"wp","href":"https:\/\/api.w.org\/{rel}","templated":true}]}}