{"id":31767,"date":"2016-07-10T11:41:31","date_gmt":"2016-07-10T09:41:31","guid":{"rendered":"https:\/\/europeanmannequins.com\/vare\/naomi-emc-1016-40-g\/"},"modified":"2024-04-29T15:09:24","modified_gmt":"2024-04-29T13:09:24","slug":"naomi-emc-1016-40-g","status":"publish","type":"product","link":"https:\/\/europeanmannequins.com\/de\/waren\/naomi-emc-1016-40-g\/","title":{"rendered":"Damenfigur &#8211; Abstrakter Kopf &#8211; Grau &#8211; Gr\u00f6\u00dfe 38"},"content":{"rendered":"<p>Graue weibliche Schaufensterpuppe, bei der es auch m\u00f6glich ist, andere K\u00f6pfe zu kaufen, die sehr einfach anzuziehen sind. Wir haben ein breites und sehr vielseitiges Sortiment an Damenk\u00f6pfen in vielen Stilrichtungen.<\/p>\n<p>Wenn Sie die Schaufensterpuppe in einer anderen Farbe w\u00fcnschen, k\u00f6nnen wir sie neu lackieren. Wir verf\u00fcgen \u00fcber eine eigene Lackierabteilung, die \u00fcber langj\u00e4hrige Erfahrung in der Umlackierung von Schaufensterpuppen verf\u00fcgt. Hier k\u00f6nnen Sie zwischen 700 verschiedenen Farben und Oberfl\u00e4chen w\u00e4hlen.<\/p>\n<p>Wir haben sowohl Schaufensterpuppen als auch K\u00f6pfe auf Lager und k\u00f6nnen daher eine Lieferung innerhalb weniger Tage anbieten.<\/p>\n","protected":false},"excerpt":{"rendered":"<p>Abstrakte weibliche Schaufensterpuppe in Grau<\/p>\n<p>Damenfigur \u201eNaomi Grey\u201c in sch\u00f6nem Grau, die in 6 verschiedenen Positionen erh\u00e4ltlich ist. Die Schaufensterpuppe verf\u00fcgt \u00fcber unser v\u00f6llig einzigartiges Neck-Lock-System, das es erm\u00f6glicht, komplett auf das Aufsetzen eines Kopfes zu verzichten und es stattdessen als Headless zu verwenden. Die Schaufensterpuppe ist auch in anderen Farben erh\u00e4ltlich.<\/p>\n<p>H\u00f6he: 183 cm.<\/p>\n<p>Brustumfang: 87 cm.<\/p>\n<p>Taille: 68 cm.<\/p>\n<p>H\u00fcfte: 88 cm.<\/p>\n<p>Die Schaufensterpuppe wird mit einer runden Glasfu\u00dfplatte inkl. Fu\u00df- und Beinspitze.<\/p>\n","protected":false},"featured_media":30317,"comment_status":"open","ping_status":"closed","template":"","meta":{"_acf_changed":false},"product_brand":[],"product_cat":[613,607,618,619,359],"product_tag":[],"class_list":{"0":"post-31767","1":"product","2":"type-product","3":"status-publish","4":"has-post-thumbnail","6":"product_cat-abstrakt-de","7":"product_cat-dame-mannequiner-de","8":"product_cat-naomi-de","9":"product_cat-naomi-grey-de","10":"product_cat-schaufensterpuppe","12":"first","13":"instock","14":"taxable","15":"shipping-taxable","16":"purchasable","17":"product-type-simple"},"acf":[],"yoast_head":"<!-- This site is optimized with the Yoast SEO plugin v27.4 - https:\/\/yoast.com\/product\/yoast-seo-wordpress\/ -->\n<title>Schaufensterpuppe in grau auf Lager - Naomi Grey | European Mannequins<\/title>\n<meta name=\"description\" content=\"Weibliche Schaufensterpuppe in 6 verschiedenen Positionen. Ein elegantes Design, bei dem der Schaufensterpuppenkopf abnehmbar ist und nach Belieben ausgetauscht werden kann.\" \/>\n<meta name=\"robots\" content=\"index, follow, max-snippet:-1, max-image-preview:large, max-video-preview:-1\" \/>\n<link rel=\"canonical\" href=\"https:\/\/europeanmannequins.com\/de\/waren\/naomi-emc-1016-40-g\/\" \/>\n<meta property=\"og:locale\" content=\"de_DE\" \/>\n<meta property=\"og:type\" content=\"article\" \/>\n<meta property=\"og:title\" content=\"Schaufensterpuppe in grau auf Lager - Naomi Grey | European Mannequins\" \/>\n<meta property=\"og:description\" content=\"Weibliche Schaufensterpuppe in 6 verschiedenen Positionen. Ein elegantes Design, bei dem der Schaufensterpuppenkopf abnehmbar ist und nach Belieben ausgetauscht werden kann.\" \/>\n<meta property=\"og:url\" content=\"https:\/\/europeanmannequins.com\/de\/waren\/naomi-emc-1016-40-g\/\" \/>\n<meta property=\"og:site_name\" content=\"European Mannequins\" \/>\n<meta property=\"article:publisher\" content=\"https:\/\/www.facebook.com\/European-Mannequins-Shop-730455270312249\/?fref=ts\" \/>\n<meta property=\"article:modified_time\" content=\"2024-04-29T13:09:24+00:00\" \/>\n<meta property=\"og:image\" content=\"https:\/\/europeanmannequins.com\/wp-content\/uploads\/2022\/12\/lysera\u030a-sta\u030aende-dame-mannequin..jpeg\" \/>\n\t<meta property=\"og:image:width\" content=\"552\" \/>\n\t<meta property=\"og:image:height\" content=\"1367\" \/>\n\t<meta property=\"og:image:type\" content=\"image\/jpeg\" \/>\n<meta name=\"twitter:card\" content=\"summary_large_image\" \/>\n<meta name=\"twitter:label1\" content=\"Gesch\u00e4tzte Lesezeit\" \/>\n\t<meta name=\"twitter:data1\" content=\"1\u00a0Minute\" \/>\n<script type=\"application\/ld+json\" class=\"yoast-schema-graph\">{\"@context\":\"https:\\\/\\\/schema.org\",\"@graph\":[{\"@type\":\"WebPage\",\"@id\":\"https:\\\/\\\/europeanmannequins.com\\\/de\\\/waren\\\/naomi-emc-1016-40-g\\\/\",\"url\":\"https:\\\/\\\/europeanmannequins.com\\\/de\\\/waren\\\/naomi-emc-1016-40-g\\\/\",\"name\":\"Schaufensterpuppe in grau auf Lager - Naomi Grey | European Mannequins\",\"isPartOf\":{\"@id\":\"https:\\\/\\\/europeanmannequins.com\\\/#website\"},\"primaryImageOfPage\":{\"@id\":\"https:\\\/\\\/europeanmannequins.com\\\/de\\\/waren\\\/naomi-emc-1016-40-g\\\/#primaryimage\"},\"image\":{\"@id\":\"https:\\\/\\\/europeanmannequins.com\\\/de\\\/waren\\\/naomi-emc-1016-40-g\\\/#primaryimage\"},\"thumbnailUrl\":\"https:\\\/\\\/europeanmannequins.com\\\/wp-content\\\/uploads\\\/2022\\\/12\\\/lysera\u030a-sta\u030aende-dame-mannequin..jpeg\",\"datePublished\":\"2016-07-10T09:41:31+00:00\",\"dateModified\":\"2024-04-29T13:09:24+00:00\",\"description\":\"Weibliche Schaufensterpuppe in 6 verschiedenen Positionen. Ein elegantes Design, bei dem der Schaufensterpuppenkopf abnehmbar ist und nach Belieben ausgetauscht werden kann.\",\"breadcrumb\":{\"@id\":\"https:\\\/\\\/europeanmannequins.com\\\/de\\\/waren\\\/naomi-emc-1016-40-g\\\/#breadcrumb\"},\"inLanguage\":\"de\",\"potentialAction\":[{\"@type\":\"ReadAction\",\"target\":[\"https:\\\/\\\/europeanmannequins.com\\\/de\\\/waren\\\/naomi-emc-1016-40-g\\\/\"]}]},{\"@type\":\"ImageObject\",\"inLanguage\":\"de\",\"@id\":\"https:\\\/\\\/europeanmannequins.com\\\/de\\\/waren\\\/naomi-emc-1016-40-g\\\/#primaryimage\",\"url\":\"https:\\\/\\\/europeanmannequins.com\\\/wp-content\\\/uploads\\\/2022\\\/12\\\/lysera\u030a-sta\u030aende-dame-mannequin..jpeg\",\"contentUrl\":\"https:\\\/\\\/europeanmannequins.com\\\/wp-content\\\/uploads\\\/2022\\\/12\\\/lysera\u030a-sta\u030aende-dame-mannequin..jpeg\",\"width\":552,\"height\":1367},{\"@type\":\"BreadcrumbList\",\"@id\":\"https:\\\/\\\/europeanmannequins.com\\\/de\\\/waren\\\/naomi-emc-1016-40-g\\\/#breadcrumb\",\"itemListElement\":[{\"@type\":\"ListItem\",\"position\":1,\"name\":\"Hjem\",\"item\":\"https:\\\/\\\/europeanmannequins.com\\\/de\\\/\"},{\"@type\":\"ListItem\",\"position\":2,\"name\":\"Butik\",\"item\":\"https:\\\/\\\/europeanmannequins.com\\\/butik\\\/\"},{\"@type\":\"ListItem\",\"position\":3,\"name\":\"Damenfigur &#8211; Abstrakter Kopf &#8211; Grau &#8211; Gr\u00f6\u00dfe 38\"}]},{\"@type\":\"WebSite\",\"@id\":\"https:\\\/\\\/europeanmannequins.com\\\/#website\",\"url\":\"https:\\\/\\\/europeanmannequins.com\\\/\",\"name\":\"European Mannequins\",\"description\":\"\",\"publisher\":{\"@id\":\"https:\\\/\\\/europeanmannequins.com\\\/#organization\"},\"potentialAction\":[{\"@type\":\"SearchAction\",\"target\":{\"@type\":\"EntryPoint\",\"urlTemplate\":\"https:\\\/\\\/europeanmannequins.com\\\/?s={search_term_string}\"},\"query-input\":{\"@type\":\"PropertyValueSpecification\",\"valueRequired\":true,\"valueName\":\"search_term_string\"}}],\"inLanguage\":\"de\"},{\"@type\":\"Organization\",\"@id\":\"https:\\\/\\\/europeanmannequins.com\\\/#organization\",\"name\":\"European Mannequins\",\"url\":\"https:\\\/\\\/europeanmannequins.com\\\/\",\"logo\":{\"@type\":\"ImageObject\",\"inLanguage\":\"de\",\"@id\":\"https:\\\/\\\/europeanmannequins.com\\\/#\\\/schema\\\/logo\\\/image\\\/\",\"url\":\"https:\\\/\\\/europeanmannequins.com\\\/wp-content\\\/uploads\\\/2016\\\/01\\\/uropeanmannequins_logo.png\",\"contentUrl\":\"https:\\\/\\\/europeanmannequins.com\\\/wp-content\\\/uploads\\\/2016\\\/01\\\/uropeanmannequins_logo.png\",\"width\":290,\"height\":103,\"caption\":\"European Mannequins\"},\"image\":{\"@id\":\"https:\\\/\\\/europeanmannequins.com\\\/#\\\/schema\\\/logo\\\/image\\\/\"},\"sameAs\":[\"https:\\\/\\\/www.facebook.com\\\/European-Mannequins-Shop-730455270312249\\\/?fref=ts\"]}]}<\/script>\n<!-- \/ Yoast SEO plugin. -->","yoast_head_json":{"title":"Schaufensterpuppe in grau auf Lager - Naomi Grey | European Mannequins","description":"Weibliche Schaufensterpuppe in 6 verschiedenen Positionen. Ein elegantes Design, bei dem der Schaufensterpuppenkopf abnehmbar ist und nach Belieben ausgetauscht werden kann.","robots":{"index":"index","follow":"follow","max-snippet":"max-snippet:-1","max-image-preview":"max-image-preview:large","max-video-preview":"max-video-preview:-1"},"canonical":"https:\/\/europeanmannequins.com\/de\/waren\/naomi-emc-1016-40-g\/","og_locale":"de_DE","og_type":"article","og_title":"Schaufensterpuppe in grau auf Lager - Naomi Grey | European Mannequins","og_description":"Weibliche Schaufensterpuppe in 6 verschiedenen Positionen. Ein elegantes Design, bei dem der Schaufensterpuppenkopf abnehmbar ist und nach Belieben ausgetauscht werden kann.","og_url":"https:\/\/europeanmannequins.com\/de\/waren\/naomi-emc-1016-40-g\/","og_site_name":"European Mannequins","article_publisher":"https:\/\/www.facebook.com\/European-Mannequins-Shop-730455270312249\/?fref=ts","article_modified_time":"2024-04-29T13:09:24+00:00","og_image":[{"width":552,"height":1367,"url":"https:\/\/europeanmannequins.com\/wp-content\/uploads\/2022\/12\/lysera\u030a-sta\u030aende-dame-mannequin..jpeg","type":"image\/jpeg"}],"twitter_card":"summary_large_image","twitter_misc":{"Gesch\u00e4tzte Lesezeit":"1\u00a0Minute"},"schema":{"@context":"https:\/\/schema.org","@graph":[{"@type":"WebPage","@id":"https:\/\/europeanmannequins.com\/de\/waren\/naomi-emc-1016-40-g\/","url":"https:\/\/europeanmannequins.com\/de\/waren\/naomi-emc-1016-40-g\/","name":"Schaufensterpuppe in grau auf Lager - Naomi Grey | European Mannequins","isPartOf":{"@id":"https:\/\/europeanmannequins.com\/#website"},"primaryImageOfPage":{"@id":"https:\/\/europeanmannequins.com\/de\/waren\/naomi-emc-1016-40-g\/#primaryimage"},"image":{"@id":"https:\/\/europeanmannequins.com\/de\/waren\/naomi-emc-1016-40-g\/#primaryimage"},"thumbnailUrl":"https:\/\/europeanmannequins.com\/wp-content\/uploads\/2022\/12\/lysera\u030a-sta\u030aende-dame-mannequin..jpeg","datePublished":"2016-07-10T09:41:31+00:00","dateModified":"2024-04-29T13:09:24+00:00","description":"Weibliche Schaufensterpuppe in 6 verschiedenen Positionen. Ein elegantes Design, bei dem der Schaufensterpuppenkopf abnehmbar ist und nach Belieben ausgetauscht werden kann.","breadcrumb":{"@id":"https:\/\/europeanmannequins.com\/de\/waren\/naomi-emc-1016-40-g\/#breadcrumb"},"inLanguage":"de","potentialAction":[{"@type":"ReadAction","target":["https:\/\/europeanmannequins.com\/de\/waren\/naomi-emc-1016-40-g\/"]}]},{"@type":"ImageObject","inLanguage":"de","@id":"https:\/\/europeanmannequins.com\/de\/waren\/naomi-emc-1016-40-g\/#primaryimage","url":"https:\/\/europeanmannequins.com\/wp-content\/uploads\/2022\/12\/lysera\u030a-sta\u030aende-dame-mannequin..jpeg","contentUrl":"https:\/\/europeanmannequins.com\/wp-content\/uploads\/2022\/12\/lysera\u030a-sta\u030aende-dame-mannequin..jpeg","width":552,"height":1367},{"@type":"BreadcrumbList","@id":"https:\/\/europeanmannequins.com\/de\/waren\/naomi-emc-1016-40-g\/#breadcrumb","itemListElement":[{"@type":"ListItem","position":1,"name":"Hjem","item":"https:\/\/europeanmannequins.com\/de\/"},{"@type":"ListItem","position":2,"name":"Butik","item":"https:\/\/europeanmannequins.com\/butik\/"},{"@type":"ListItem","position":3,"name":"Damenfigur &#8211; Abstrakter Kopf &#8211; Grau &#8211; Gr\u00f6\u00dfe 38"}]},{"@type":"WebSite","@id":"https:\/\/europeanmannequins.com\/#website","url":"https:\/\/europeanmannequins.com\/","name":"European Mannequins","description":"","publisher":{"@id":"https:\/\/europeanmannequins.com\/#organization"},"potentialAction":[{"@type":"SearchAction","target":{"@type":"EntryPoint","urlTemplate":"https:\/\/europeanmannequins.com\/?s={search_term_string}"},"query-input":{"@type":"PropertyValueSpecification","valueRequired":true,"valueName":"search_term_string"}}],"inLanguage":"de"},{"@type":"Organization","@id":"https:\/\/europeanmannequins.com\/#organization","name":"European Mannequins","url":"https:\/\/europeanmannequins.com\/","logo":{"@type":"ImageObject","inLanguage":"de","@id":"https:\/\/europeanmannequins.com\/#\/schema\/logo\/image\/","url":"https:\/\/europeanmannequins.com\/wp-content\/uploads\/2016\/01\/uropeanmannequins_logo.png","contentUrl":"https:\/\/europeanmannequins.com\/wp-content\/uploads\/2016\/01\/uropeanmannequins_logo.png","width":290,"height":103,"caption":"European Mannequins"},"image":{"@id":"https:\/\/europeanmannequins.com\/#\/schema\/logo\/image\/"},"sameAs":["https:\/\/www.facebook.com\/European-Mannequins-Shop-730455270312249\/?fref=ts"]}]}},"_links":{"self":[{"href":"https:\/\/europeanmannequins.com\/de\/wp-json\/wp\/v2\/product\/31767","targetHints":{"allow":["GET"]}}],"collection":[{"href":"https:\/\/europeanmannequins.com\/de\/wp-json\/wp\/v2\/product"}],"about":[{"href":"https:\/\/europeanmannequins.com\/de\/wp-json\/wp\/v2\/types\/product"}],"replies":[{"embeddable":true,"href":"https:\/\/europeanmannequins.com\/de\/wp-json\/wp\/v2\/comments?post=31767"}],"wp:featuredmedia":[{"embeddable":true,"href":"https:\/\/europeanmannequins.com\/de\/wp-json\/wp\/v2\/media\/30317"}],"wp:attachment":[{"href":"https:\/\/europeanmannequins.com\/de\/wp-json\/wp\/v2\/media?parent=31767"}],"wp:term":[{"taxonomy":"product_brand","embeddable":true,"href":"https:\/\/europeanmannequins.com\/de\/wp-json\/wp\/v2\/product_brand?post=31767"},{"taxonomy":"product_cat","embeddable":true,"href":"https:\/\/europeanmannequins.com\/de\/wp-json\/wp\/v2\/product_cat?post=31767"},{"taxonomy":"product_tag","embeddable":true,"href":"https:\/\/europeanmannequins.com\/de\/wp-json\/wp\/v2\/product_tag?post=31767"}],"curies":[{"name":"wp","href":"https:\/\/api.w.org\/{rel}","templated":true}]}}