{"id":31766,"date":"2016-07-13T13:52:35","date_gmt":"2016-07-13T11:52:35","guid":{"rendered":"https:\/\/europeanmannequins.com\/vare\/naomi-grey-emc-1017-40-g\/"},"modified":"2024-04-29T15:09:10","modified_gmt":"2024-04-29T13:09:10","slug":"naomi-grey-emc-1017-40-g","status":"publish","type":"product","link":"https:\/\/europeanmannequins.com\/de\/waren\/naomi-grey-emc-1017-40-g\/","title":{"rendered":"Damenfigur &#8211; abstrakter Kopf &#8211; grau &#8211; sitzend"},"content":{"rendered":"<p>Elegante sitzende Damenfigur in sch\u00f6nem Grau, die mit dem abnehmbaren Kopf gro\u00dfe Flexibilit\u00e4t und viele Einsatzm\u00f6glichkeiten bietet.<\/p>\n<p>Verwenden Sie die Schaufensterpuppe mit oder ohne Kopf oder kaufen Sie ganz andere K\u00f6pfe zum Anbringen. F\u00fcr diese Schaufensterpuppe haben wir ein v\u00f6llig einzigartiges Sortiment an weiblichen K\u00f6pfen in vielen verschiedenen Stilrichtungen entwickelt.<\/p>\n<p>Wir haben Schaufensterpuppen und K\u00f6pfe auf Lager und k\u00f6nnen innerhalb kurzer Zeit geliefert werden.<\/p>\n","protected":false},"excerpt":{"rendered":"<p>Abstrakte weibliche Schaufensterpuppe in Grau<\/p>\n<p>Damenfigur &#8220;Naomi Grey&#8221;, die in 6 verschiedenen Positionen erh\u00e4ltlich ist. Die Schaufensterpuppe verf\u00fcgt \u00fcber unser einzigartiges Neck-Lock-System, das es erm\u00f6glicht, andere K\u00f6pfe zum Anbringen zu kaufen. Du kannst auch komplett auf das Aufsetzen eines Kopfes verzichten und ihn stattdessen als Headless verwenden. Die Schaufensterpuppe ist auch in anderen Farben erh\u00e4ltlich.<\/p>\n<p>H\u00f6he: 138 cm.<\/p>\n<p>Brustumfang: 87 cm.<\/p>\n<p>Taille: 68 cm.<\/p>\n<p>Sitzh\u00f6he: 46 cm.<\/p>\n","protected":false},"featured_media":30314,"comment_status":"open","ping_status":"closed","template":"","meta":{"_acf_changed":false},"product_brand":[],"product_cat":[613,607,618,619,359],"product_tag":[],"class_list":{"0":"post-31766","1":"product","2":"type-product","3":"status-publish","4":"has-post-thumbnail","6":"product_cat-abstrakt-de","7":"product_cat-dame-mannequiner-de","8":"product_cat-naomi-de","9":"product_cat-naomi-grey-de","10":"product_cat-schaufensterpuppe","12":"first","13":"instock","14":"taxable","15":"shipping-taxable","16":"purchasable","17":"product-type-simple"},"acf":[],"yoast_head":"<!-- This site is optimized with the Yoast SEO plugin v27.4 - https:\/\/yoast.com\/product\/yoast-seo-wordpress\/ -->\n<title>Elegante Sitzfigur - Naomi Grey | European Mannequins<\/title>\n<meta name=\"description\" content=\"Weibliche Schaufensterpuppe in 6 verschiedenen Positionen. Ein elegantes Design, bei dem der Schaufensterpuppenkopf abnehmbar ist und nach Belieben ausgetauscht werden kann.\" \/>\n<meta name=\"robots\" content=\"index, follow, max-snippet:-1, max-image-preview:large, max-video-preview:-1\" \/>\n<link rel=\"canonical\" href=\"https:\/\/europeanmannequins.com\/waren\/naomi-grey-emc-1017-40-g\/\" \/>\n<meta property=\"og:locale\" content=\"de_DE\" \/>\n<meta property=\"og:type\" content=\"article\" \/>\n<meta property=\"og:title\" content=\"Elegante Sitzfigur - Naomi Grey | European Mannequins\" \/>\n<meta property=\"og:description\" content=\"Weibliche Schaufensterpuppe in 6 verschiedenen Positionen. Ein elegantes Design, bei dem der Schaufensterpuppenkopf abnehmbar ist und nach Belieben ausgetauscht werden kann.\" \/>\n<meta property=\"og:url\" content=\"https:\/\/europeanmannequins.com\/waren\/naomi-grey-emc-1017-40-g\/\" \/>\n<meta property=\"og:site_name\" content=\"European Mannequins\" \/>\n<meta property=\"article:publisher\" content=\"https:\/\/www.facebook.com\/European-Mannequins-Shop-730455270312249\/?fref=ts\" \/>\n<meta property=\"article:modified_time\" content=\"2024-04-29T13:09:10+00:00\" \/>\n<meta property=\"og:image\" content=\"https:\/\/europeanmannequins.com\/wp-content\/uploads\/2022\/12\/lysera\u030a-siddende-dame-mannequin.jpeg\" \/>\n\t<meta property=\"og:image:width\" content=\"552\" \/>\n\t<meta property=\"og:image:height\" content=\"1367\" \/>\n\t<meta property=\"og:image:type\" content=\"image\/jpeg\" \/>\n<meta name=\"twitter:card\" content=\"summary_large_image\" \/>\n<script type=\"application\/ld+json\" class=\"yoast-schema-graph\">{\"@context\":\"https:\\\/\\\/schema.org\",\"@graph\":[{\"@type\":\"WebPage\",\"@id\":\"https:\\\/\\\/europeanmannequins.com\\\/waren\\\/naomi-grey-emc-1017-40-g\\\/\",\"url\":\"https:\\\/\\\/europeanmannequins.com\\\/waren\\\/naomi-grey-emc-1017-40-g\\\/\",\"name\":\"Elegante Sitzfigur - Naomi Grey | European Mannequins\",\"isPartOf\":{\"@id\":\"https:\\\/\\\/europeanmannequins.com\\\/#website\"},\"primaryImageOfPage\":{\"@id\":\"https:\\\/\\\/europeanmannequins.com\\\/waren\\\/naomi-grey-emc-1017-40-g\\\/#primaryimage\"},\"image\":{\"@id\":\"https:\\\/\\\/europeanmannequins.com\\\/waren\\\/naomi-grey-emc-1017-40-g\\\/#primaryimage\"},\"thumbnailUrl\":\"https:\\\/\\\/europeanmannequins.com\\\/wp-content\\\/uploads\\\/2022\\\/12\\\/lysera\u030a-siddende-dame-mannequin.jpeg\",\"datePublished\":\"2016-07-13T11:52:35+00:00\",\"dateModified\":\"2024-04-29T13:09:10+00:00\",\"description\":\"Weibliche Schaufensterpuppe in 6 verschiedenen Positionen. Ein elegantes Design, bei dem der Schaufensterpuppenkopf abnehmbar ist und nach Belieben ausgetauscht werden kann.\",\"breadcrumb\":{\"@id\":\"https:\\\/\\\/europeanmannequins.com\\\/waren\\\/naomi-grey-emc-1017-40-g\\\/#breadcrumb\"},\"inLanguage\":\"de\",\"potentialAction\":[{\"@type\":\"ReadAction\",\"target\":[\"https:\\\/\\\/europeanmannequins.com\\\/waren\\\/naomi-grey-emc-1017-40-g\\\/\"]}]},{\"@type\":\"ImageObject\",\"inLanguage\":\"de\",\"@id\":\"https:\\\/\\\/europeanmannequins.com\\\/waren\\\/naomi-grey-emc-1017-40-g\\\/#primaryimage\",\"url\":\"https:\\\/\\\/europeanmannequins.com\\\/wp-content\\\/uploads\\\/2022\\\/12\\\/lysera\u030a-siddende-dame-mannequin.jpeg\",\"contentUrl\":\"https:\\\/\\\/europeanmannequins.com\\\/wp-content\\\/uploads\\\/2022\\\/12\\\/lysera\u030a-siddende-dame-mannequin.jpeg\",\"width\":552,\"height\":1367},{\"@type\":\"BreadcrumbList\",\"@id\":\"https:\\\/\\\/europeanmannequins.com\\\/waren\\\/naomi-grey-emc-1017-40-g\\\/#breadcrumb\",\"itemListElement\":[{\"@type\":\"ListItem\",\"position\":1,\"name\":\"Hjem\",\"item\":\"https:\\\/\\\/europeanmannequins.com\\\/de\\\/\"},{\"@type\":\"ListItem\",\"position\":2,\"name\":\"Butik\",\"item\":\"https:\\\/\\\/europeanmannequins.com\\\/butik\\\/\"},{\"@type\":\"ListItem\",\"position\":3,\"name\":\"Damenfigur &#8211; abstrakter Kopf &#8211; grau &#8211; sitzend\"}]},{\"@type\":\"WebSite\",\"@id\":\"https:\\\/\\\/europeanmannequins.com\\\/#website\",\"url\":\"https:\\\/\\\/europeanmannequins.com\\\/\",\"name\":\"European Mannequins\",\"description\":\"\",\"publisher\":{\"@id\":\"https:\\\/\\\/europeanmannequins.com\\\/#organization\"},\"potentialAction\":[{\"@type\":\"SearchAction\",\"target\":{\"@type\":\"EntryPoint\",\"urlTemplate\":\"https:\\\/\\\/europeanmannequins.com\\\/?s={search_term_string}\"},\"query-input\":{\"@type\":\"PropertyValueSpecification\",\"valueRequired\":true,\"valueName\":\"search_term_string\"}}],\"inLanguage\":\"de\"},{\"@type\":\"Organization\",\"@id\":\"https:\\\/\\\/europeanmannequins.com\\\/#organization\",\"name\":\"European Mannequins\",\"url\":\"https:\\\/\\\/europeanmannequins.com\\\/\",\"logo\":{\"@type\":\"ImageObject\",\"inLanguage\":\"de\",\"@id\":\"https:\\\/\\\/europeanmannequins.com\\\/#\\\/schema\\\/logo\\\/image\\\/\",\"url\":\"https:\\\/\\\/europeanmannequins.com\\\/wp-content\\\/uploads\\\/2016\\\/01\\\/uropeanmannequins_logo.png\",\"contentUrl\":\"https:\\\/\\\/europeanmannequins.com\\\/wp-content\\\/uploads\\\/2016\\\/01\\\/uropeanmannequins_logo.png\",\"width\":290,\"height\":103,\"caption\":\"European Mannequins\"},\"image\":{\"@id\":\"https:\\\/\\\/europeanmannequins.com\\\/#\\\/schema\\\/logo\\\/image\\\/\"},\"sameAs\":[\"https:\\\/\\\/www.facebook.com\\\/European-Mannequins-Shop-730455270312249\\\/?fref=ts\"]}]}<\/script>\n<!-- \/ Yoast SEO plugin. -->","yoast_head_json":{"title":"Elegante Sitzfigur - Naomi Grey | European Mannequins","description":"Weibliche Schaufensterpuppe in 6 verschiedenen Positionen. Ein elegantes Design, bei dem der Schaufensterpuppenkopf abnehmbar ist und nach Belieben ausgetauscht werden kann.","robots":{"index":"index","follow":"follow","max-snippet":"max-snippet:-1","max-image-preview":"max-image-preview:large","max-video-preview":"max-video-preview:-1"},"canonical":"https:\/\/europeanmannequins.com\/waren\/naomi-grey-emc-1017-40-g\/","og_locale":"de_DE","og_type":"article","og_title":"Elegante Sitzfigur - Naomi Grey | European Mannequins","og_description":"Weibliche Schaufensterpuppe in 6 verschiedenen Positionen. Ein elegantes Design, bei dem der Schaufensterpuppenkopf abnehmbar ist und nach Belieben ausgetauscht werden kann.","og_url":"https:\/\/europeanmannequins.com\/waren\/naomi-grey-emc-1017-40-g\/","og_site_name":"European Mannequins","article_publisher":"https:\/\/www.facebook.com\/European-Mannequins-Shop-730455270312249\/?fref=ts","article_modified_time":"2024-04-29T13:09:10+00:00","og_image":[{"width":552,"height":1367,"url":"https:\/\/europeanmannequins.com\/wp-content\/uploads\/2022\/12\/lysera\u030a-siddende-dame-mannequin.jpeg","type":"image\/jpeg"}],"twitter_card":"summary_large_image","schema":{"@context":"https:\/\/schema.org","@graph":[{"@type":"WebPage","@id":"https:\/\/europeanmannequins.com\/waren\/naomi-grey-emc-1017-40-g\/","url":"https:\/\/europeanmannequins.com\/waren\/naomi-grey-emc-1017-40-g\/","name":"Elegante Sitzfigur - Naomi Grey | European Mannequins","isPartOf":{"@id":"https:\/\/europeanmannequins.com\/#website"},"primaryImageOfPage":{"@id":"https:\/\/europeanmannequins.com\/waren\/naomi-grey-emc-1017-40-g\/#primaryimage"},"image":{"@id":"https:\/\/europeanmannequins.com\/waren\/naomi-grey-emc-1017-40-g\/#primaryimage"},"thumbnailUrl":"https:\/\/europeanmannequins.com\/wp-content\/uploads\/2022\/12\/lysera\u030a-siddende-dame-mannequin.jpeg","datePublished":"2016-07-13T11:52:35+00:00","dateModified":"2024-04-29T13:09:10+00:00","description":"Weibliche Schaufensterpuppe in 6 verschiedenen Positionen. Ein elegantes Design, bei dem der Schaufensterpuppenkopf abnehmbar ist und nach Belieben ausgetauscht werden kann.","breadcrumb":{"@id":"https:\/\/europeanmannequins.com\/waren\/naomi-grey-emc-1017-40-g\/#breadcrumb"},"inLanguage":"de","potentialAction":[{"@type":"ReadAction","target":["https:\/\/europeanmannequins.com\/waren\/naomi-grey-emc-1017-40-g\/"]}]},{"@type":"ImageObject","inLanguage":"de","@id":"https:\/\/europeanmannequins.com\/waren\/naomi-grey-emc-1017-40-g\/#primaryimage","url":"https:\/\/europeanmannequins.com\/wp-content\/uploads\/2022\/12\/lysera\u030a-siddende-dame-mannequin.jpeg","contentUrl":"https:\/\/europeanmannequins.com\/wp-content\/uploads\/2022\/12\/lysera\u030a-siddende-dame-mannequin.jpeg","width":552,"height":1367},{"@type":"BreadcrumbList","@id":"https:\/\/europeanmannequins.com\/waren\/naomi-grey-emc-1017-40-g\/#breadcrumb","itemListElement":[{"@type":"ListItem","position":1,"name":"Hjem","item":"https:\/\/europeanmannequins.com\/de\/"},{"@type":"ListItem","position":2,"name":"Butik","item":"https:\/\/europeanmannequins.com\/butik\/"},{"@type":"ListItem","position":3,"name":"Damenfigur &#8211; abstrakter Kopf &#8211; grau &#8211; sitzend"}]},{"@type":"WebSite","@id":"https:\/\/europeanmannequins.com\/#website","url":"https:\/\/europeanmannequins.com\/","name":"European Mannequins","description":"","publisher":{"@id":"https:\/\/europeanmannequins.com\/#organization"},"potentialAction":[{"@type":"SearchAction","target":{"@type":"EntryPoint","urlTemplate":"https:\/\/europeanmannequins.com\/?s={search_term_string}"},"query-input":{"@type":"PropertyValueSpecification","valueRequired":true,"valueName":"search_term_string"}}],"inLanguage":"de"},{"@type":"Organization","@id":"https:\/\/europeanmannequins.com\/#organization","name":"European Mannequins","url":"https:\/\/europeanmannequins.com\/","logo":{"@type":"ImageObject","inLanguage":"de","@id":"https:\/\/europeanmannequins.com\/#\/schema\/logo\/image\/","url":"https:\/\/europeanmannequins.com\/wp-content\/uploads\/2016\/01\/uropeanmannequins_logo.png","contentUrl":"https:\/\/europeanmannequins.com\/wp-content\/uploads\/2016\/01\/uropeanmannequins_logo.png","width":290,"height":103,"caption":"European Mannequins"},"image":{"@id":"https:\/\/europeanmannequins.com\/#\/schema\/logo\/image\/"},"sameAs":["https:\/\/www.facebook.com\/European-Mannequins-Shop-730455270312249\/?fref=ts"]}]}},"_links":{"self":[{"href":"https:\/\/europeanmannequins.com\/de\/wp-json\/wp\/v2\/product\/31766","targetHints":{"allow":["GET"]}}],"collection":[{"href":"https:\/\/europeanmannequins.com\/de\/wp-json\/wp\/v2\/product"}],"about":[{"href":"https:\/\/europeanmannequins.com\/de\/wp-json\/wp\/v2\/types\/product"}],"replies":[{"embeddable":true,"href":"https:\/\/europeanmannequins.com\/de\/wp-json\/wp\/v2\/comments?post=31766"}],"wp:featuredmedia":[{"embeddable":true,"href":"https:\/\/europeanmannequins.com\/de\/wp-json\/wp\/v2\/media\/30314"}],"wp:attachment":[{"href":"https:\/\/europeanmannequins.com\/de\/wp-json\/wp\/v2\/media?parent=31766"}],"wp:term":[{"taxonomy":"product_brand","embeddable":true,"href":"https:\/\/europeanmannequins.com\/de\/wp-json\/wp\/v2\/product_brand?post=31766"},{"taxonomy":"product_cat","embeddable":true,"href":"https:\/\/europeanmannequins.com\/de\/wp-json\/wp\/v2\/product_cat?post=31766"},{"taxonomy":"product_tag","embeddable":true,"href":"https:\/\/europeanmannequins.com\/de\/wp-json\/wp\/v2\/product_tag?post=31766"}],"curies":[{"name":"wp","href":"https:\/\/api.w.org\/{rel}","templated":true}]}}